{"id":54541,"date":"2024-01-17T12:51:59","date_gmt":"2024-01-17T05:51:59","guid":{"rendered":"https:\/\/mouldking.store\/shop\/mould-king-16054-midage-world-log-cabin-with-2192-pieces\/"},"modified":"2024-01-17T12:51:59","modified_gmt":"2024-01-17T05:51:59","slug":"mould-king-16054-midage-world-log-cabin-with-2192-pieces","status":"publish","type":"product","link":"https:\/\/mouldking.store\/vi\/shop\/mould-king-16054-midage-world-log-cabin-with-2192-pieces\/","title":{"rendered":"MOULD KING 16054 Midage World Log Cabin with 2192 Pieces"},"content":{"rendered":"<div>\u2705 Mould King 16054 Midage World Log Cabin<br \/>&nbsp;<br \/>\u2705A log cabin is a type of dwelling or house that is typically constructed with logs as the primary building material. This architectural style has a long history and is associated with various regions, cultures, and historical periods.<br \/>&nbsp;<br \/>\ud83d\udeab QUAN TR\u1eccNG!&nbsp;<br \/>&nbsp;<br \/>Product Name: Midage World Log Cabin<br \/>&nbsp;<br \/>Danh m\u1ee5c: T\u00f2a nh\u00e0 m\u00f4-\u0111un&nbsp;<br \/>&nbsp;<br \/>This Kit Contains: Mould King 16054&nbsp;<br \/>&nbsp;<br \/>2192 pcs Good Quality Bricks&nbsp;<br \/>&nbsp;<br \/>Size: 29.2 \u00d7 24.7 \u00d7 24.9 cm<br \/>&nbsp;<br \/>H\u01b0\u1edbng d\u1eabn th\u1ee7 c\u00f4ng&nbsp;<br \/>&nbsp;<br \/>\ud83d\udcccB\u1ea3n ch\u1ea5t c\u1ee7a nh\u00e2n v\u1eadt ch\u00ednh&nbsp;<br \/>&nbsp;<br \/>Introducing our proud collection named \u201cMidage World Log Cabin\u201d you should not miss.&nbsp;<br \/>&nbsp;<br \/>Log cabins are made from logs, usually timber logs, which are horizontally stacked and interlocked at the corners. The logs are often left exposed on the interior and exterior, giving the cabin a rustic appearance. Log cabins have historical significance, particularly in North America, where they were commonly used by early European settlers. Log cabins were also prevalent in other parts of the world, including Scandinavia and Eastern Europe.<\/div>","protected":false},"excerpt":{"rendered":"<p>Th\u01b0\u01a1ng hi\u1ec7u: VUA KHU\u00d4N<br \/>\nGi\u1edbi t\u00ednh: Unisex<br \/>\n\u0110\u1ed9 tu\u1ed5i: &gt; 14 tu\u1ed5i<br \/>\nModel Number: 16054<br \/>\nPh\u00e2n lo\u1ea1i: T\u1eadp h\u1ee3p<br \/>\nH\u00ecnh d\u1ea1ng kh\u1ed1i nh\u1ef1a: G\u1ea1ch t\u1ef1 kh\u00f3a<br \/>\nCh\u1ea5t li\u1ec7u: Nh\u1ef1a<br \/>\nLo\u1ea1i nh\u1ef1a: ABS<br \/>\nBricks Blocks: 2192 +<br \/>\nKh\u00f4ng c\u00f3 h\u1ed9p ban \u0111\u1ea7u<\/p>","protected":false},"featured_media":54537,"comment_status":"open","ping_status":"closed","template":"","meta":{"_acf_changed":false},"product_cat":[1365,1395,371,390],"product_tag":[11072,8452,3727,13001,392,8802],"class_list":["product","first","instock","shipping-taxable","purchasable","product-type-simple"],"acf":[],"_links":{"self":[{"href":"https:\/\/mouldking.store\/vi\/wp-json\/wp\/v2\/product\/54541","targetHints":{"allow":["GET"]}}],"collection":[{"href":"https:\/\/mouldking.store\/vi\/wp-json\/wp\/v2\/product"}],"about":[{"href":"https:\/\/mouldking.store\/vi\/wp-json\/wp\/v2\/types\/product"}],"replies":[{"embeddable":true,"href":"https:\/\/mouldking.store\/vi\/wp-json\/wp\/v2\/comments?post=54541"}],"wp:featuredmedia":[{"embeddable":true,"href":"https:\/\/mouldking.store\/vi\/wp-json\/wp\/v2\/media\/54537"}],"wp:attachment":[{"href":"https:\/\/mouldking.store\/vi\/wp-json\/wp\/v2\/media?parent=54541"}],"wp:term":[{"taxonomy":"product_cat","embeddable":true,"href":"https:\/\/mouldking.store\/vi\/wp-json\/wp\/v2\/product_cat?post=54541"},{"taxonomy":"product_tag","embeddable":true,"href":"https:\/\/mouldking.store\/vi\/wp-json\/wp\/v2\/product_tag?post=54541"}],"curies":[{"name":"wp","href":"https:\/\/api.w.org\/{rel}","templated":true}]}}