{"id":54680,"date":"2024-02-01T18:50:36","date_gmt":"2024-02-01T11:50:36","guid":{"rendered":"https:\/\/mouldking.store\/shop\/zhegao-00427-hokkaido-port-with-3321-pieces\/"},"modified":"2024-02-01T18:50:42","modified_gmt":"2024-02-01T11:50:42","slug":"zhegao-00427-hokkaido-port-with-3321-pieces","status":"publish","type":"product","link":"https:\/\/mouldking.store\/vi\/shop\/zhegao-00427-hokkaido-port-with-3321-pieces\/","title":{"rendered":"ZHEGAO 00427 Hokkaido Port with 3321 Pieces"},"content":{"rendered":"<div>\u2705 ZHEGAO 00427 Hokkaido Port<br \/>&nbsp;<br \/>\u2705Hokkaido, the northernmost island of Japan, is home to several important ports that serve as vital hubs for transportation, trade, and commerce.&nbsp;<br \/>&nbsp;<br \/>\ud83d\udeab QUAN TR\u1eccNG!&nbsp;<br \/>&nbsp;<br \/>Product Name: Hokkaido Port<br \/>&nbsp;<br \/>Danh m\u1ee5c: T\u00f2a nh\u00e0 m\u00f4-\u0111un<br \/>&nbsp;<br \/>This Kit Contains: ZHEGAO 00427&nbsp;<br \/>&nbsp;<br \/>3321 pcs Good Quality Bricks&nbsp;<br \/>&nbsp;<br \/>Size: 29.6 \u00d7 38.6 \u00d7 19.9 cm<br \/>&nbsp;<br \/>H\u01b0\u1edbng d\u1eabn th\u1ee7 c\u00f4ng&nbsp;<br \/>&nbsp;<br \/>\ud83d\udcccB\u1ea3n ch\u1ea5t c\u1ee7a nh\u00e2n v\u1eadt ch\u00ednh&nbsp;<br \/>&nbsp;<br \/>Introducing our proud collection named \u201cHokkaido Port\u201d you should not miss.&nbsp;<br \/>&nbsp;<br \/>Located in the city of Hakodate on the southern coast of Hokkaido, Hakodate Port is one of the oldest and most historically significant ports in Japan. It played a key role in Japan&#8217;s opening to foreign trade in the 19th century and continues to be an important hub for domestic and international shipping, fishing, and tourism. Hakodate Port offers ferry services to destinations such as Aomori on the main island of Honshu and Otaru on Hokkaido.<\/div>","protected":false},"excerpt":{"rendered":"<p>Th\u01b0\u01a1ng hi\u1ec7u: ZHEGAO<br \/>\nGi\u1edbi t\u00ednh: Unisex<br \/>\n\u0110\u1ed9 tu\u1ed5i: &gt; 6 tu\u1ed5i<br \/>\nModel Number: 00427<br \/>\nPh\u00e2n lo\u1ea1i: T\u1eadp h\u1ee3p<br \/>\nH\u00ecnh d\u1ea1ng kh\u1ed1i nh\u1ef1a: G\u1ea1ch t\u1ef1 kh\u00f3a<br \/>\nCh\u1ea5t li\u1ec7u: Nh\u1ef1a<br \/>\nLo\u1ea1i nh\u1ef1a: ABS<br \/>\nBricks Blocks: 3321 +<br \/>\nKh\u00f4ng c\u00f3 h\u1ed9p ban \u0111\u1ea7u<\/p>","protected":false},"featured_media":54679,"comment_status":"open","ping_status":"closed","template":"","meta":{"_acf_changed":false},"product_cat":[1349,1395,1502,390],"product_tag":[4883,13002,392,12397,11174],"class_list":["product","first","instock","shipping-taxable","purchasable","product-type-simple"],"acf":[],"_links":{"self":[{"href":"https:\/\/mouldking.store\/vi\/wp-json\/wp\/v2\/product\/54680","targetHints":{"allow":["GET"]}}],"collection":[{"href":"https:\/\/mouldking.store\/vi\/wp-json\/wp\/v2\/product"}],"about":[{"href":"https:\/\/mouldking.store\/vi\/wp-json\/wp\/v2\/types\/product"}],"replies":[{"embeddable":true,"href":"https:\/\/mouldking.store\/vi\/wp-json\/wp\/v2\/comments?post=54680"}],"wp:featuredmedia":[{"embeddable":true,"href":"https:\/\/mouldking.store\/vi\/wp-json\/wp\/v2\/media\/54679"}],"wp:attachment":[{"href":"https:\/\/mouldking.store\/vi\/wp-json\/wp\/v2\/media?parent=54680"}],"wp:term":[{"taxonomy":"product_cat","embeddable":true,"href":"https:\/\/mouldking.store\/vi\/wp-json\/wp\/v2\/product_cat?post=54680"},{"taxonomy":"product_tag","embeddable":true,"href":"https:\/\/mouldking.store\/vi\/wp-json\/wp\/v2\/product_tag?post=54680"}],"curies":[{"name":"wp","href":"https:\/\/api.w.org\/{rel}","templated":true}]}}