{"id":54704,"date":"2024-02-01T18:51:49","date_gmt":"2024-02-01T11:51:49","guid":{"rendered":"https:\/\/mouldking.store\/shop\/decool-jisi-20510-three-kingdoms-castle-main-city-with-1283-pieces\/"},"modified":"2024-02-01T18:51:59","modified_gmt":"2024-02-01T11:51:59","slug":"decool-jisi-20510-three-kingdoms-castle-main-city-with-1283-pieces","status":"publish","type":"product","link":"https:\/\/mouldking.store\/vi\/shop\/decool-jisi-20510-three-kingdoms-castle-main-city-with-1283-pieces\/","title":{"rendered":"DECOOL \/ JiSi 20510 Three Kingdoms Castle Main City with 1283 Pieces"},"content":{"rendered":"<div>\u2705 DECOOL 20510 Three Kingdoms Castle Main City<br \/>&nbsp;<br \/>\u2705The Three Kingdoms period in Chinese history, which lasted from 220 to 280 AD, saw the rise and fall of three major states: Wei, Shu, and Wu. While there isn&#8217;t a single &#8220;main city&#8221; that represents the Three Kingdoms Castle, there were several key cities and locations that played significant roles during this period.&nbsp;<br \/>&nbsp;<br \/>\ud83d\udeab QUAN TR\u1eccNG!&nbsp;<br \/>&nbsp;<br \/>Product Name: Three Kingdoms Castle Main City<br \/>&nbsp;<br \/>Danh m\u1ee5c: T\u00f2a nh\u00e0 m\u00f4-\u0111un<br \/>&nbsp;<br \/>This Kit Contains:&nbsp; DECOOL 20510<br \/>&nbsp;<br \/>1283&nbsp; pcs Good Quality Bricks&nbsp;<br \/>&nbsp;<br \/>H\u01b0\u1edbng d\u1eabn th\u1ee7 c\u00f4ng&nbsp;<br \/>&nbsp;<br \/>\ud83d\udcccB\u1ea3n ch\u1ea5t c\u1ee7a nh\u00e2n v\u1eadt ch\u00ednh&nbsp;<br \/>&nbsp;<br \/>Introducing our proud collection named \u201cThree Kingdoms Castle Main City\u201d you should not miss.&nbsp;<br \/>&nbsp;<br \/>As the capital of the Eastern Han Dynasty and later the Wei Dynasty, Luoyang was one of the most important cities during the Three Kingdoms period. It served as the political and cultural center of the Wei state under the rule of Cao Cao and his descendants.&nbsp; Chang&#8217;an, known today as Xi&#8217;an, was the capital of the Western Han Dynasty and later the Shu Han state during the Three Kingdoms period. It was an important city in the struggle between the three kingdoms, serving as the seat of power for the Shu Han ruler Liu Bei and his successors.&nbsp;<\/div>","protected":false},"excerpt":{"rendered":"<p>Th\u01b0\u01a1ng hi\u1ec7u: DECOOL \/ JiSi<br \/>\nGi\u1edbi t\u00ednh: Unisex<br \/>\n\u0110\u1ed9 tu\u1ed5i: &gt; 8 tu\u1ed5i<br \/>\nModel Number: 20510<br \/>\nPh\u00e2n lo\u1ea1i: T\u1eadp h\u1ee3p<br \/>\nH\u00ecnh d\u1ea1ng kh\u1ed1i nh\u1ef1a: G\u1ea1ch t\u1ef1 kh\u00f3a<br \/>\nCh\u1ea5t li\u1ec7u: Nh\u1ef1a<br \/>\nLo\u1ea1i nh\u1ef1a: ABS<br \/>\nBricks Blocks: 1283 +<br \/>\nKh\u00f4ng c\u00f3 h\u1ed9p ban \u0111\u1ea7u<br \/>\nFull set includes DECOOL 20510 X 2PCS + DECOOL 20511 X 4PCS + DECOOL 20512 X 12PCS<\/p>","protected":false},"featured_media":54703,"comment_status":"open","ping_status":"closed","template":"","meta":{"_acf_changed":false},"product_cat":[1395,1502,390],"product_tag":[787,4883,13007,392,13006],"class_list":["product","first","instock","shipping-taxable","purchasable","product-type-simple"],"acf":[],"_links":{"self":[{"href":"https:\/\/mouldking.store\/vi\/wp-json\/wp\/v2\/product\/54704","targetHints":{"allow":["GET"]}}],"collection":[{"href":"https:\/\/mouldking.store\/vi\/wp-json\/wp\/v2\/product"}],"about":[{"href":"https:\/\/mouldking.store\/vi\/wp-json\/wp\/v2\/types\/product"}],"replies":[{"embeddable":true,"href":"https:\/\/mouldking.store\/vi\/wp-json\/wp\/v2\/comments?post=54704"}],"wp:featuredmedia":[{"embeddable":true,"href":"https:\/\/mouldking.store\/vi\/wp-json\/wp\/v2\/media\/54703"}],"wp:attachment":[{"href":"https:\/\/mouldking.store\/vi\/wp-json\/wp\/v2\/media?parent=54704"}],"wp:term":[{"taxonomy":"product_cat","embeddable":true,"href":"https:\/\/mouldking.store\/vi\/wp-json\/wp\/v2\/product_cat?post=54704"},{"taxonomy":"product_tag","embeddable":true,"href":"https:\/\/mouldking.store\/vi\/wp-json\/wp\/v2\/product_tag?post=54704"}],"curies":[{"name":"wp","href":"https:\/\/api.w.org\/{rel}","templated":true}]}}