{"id":54719,"date":"2024-02-01T18:52:08","date_gmt":"2024-02-01T11:52:08","guid":{"rendered":"https:\/\/mouldking.store\/shop\/decool-jisi-20511-three-kingdoms-castle-corner-tower-with-328-pieces\/"},"modified":"2024-02-01T18:52:11","modified_gmt":"2024-02-01T11:52:11","slug":"decool-jisi-20511-three-kingdoms-castle-corner-tower-with-328-pieces","status":"publish","type":"product","link":"https:\/\/mouldking.store\/vi\/shop\/decool-jisi-20511-three-kingdoms-castle-corner-tower-with-328-pieces\/","title":{"rendered":"DECOOL \/ JiSi 20511 Three Kingdoms Castle Corner Tower with 328 Pieces"},"content":{"rendered":"<div>\u2705 DECOOL 20511 Three Kingdoms Castle Corner Tower<br \/>&nbsp;<br \/>\u2705In the context of the Three Kingdoms period in Chinese history, a &#8220;corner tower&#8221; typically refers to a defensive structure found in the architecture of castles, fortifications, and city walls. These corner towers played a crucial role in military defense and strategic planning during this era.&nbsp;<br \/>&nbsp;<br \/>\ud83d\udeab QUAN TR\u1eccNG!&nbsp;<br \/>&nbsp;<br \/>Product Name: Three Kingdoms Castle Corner Tower<br \/>&nbsp;<br \/>Danh m\u1ee5c: T\u00f2a nh\u00e0 m\u00f4-\u0111un<br \/>&nbsp;<br \/>This Kit Contains: DECOOL 20511<br \/>&nbsp;<br \/>328&nbsp; pcs Good Quality Bricks&nbsp;<br \/>&nbsp;<br \/>H\u01b0\u1edbng d\u1eabn th\u1ee7 c\u00f4ng&nbsp;<br \/>&nbsp;<br \/>\ud83d\udcccB\u1ea3n ch\u1ea5t c\u1ee7a nh\u00e2n v\u1eadt ch\u00ednh&nbsp;<br \/>&nbsp;<br \/>Introducing our proud collection named \u201cThree Kingdoms Castle Corner Tower\u201d you should not miss.&nbsp;<br \/>&nbsp;<br \/>The corner tower, also known as a watchtower or bastion, was typically positioned at the corners of castle walls or fortifications. Its design was characterized by sturdy construction, elevated height, and strategic placement to provide a commanding view of the surrounding landscape. This elevated position allowed defenders to observe approaching enemies, monitor the perimeter of the castle, and coordinate defensive efforts.<\/div>","protected":false},"excerpt":{"rendered":"<p>Th\u01b0\u01a1ng hi\u1ec7u: DECOOL \/ JiSi<br \/>\nGi\u1edbi t\u00ednh: Unisex<br \/>\n\u0110\u1ed9 tu\u1ed5i: &gt; 6 tu\u1ed5i<br \/>\nModel Number: 20511<br \/>\nPh\u00e2n lo\u1ea1i: T\u1eadp h\u1ee3p<br \/>\nH\u00ecnh d\u1ea1ng kh\u1ed1i nh\u1ef1a: G\u1ea1ch t\u1ef1 kh\u00f3a<br \/>\nCh\u1ea5t li\u1ec7u: Nh\u1ef1a<br \/>\nLo\u1ea1i nh\u1ef1a: ABS<br \/>\nBricks Blocks: 328 +<br \/>\nKh\u00f4ng c\u00f3 h\u1ed9p ban \u0111\u1ea7u<\/p>","protected":false},"featured_media":54718,"comment_status":"open","ping_status":"closed","template":"","meta":{"_acf_changed":false},"product_cat":[1395,1502,390],"product_tag":[4883,772,13007,392,13006,2302],"class_list":["product","first","instock","shipping-taxable","purchasable","product-type-simple"],"acf":[],"_links":{"self":[{"href":"https:\/\/mouldking.store\/vi\/wp-json\/wp\/v2\/product\/54719","targetHints":{"allow":["GET"]}}],"collection":[{"href":"https:\/\/mouldking.store\/vi\/wp-json\/wp\/v2\/product"}],"about":[{"href":"https:\/\/mouldking.store\/vi\/wp-json\/wp\/v2\/types\/product"}],"replies":[{"embeddable":true,"href":"https:\/\/mouldking.store\/vi\/wp-json\/wp\/v2\/comments?post=54719"}],"wp:featuredmedia":[{"embeddable":true,"href":"https:\/\/mouldking.store\/vi\/wp-json\/wp\/v2\/media\/54718"}],"wp:attachment":[{"href":"https:\/\/mouldking.store\/vi\/wp-json\/wp\/v2\/media?parent=54719"}],"wp:term":[{"taxonomy":"product_cat","embeddable":true,"href":"https:\/\/mouldking.store\/vi\/wp-json\/wp\/v2\/product_cat?post=54719"},{"taxonomy":"product_tag","embeddable":true,"href":"https:\/\/mouldking.store\/vi\/wp-json\/wp\/v2\/product_tag?post=54719"}],"curies":[{"name":"wp","href":"https:\/\/api.w.org\/{rel}","templated":true}]}}