{"id":54723,"date":"2024-02-01T18:52:21","date_gmt":"2024-02-01T11:52:21","guid":{"rendered":"https:\/\/mouldking.store\/shop\/decool-jisi-20512-three-kingdoms-castle-city-wall-with-179-pieces\/"},"modified":"2024-02-01T18:52:25","modified_gmt":"2024-02-01T11:52:25","slug":"decool-jisi-20512-three-kingdoms-castle-city-wall-with-179-pieces","status":"publish","type":"product","link":"https:\/\/mouldking.store\/vi\/shop\/decool-jisi-20512-three-kingdoms-castle-city-wall-with-179-pieces\/","title":{"rendered":"DECOOL \/ JiSi 20512 Three Kingdoms Castle City Wall with 179 Pieces"},"content":{"rendered":"<div>\u2705DECOOL 20512 Three Kingdoms Castle City Wall<br \/>&nbsp;<br \/>\u2705The city walls of the Three Kingdoms period in ancient China were crucial defensive structures that surrounded and protected cities, towns, and important settlements. These walls were built to withstand attacks from invaders, provide security for the populace, and serve as a symbol of authority and strength.<br \/>&nbsp;<br \/>\ud83d\udeab QUAN TR\u1eccNG!&nbsp;<br \/>&nbsp;<br \/>Product Name:&nbsp; Three Kingdoms Castle City Wall<br \/>&nbsp;<br \/>Danh m\u1ee5c: T\u00f2a nh\u00e0 m\u00f4-\u0111un<br \/>&nbsp;<br \/>This Kit Contains: DECOOL 20512<br \/>&nbsp;<br \/>179 pcs Good Quality Bricks&nbsp;<br \/>&nbsp;<br \/>H\u01b0\u1edbng d\u1eabn th\u1ee7 c\u00f4ng&nbsp;<br \/>&nbsp;<br \/>\ud83d\udcccB\u1ea3n ch\u1ea5t c\u1ee7a nh\u00e2n v\u1eadt ch\u00ednh&nbsp;<br \/>&nbsp;<br \/>Introducing our proud collection named \u201cThree Kingdoms Castle City Wall\u201d you should not miss.&nbsp;<br \/>&nbsp;<br \/>City walls during the Three Kingdoms period were typically constructed using rammed earth, brick, stone, and other locally available materials. The walls were built with varying heights, thicknesses, and lengths depending on the strategic importance of the city and the resources available for construction. They were often several meters tall and wide enough for soldiers to walk along the top, allowing for the deployment of defenders and the mounting of defensive weapons.<\/div>","protected":false},"excerpt":{"rendered":"<p>Th\u01b0\u01a1ng hi\u1ec7u: DECOOL \/ JiSi<br \/>\nGi\u1edbi t\u00ednh: Unisex<br \/>\n\u0110\u1ed9 tu\u1ed5i: &gt; 8 tu\u1ed5i<br \/>\nModel Number: 20512<br \/>\nPh\u00e2n lo\u1ea1i: T\u1eadp h\u1ee3p<br \/>\nH\u00ecnh d\u1ea1ng kh\u1ed1i nh\u1ef1a: G\u1ea1ch t\u1ef1 kh\u00f3a<br \/>\nCh\u1ea5t li\u1ec7u: Nh\u1ef1a<br \/>\nLo\u1ea1i nh\u1ef1a: ABS<br \/>\nBricks Blocks: 179 +<br \/>\nKh\u00f4ng c\u00f3 h\u1ed9p ban \u0111\u1ea7u<\/p>","protected":false},"featured_media":54722,"comment_status":"open","ping_status":"closed","template":"","meta":{"_acf_changed":false},"product_cat":[1395,1502,390],"product_tag":[4883,13007,392,13006,9754],"class_list":["product","first","instock","shipping-taxable","purchasable","product-type-simple"],"acf":[],"_links":{"self":[{"href":"https:\/\/mouldking.store\/vi\/wp-json\/wp\/v2\/product\/54723","targetHints":{"allow":["GET"]}}],"collection":[{"href":"https:\/\/mouldking.store\/vi\/wp-json\/wp\/v2\/product"}],"about":[{"href":"https:\/\/mouldking.store\/vi\/wp-json\/wp\/v2\/types\/product"}],"replies":[{"embeddable":true,"href":"https:\/\/mouldking.store\/vi\/wp-json\/wp\/v2\/comments?post=54723"}],"wp:featuredmedia":[{"embeddable":true,"href":"https:\/\/mouldking.store\/vi\/wp-json\/wp\/v2\/media\/54722"}],"wp:attachment":[{"href":"https:\/\/mouldking.store\/vi\/wp-json\/wp\/v2\/media?parent=54723"}],"wp:term":[{"taxonomy":"product_cat","embeddable":true,"href":"https:\/\/mouldking.store\/vi\/wp-json\/wp\/v2\/product_cat?post=54723"},{"taxonomy":"product_tag","embeddable":true,"href":"https:\/\/mouldking.store\/vi\/wp-json\/wp\/v2\/product_tag?post=54723"}],"curies":[{"name":"wp","href":"https:\/\/api.w.org\/{rel}","templated":true}]}}