{"id":54843,"date":"2024-02-01T19:01:11","date_gmt":"2024-02-01T12:01:11","guid":{"rendered":"https:\/\/mouldking.store\/shop\/moc-factory-159932-the-edas-owl-house-with-4050-pieces\/"},"modified":"2025-12-16T20:59:15","modified_gmt":"2025-12-16T13:59:15","slug":"moc-factory-159932-the-edas-owl-house-with-4050-pieces","status":"publish","type":"product","link":"https:\/\/mouldking.store\/vi\/shop\/moc-factory-159932-the-edas-owl-house-with-4050-pieces\/","title":{"rendered":"MOC Factory 159932 The Eda&#8217;s Owl House with 4050 Pieces"},"content":{"rendered":"<div>\u2705 MOC-159932 The Eda&#8217;s Owl House<\/p>\n<p>\u2705&#8221;The Owl House&#8221; is an animated fantasy television series created by Dana Terrace for Disney Channel and Disney XD. The show follows the adventures of Luz Noceda, a teenage girl who stumbles upon a magical realm and befriends a rebellious witch named Eda Clawthorne and a tiny warrior named King. Eda&#8217;s residence, known as &#8220;The Owl House,&#8221; serves as the central setting for much of the series&#8217; action and character interactions.<\/p>\n<p>\ud83d\udeab QUAN TR\u1eccNG!<\/p>\n<p>Product Name: The Eda&#8217;s Owl House<\/p>\n<p>Danh m\u1ee5c: T\u00f2a nh\u00e0 m\u00f4-\u0111un<\/p>\n<p>This Kit Contains: C9846<\/p>\n<p>4050 pcs Good Quality Bricks<\/p>\n<p>Size: 33.7 x 32.8 x 29.8 cm<\/p>\n<p>Weight: 2.5909 kg<\/p>\n<p>H\u01b0\u1edbng d\u1eabn PDF<\/p>\n<p>\ud83d\udcccB\u1ea3n ch\u1ea5t c\u1ee7a nh\u00e2n v\u1eadt ch\u00ednh<\/p>\n<p>Introducing our proud collection named \u201cThe Eda&#8217;s Owl House\u201d you should not miss.<\/p>\n<p>The Owl House is a mysterious and eccentric-looking building nestled in the Boiling Isles, a realm filled with magical creatures and fantastical landscapes. It has a whimsical, somewhat dilapidated appearance, resembling a mix between a cozy cottage and a spooky mansion. The exterior features curved roofs, twisted chimneys, and intricate carvings, giving it an otherworldly and enchanting vibe. Inside the Owl House, the decor is just as eclectic as its exterior. The interior is filled with various magical artifacts, curious trinkets, and arcane objects collected by Eda throughout her adventures. The living spaces are cozy and cluttered, with mismatched furniture and colorful tapestries adding to the quirky atmosphere.<\/p><\/div>","protected":false},"excerpt":{"rendered":"<p>Th\u01b0\u01a1ng hi\u1ec7u: Nh\u00e0 m\u00e1y M\u1ed8C<br \/>\nGi\u1edbi t\u00ednh: Unisex<br \/>\n\u0110\u1ed9 tu\u1ed5i: &gt; 6 tu\u1ed5i<br \/>\nModel Number: 159932<br \/>\nPh\u00e2n lo\u1ea1i: T\u1eadp h\u1ee3p<br \/>\nH\u00ecnh d\u1ea1ng kh\u1ed1i nh\u1ef1a: G\u1ea1ch t\u1ef1 kh\u00f3a<br \/>\nCh\u1ea5t li\u1ec7u: Nh\u1ef1a<br \/>\nLo\u1ea1i nh\u1ef1a: ABS<br \/>\nBricks Blocks: 4050 +<br \/>\nKh\u00f4ng c\u00f3 h\u1ed9p ban \u0111\u1ea7u<\/p>","protected":false},"featured_media":54840,"comment_status":"open","ping_status":"closed","template":"","meta":{"_acf_changed":false},"product_cat":[1365,1395,371,390,581,1408],"product_tag":[11072,8452,13014,2318,392,434,12105],"class_list":["product","first","instock","shipping-taxable","purchasable","product-type-simple"],"acf":[],"_links":{"self":[{"href":"https:\/\/mouldking.store\/vi\/wp-json\/wp\/v2\/product\/54843","targetHints":{"allow":["GET"]}}],"collection":[{"href":"https:\/\/mouldking.store\/vi\/wp-json\/wp\/v2\/product"}],"about":[{"href":"https:\/\/mouldking.store\/vi\/wp-json\/wp\/v2\/types\/product"}],"replies":[{"embeddable":true,"href":"https:\/\/mouldking.store\/vi\/wp-json\/wp\/v2\/comments?post=54843"}],"wp:featuredmedia":[{"embeddable":true,"href":"https:\/\/mouldking.store\/vi\/wp-json\/wp\/v2\/media\/54840"}],"wp:attachment":[{"href":"https:\/\/mouldking.store\/vi\/wp-json\/wp\/v2\/media?parent=54843"}],"wp:term":[{"taxonomy":"product_cat","embeddable":true,"href":"https:\/\/mouldking.store\/vi\/wp-json\/wp\/v2\/product_cat?post=54843"},{"taxonomy":"product_tag","embeddable":true,"href":"https:\/\/mouldking.store\/vi\/wp-json\/wp\/v2\/product_tag?post=54843"}],"curies":[{"name":"wp","href":"https:\/\/api.w.org\/{rel}","templated":true}]}}