{"id":54868,"date":"2024-02-01T19:02:15","date_gmt":"2024-02-01T12:02:15","guid":{"rendered":"https:\/\/mouldking.store\/shop\/funwhole-f9022-lookout-campground-with-1426-pieces\/"},"modified":"2024-02-01T19:02:23","modified_gmt":"2024-02-01T12:02:23","slug":"funwhole-f9022-lookout-campground-with-1426-pieces","status":"publish","type":"product","link":"https:\/\/mouldking.store\/vi\/shop\/funwhole-f9022-lookout-campground-with-1426-pieces\/","title":{"rendered":"FunWhole F9022 Lookout Campground with 1426 Pieces"},"content":{"rendered":"<div>\u2705 FunWhole F9022 Lookout Campground<br \/>&nbsp;<br \/>\u2705Lookout Campground is situated in a picturesque setting, likely in a natural area such as a forest, mountainside, or near a body of water. Its name implies that it offers expansive views from a high vantage point, allowing campers to enjoy panoramic vistas of the surrounding scenery.<br \/>&nbsp;<br \/>\ud83d\udeab QUAN TR\u1eccNG!&nbsp;<br \/>&nbsp;<br \/>Product Name: Lookout Campground<br \/>&nbsp;<br \/>Danh m\u1ee5c: T\u00f2a nh\u00e0 m\u00f4-\u0111un<br \/>&nbsp;<br \/>This Kit Contains: FunWhole F9022<br \/>&nbsp;<br \/>1426 pcs Good Quality Bricks&nbsp;<br \/>&nbsp;<br \/>Size: 28.5 \u00d7 25.6 \u00d7 35 cm<br \/>&nbsp;<br \/>H\u01b0\u1edbng d\u1eabn th\u1ee7 c\u00f4ng&nbsp;<br \/>&nbsp;<br \/>\ud83d\udcccB\u1ea3n ch\u1ea5t c\u1ee7a nh\u00e2n v\u1eadt ch\u00ednh&nbsp;<br \/>&nbsp;<br \/>Introducing our proud collection named \u201cLookout Campground\u201d you should not miss.&nbsp;<br \/>&nbsp;<br \/>Campers at Lookout Campground have access to a variety of outdoor activities to explore the surrounding wilderness. This might include hiking trails leading to nearby viewpoints or natural attractions, birdwatching, fishing in nearby streams or lakes, photography, and simply relaxing in the tranquility of nature. The atmosphere at Lookout Campground is likely peaceful and serene, offering a respite from the hustle and bustle of everyday life. Campers can expect to unwind and connect with nature, listening to the sounds of wildlife and breathing in the fresh mountain air. The campground may also foster a sense of community among campers, with opportunities for shared experiences around the campfire.<\/div>","protected":false},"excerpt":{"rendered":"<p>Brand: FunWhole<br \/>\nGi\u1edbi t\u00ednh: Unisex<br \/>\n\u0110\u1ed9 tu\u1ed5i: &gt; 14 tu\u1ed5i<br \/>\nModel Number: F9022<br \/>\nPh\u00e2n lo\u1ea1i: T\u1eadp h\u1ee3p<br \/>\nH\u00ecnh d\u1ea1ng kh\u1ed1i nh\u1ef1a: G\u1ea1ch t\u1ef1 kh\u00f3a<br \/>\nCh\u1ea5t li\u1ec7u: Nh\u1ef1a<br \/>\nLo\u1ea1i nh\u1ef1a: ABS<br \/>\nBricks Blocks: 1426 +<br \/>\nKh\u00f4ng c\u00f3 h\u1ed9p ban \u0111\u1ea7u<\/p>","protected":false},"featured_media":54867,"comment_status":"open","ping_status":"closed","template":"","meta":{"_acf_changed":false},"product_cat":[1395,1502,390],"product_tag":[10933,4883,13020,392],"class_list":["product","first","instock","shipping-taxable","purchasable","product-type-simple"],"acf":[],"_links":{"self":[{"href":"https:\/\/mouldking.store\/vi\/wp-json\/wp\/v2\/product\/54868","targetHints":{"allow":["GET"]}}],"collection":[{"href":"https:\/\/mouldking.store\/vi\/wp-json\/wp\/v2\/product"}],"about":[{"href":"https:\/\/mouldking.store\/vi\/wp-json\/wp\/v2\/types\/product"}],"replies":[{"embeddable":true,"href":"https:\/\/mouldking.store\/vi\/wp-json\/wp\/v2\/comments?post=54868"}],"wp:featuredmedia":[{"embeddable":true,"href":"https:\/\/mouldking.store\/vi\/wp-json\/wp\/v2\/media\/54867"}],"wp:attachment":[{"href":"https:\/\/mouldking.store\/vi\/wp-json\/wp\/v2\/media?parent=54868"}],"wp:term":[{"taxonomy":"product_cat","embeddable":true,"href":"https:\/\/mouldking.store\/vi\/wp-json\/wp\/v2\/product_cat?post=54868"},{"taxonomy":"product_tag","embeddable":true,"href":"https:\/\/mouldking.store\/vi\/wp-json\/wp\/v2\/product_tag?post=54868"}],"curies":[{"name":"wp","href":"https:\/\/api.w.org\/{rel}","templated":true}]}}