{"id":54979,"date":"2024-02-06T18:26:50","date_gmt":"2024-02-06T11:26:50","guid":{"rendered":"https:\/\/mouldking.store\/shop\/loz-1955-new-year-roast-duck-restaurant-with-1416-pieces\/"},"modified":"2024-02-06T18:26:58","modified_gmt":"2024-02-06T11:26:58","slug":"loz-1955-new-year-roast-duck-restaurant-with-1416-pieces","status":"publish","type":"product","link":"https:\/\/mouldking.store\/vi\/shop\/loz-1955-new-year-roast-duck-restaurant-with-1416-pieces\/","title":{"rendered":"LOZ 1955 New Year Roast Duck Restaurant with 1416 Pieces"},"content":{"rendered":"<div>\u2705 LOZ 1955 New Year Roast Duck Restaurant<br \/>&nbsp;<br \/>\u2705A New Year Roast Duck Restaurant sounds like a fantastic place to celebrate the arrival of the new year with delicious food and festive ambiance.<br \/>&nbsp;<br \/>\ud83d\udeab QUAN TR\u1eccNG!&nbsp;<br \/>&nbsp;<br \/>Product Name: New Year Roast Duck Restaurant<br \/>&nbsp;<br \/>Danh m\u1ee5c: T\u00f2a nh\u00e0 m\u00f4-\u0111un<br \/>&nbsp;<br \/>This Kit Contains:&nbsp; LOZ 1955<br \/>&nbsp;<br \/>1416 pcs Good Quality Bricks&nbsp;<br \/>&nbsp;<br \/>H\u01b0\u1edbng d\u1eabn th\u1ee7 c\u00f4ng&nbsp;<br \/>&nbsp;<br \/>\ud83d\udcccB\u1ea3n ch\u1ea5t c\u1ee7a nh\u00e2n v\u1eadt ch\u00ednh&nbsp;<br \/>&nbsp;<br \/>Introducing our proud collection named \u201cNew Year Roast Duck Restaurant\u201d you should not miss.&nbsp;<br \/>&nbsp;<br \/>The centerpiece of the restaurant&#8217;s menu is its signature roast duck dish, prepared using traditional Chinese roasting techniques to achieve crispy skin and succulent meat. The roast duck could be served whole or in slices, accompanied by a variety of condiments and side dishes. The restaurant is adorned with festive decorations to celebrate the new year, such as red lanterns, paper cutouts, and banners bearing auspicious phrases and symbols. The ambiance is lively and spirited, with music, laughter, and the clinking of glasses filling the air.<\/div>","protected":false},"excerpt":{"rendered":"<p>Th\u01b0\u01a1ng hi\u1ec7u: LOZ<br \/>\nGi\u1edbi t\u00ednh: Unisex<br \/>\nAge Range: &gt; 10 years old<br \/>\nModel Number: 1955<br \/>\nPh\u00e2n lo\u1ea1i: T\u1eadp h\u1ee3p<br \/>\nH\u00ecnh d\u1ea1ng kh\u1ed1i nh\u1ef1a: G\u1ea1ch t\u1ef1 kh\u00f3a<br \/>\nCh\u1ea5t li\u1ec7u: Nh\u1ef1a<br \/>\nLo\u1ea1i nh\u1ef1a: ABS<br \/>\nBricks Blocks: 1416 +<br \/>\nKh\u00f4ng c\u00f3 h\u1ed9p ban \u0111\u1ea7u<\/p>","protected":false},"featured_media":54978,"comment_status":"open","ping_status":"closed","template":"","meta":{"_acf_changed":false},"product_cat":[1395,1502,390],"product_tag":[6462,12652,4883,11076,11077,392,2870,11074,12653],"class_list":["product","first","instock","shipping-taxable","purchasable","product-type-simple"],"acf":[],"_links":{"self":[{"href":"https:\/\/mouldking.store\/vi\/wp-json\/wp\/v2\/product\/54979","targetHints":{"allow":["GET"]}}],"collection":[{"href":"https:\/\/mouldking.store\/vi\/wp-json\/wp\/v2\/product"}],"about":[{"href":"https:\/\/mouldking.store\/vi\/wp-json\/wp\/v2\/types\/product"}],"replies":[{"embeddable":true,"href":"https:\/\/mouldking.store\/vi\/wp-json\/wp\/v2\/comments?post=54979"}],"wp:featuredmedia":[{"embeddable":true,"href":"https:\/\/mouldking.store\/vi\/wp-json\/wp\/v2\/media\/54978"}],"wp:attachment":[{"href":"https:\/\/mouldking.store\/vi\/wp-json\/wp\/v2\/media?parent=54979"}],"wp:term":[{"taxonomy":"product_cat","embeddable":true,"href":"https:\/\/mouldking.store\/vi\/wp-json\/wp\/v2\/product_cat?post=54979"},{"taxonomy":"product_tag","embeddable":true,"href":"https:\/\/mouldking.store\/vi\/wp-json\/wp\/v2\/product_tag?post=54979"}],"curies":[{"name":"wp","href":"https:\/\/api.w.org\/{rel}","templated":true}]}}