{"id":55061,"date":"2024-02-06T18:29:39","date_gmt":"2024-02-06T11:29:39","guid":{"rendered":"https:\/\/mouldking.store\/shop\/wange-6226-neushwanstein-castle-with-1969-pieces\/"},"modified":"2024-02-06T18:29:44","modified_gmt":"2024-02-06T11:29:44","slug":"wange-6226-neushwanstein-castle-with-1969-pieces","status":"publish","type":"product","link":"https:\/\/mouldking.store\/vi\/shop\/wange-6226-neushwanstein-castle-with-1969-pieces\/","title":{"rendered":"WANGE 6226 Neushwanstein Castle with 1969 Pieces"},"content":{"rendered":"<div>\u2705WANGE 6226 Neushwanstein Castle<br \/>&nbsp;<br \/>\u2705Neuschwanstein Castle is a magnificent and iconic castle located in the Bavarian Alps of Germany. Renowned for its fairy-tale appearance and stunning hilltop setting, Neuschwanstein Castle is one of the most popular tourist attractions in Germany.&nbsp;<br \/>&nbsp;<br \/>\ud83d\udeab QUAN TR\u1eccNG!&nbsp;<br \/>&nbsp;<br \/>Product Name: Neushwanstein Castle<br \/>&nbsp;<br \/>Danh m\u1ee5c: T\u00f2a nh\u00e0 m\u00f4-\u0111un<\/p>\n<p>This kit contains: WANGE 6226<br \/>&nbsp;<br \/>1969 pcs Good Quality Bricks&nbsp;<br \/>&nbsp;<br \/>Size: 56 \u00d7 27.1 \u00d7 30.4 cm<br \/>&nbsp;<br \/>H\u01b0\u1edbng d\u1eabn th\u1ee7 c\u00f4ng&nbsp;<br \/>&nbsp;<br \/>\ud83d\udcccB\u1ea3n ch\u1ea5t c\u1ee7a nh\u00e2n v\u1eadt ch\u00ednh&nbsp;<br \/>&nbsp;<br \/>Introducing our proud collection named \u201cNeushwanstein Castle\u201d you should not miss.&nbsp;<br \/>&nbsp;<br \/>Neuschwanstein Castle is a masterpiece of Romantic architecture, designed in the 19th century by King Ludwig II of Bavaria. The castle&#8217;s design was inspired by medieval German castles and romanticized interpretations of the Middle Ages, with towers, turrets, and ornate facades reminiscent of fairy-tale palaces. The castle is perched atop a rugged hill overlooking the village of Hohenschwangau near the town of F\u00fcssen in southwest Bavaria. Its picturesque setting amidst the rolling hills and dense forests of the Bavarian Alps adds to its charm and allure.<\/div>","protected":false},"excerpt":{"rendered":"<p>Th\u01b0\u01a1ng hi\u1ec7u: WANGE<br \/>\nGi\u1edbi t\u00ednh: Unisex<br \/>\n\u0110\u1ed9 tu\u1ed5i: &gt; 6 tu\u1ed5i<br \/>\nS\u1ed1 m\u00f4 h\u00ecnh: 6226<br \/>\nPh\u00e2n lo\u1ea1i: T\u1eadp h\u1ee3p<br \/>\nH\u00ecnh d\u1ea1ng kh\u1ed1i nh\u1ef1a: G\u1ea1ch t\u1ef1 kh\u00f3a<br \/>\nCh\u1ea5t li\u1ec7u: Nh\u1ef1a<br \/>\nLo\u1ea1i nh\u1ef1a: ABS<br \/>\nBricks Blocks: 1969 +<br \/>\nKh\u00f4ng c\u00f3 h\u1ed9p ban \u0111\u1ea7u<\/p>","protected":false},"featured_media":55059,"comment_status":"open","ping_status":"closed","template":"","meta":{"_acf_changed":false},"product_cat":[1365,1395,1502,390],"product_tag":[787,4883,11601,392,13031],"class_list":["product","first","instock","shipping-taxable","purchasable","product-type-simple"],"acf":[],"_links":{"self":[{"href":"https:\/\/mouldking.store\/vi\/wp-json\/wp\/v2\/product\/55061","targetHints":{"allow":["GET"]}}],"collection":[{"href":"https:\/\/mouldking.store\/vi\/wp-json\/wp\/v2\/product"}],"about":[{"href":"https:\/\/mouldking.store\/vi\/wp-json\/wp\/v2\/types\/product"}],"replies":[{"embeddable":true,"href":"https:\/\/mouldking.store\/vi\/wp-json\/wp\/v2\/comments?post=55061"}],"wp:featuredmedia":[{"embeddable":true,"href":"https:\/\/mouldking.store\/vi\/wp-json\/wp\/v2\/media\/55059"}],"wp:attachment":[{"href":"https:\/\/mouldking.store\/vi\/wp-json\/wp\/v2\/media?parent=55061"}],"wp:term":[{"taxonomy":"product_cat","embeddable":true,"href":"https:\/\/mouldking.store\/vi\/wp-json\/wp\/v2\/product_cat?post=55061"},{"taxonomy":"product_tag","embeddable":true,"href":"https:\/\/mouldking.store\/vi\/wp-json\/wp\/v2\/product_tag?post=55061"}],"curies":[{"name":"wp","href":"https:\/\/api.w.org\/{rel}","templated":true}]}}