{"id":55074,"date":"2024-02-06T18:30:39","date_gmt":"2024-02-06T11:30:39","guid":{"rendered":"https:\/\/mouldking.store\/shop\/wgc-66032-mysterious-town-with-1868-pieces\/"},"modified":"2024-02-06T18:30:41","modified_gmt":"2024-02-06T11:30:41","slug":"wgc-66032-mysterious-town-with-1868-pieces","status":"publish","type":"product","link":"https:\/\/mouldking.store\/vi\/shop\/wgc-66032-mysterious-town-with-1868-pieces\/","title":{"rendered":"WGC 66032 Mysterious Town with 1868 Pieces"},"content":{"rendered":"<div>\u2705 WGC 66032 Mysterious Town<br \/>&nbsp;<br \/>\u2705The &#8220;Spirited Away Aburaya Yubaba Hot Spring Resort&#8221; evokes imagery from the iconic Japanese animated film &#8220;Spirited Away,&#8221; directed by Hayao Miyazaki. In the film, the Aburaya Yubaba is a hot spring resort owned by the powerful witch Yubaba, where various spirits come to relax and rejuvenate.<br \/>&nbsp;<br \/>\ud83d\udeab QUAN TR\u1eccNG!&nbsp;<br \/>&nbsp;<br \/>Product Name: Mysterious Town<br \/>&nbsp;<br \/>Danh m\u1ee5c: T\u00f2a nh\u00e0 m\u00f4-\u0111un<br \/>&nbsp;<br \/>This Kit Contains:&nbsp; WGC 66032<br \/>&nbsp;<br \/>1868 pcs Good Quality Bricks&nbsp;<br \/>&nbsp;<br \/>Size: 24 \u00d7 20 \u00d7 40 cm<br \/>&nbsp;<br \/>H\u01b0\u1edbng d\u1eabn th\u1ee7 c\u00f4ng&nbsp;<br \/>&nbsp;<br \/>\ud83d\udcccB\u1ea3n ch\u1ea5t c\u1ee7a nh\u00e2n v\u1eadt ch\u00ednh&nbsp;<br \/>&nbsp;<br \/>Introducing our proud collection named \u201cMysterious Town\u201d you should not miss.&nbsp;<br \/>&nbsp;<br \/>The Aburaya Yubaba Hot Spring Resort would be nestled in a secluded and mystical location, surrounded by lush forests, cascading waterfalls, and serene landscapes reminiscent of the fantastical settings depicted in &#8220;Spirited Away.&#8221; The resort&#8217;s buildings would feature traditional Japanese architecture, with elements such as wooden structures, paper sliding doors (shoji), tatami mat flooring, and gently sloping roofs adorned with intricate tilework. The design would blend harmoniously with the natural surroundings, creating an atmosphere of tranquility and serenity.<\/div>","protected":false},"excerpt":{"rendered":"<p>Brand: WGC<br \/>\nGi\u1edbi t\u00ednh: Unisex<br \/>\n\u0110\u1ed9 tu\u1ed5i: &gt; 12 tu\u1ed5i<br \/>\nModel Number: 66032<br \/>\nPh\u00e2n lo\u1ea1i: T\u1eadp h\u1ee3p<br \/>\nH\u00ecnh d\u1ea1ng kh\u1ed1i nh\u1ef1a: G\u1ea1ch t\u1ef1 kh\u00f3a<br \/>\nCh\u1ea5t li\u1ec7u: Nh\u1ef1a<br \/>\nLo\u1ea1i nh\u1ef1a: ABS<br \/>\nBricks Blocks: 1868 +<br \/>\nKh\u00f4ng c\u00f3 h\u1ed9p ban \u0111\u1ea7u<\/p>","protected":false},"featured_media":55073,"comment_status":"open","ping_status":"closed","template":"","meta":{"_acf_changed":false},"product_cat":[1395,1502,390,581,1408],"product_tag":[4883,392,434,13033,13035,13034],"class_list":["product","first","instock","shipping-taxable","purchasable","product-type-simple"],"acf":[],"_links":{"self":[{"href":"https:\/\/mouldking.store\/vi\/wp-json\/wp\/v2\/product\/55074","targetHints":{"allow":["GET"]}}],"collection":[{"href":"https:\/\/mouldking.store\/vi\/wp-json\/wp\/v2\/product"}],"about":[{"href":"https:\/\/mouldking.store\/vi\/wp-json\/wp\/v2\/types\/product"}],"replies":[{"embeddable":true,"href":"https:\/\/mouldking.store\/vi\/wp-json\/wp\/v2\/comments?post=55074"}],"wp:featuredmedia":[{"embeddable":true,"href":"https:\/\/mouldking.store\/vi\/wp-json\/wp\/v2\/media\/55073"}],"wp:attachment":[{"href":"https:\/\/mouldking.store\/vi\/wp-json\/wp\/v2\/media?parent=55074"}],"wp:term":[{"taxonomy":"product_cat","embeddable":true,"href":"https:\/\/mouldking.store\/vi\/wp-json\/wp\/v2\/product_cat?post=55074"},{"taxonomy":"product_tag","embeddable":true,"href":"https:\/\/mouldking.store\/vi\/wp-json\/wp\/v2\/product_tag?post=55074"}],"curies":[{"name":"wp","href":"https:\/\/api.w.org\/{rel}","templated":true}]}}