{"id":55249,"date":"2024-02-20T19:03:39","date_gmt":"2024-02-20T12:03:39","guid":{"rendered":"https:\/\/mouldking.store\/shop\/wgc-66034-acropolls-in-athens-with-1988-pieces\/"},"modified":"2024-02-20T19:03:47","modified_gmt":"2024-02-20T12:03:47","slug":"wgc-66034-acropolls-in-athens-with-1988-pieces","status":"publish","type":"product","link":"https:\/\/mouldking.store\/vi\/shop\/wgc-66034-acropolls-in-athens-with-1988-pieces\/","title":{"rendered":"WGC 66034 Acropolls In Athens with 1988 Pieces"},"content":{"rendered":"<div>\u2705WGC 66034 Acropolls In Athens<br \/>&nbsp;<br \/>\u2705The Acropolis of Athens is one of the most iconic landmarks in Greece and a symbol of ancient Greek civilization. Perched high above the city of Athens, the Acropolis is a rocky outcrop crowned with magnificent structures, including the Parthenon, the Erechtheion, the Temple of Athena Nike, and the Propylaea.<br \/>&nbsp;<br \/>\ud83d\udeab QUAN TR\u1eccNG!&nbsp;<br \/>&nbsp;<br \/>Product Name: Acropolls In Athens<br \/>&nbsp;<br \/>Danh m\u1ee5c: T\u00f2a nh\u00e0 m\u00f4-\u0111un<br \/>&nbsp;<br \/>This Kit Contains: WGC 66034<br \/>&nbsp;<br \/>1988 pcs Good Quality Bricks&nbsp;<br \/>&nbsp;<br \/>Size: 35 \u00d7 32 \u00d7 16.5 cm<br \/>&nbsp;<br \/>H\u01b0\u1edbng d\u1eabn th\u1ee7 c\u00f4ng&nbsp;<br \/>&nbsp;<br \/>\ud83d\udcccB\u1ea3n ch\u1ea5t c\u1ee7a nh\u00e2n v\u1eadt ch\u00ednh&nbsp;<br \/>&nbsp;<br \/>Introducing our proud collection named \u201cAcropolls In Athens\u201d you should not miss.&nbsp;<br \/>&nbsp;<br \/>The Parthenon is perhaps the most famous building on the Acropolis. It was constructed in the 5th century BCE as a temple dedicated to the goddess Athena, the patron deity of Athens. The Parthenon is renowned for its architectural perfection and elaborate decorative features, including its iconic columns and intricate sculptures.&nbsp; Located on the north side of the Acropolis, the Erechtheion is another ancient temple dedicated to various gods and heroes, including Athena and Poseidon. Its most notable feature is the Porch of the Caryatids, a row of six female statues serving as columns.<\/div>","protected":false},"excerpt":{"rendered":"<p>Brand: WGC<br \/>\nGi\u1edbi t\u00ednh: Unisex<br \/>\n\u0110\u1ed9 tu\u1ed5i: &gt; 8 tu\u1ed5i<br \/>\nModel Number: 66034<br \/>\nPh\u00e2n lo\u1ea1i: T\u1eadp h\u1ee3p<br \/>\nH\u00ecnh d\u1ea1ng kh\u1ed1i nh\u1ef1a: G\u1ea1ch t\u1ef1 kh\u00f3a<br \/>\nCh\u1ea5t li\u1ec7u: Nh\u1ef1a<br \/>\nLo\u1ea1i nh\u1ef1a: ABS<br \/>\nBricks Blocks: 1988 +<br \/>\nKh\u00f4ng c\u00f3 h\u1ed9p ban \u0111\u1ea7u<\/p>","protected":false},"featured_media":55248,"comment_status":"open","ping_status":"closed","template":"","meta":{"_acf_changed":false},"product_cat":[1365,1395,371,390],"product_tag":[13045,13046,11072,8452,11601,392],"class_list":["product","first","instock","shipping-taxable","purchasable","product-type-simple"],"acf":[],"_links":{"self":[{"href":"https:\/\/mouldking.store\/vi\/wp-json\/wp\/v2\/product\/55249","targetHints":{"allow":["GET"]}}],"collection":[{"href":"https:\/\/mouldking.store\/vi\/wp-json\/wp\/v2\/product"}],"about":[{"href":"https:\/\/mouldking.store\/vi\/wp-json\/wp\/v2\/types\/product"}],"replies":[{"embeddable":true,"href":"https:\/\/mouldking.store\/vi\/wp-json\/wp\/v2\/comments?post=55249"}],"wp:featuredmedia":[{"embeddable":true,"href":"https:\/\/mouldking.store\/vi\/wp-json\/wp\/v2\/media\/55248"}],"wp:attachment":[{"href":"https:\/\/mouldking.store\/vi\/wp-json\/wp\/v2\/media?parent=55249"}],"wp:term":[{"taxonomy":"product_cat","embeddable":true,"href":"https:\/\/mouldking.store\/vi\/wp-json\/wp\/v2\/product_cat?post=55249"},{"taxonomy":"product_tag","embeddable":true,"href":"https:\/\/mouldking.store\/vi\/wp-json\/wp\/v2\/product_tag?post=55249"}],"curies":[{"name":"wp","href":"https:\/\/api.w.org\/{rel}","templated":true}]}}