{"id":55298,"date":"2024-02-20T19:05:43","date_gmt":"2024-02-20T12:05:43","guid":{"rendered":"https:\/\/mouldking.store\/shop\/zhegao-982005-pirate-ship-black-hawk-with-1352-pieces\/"},"modified":"2024-02-20T19:05:47","modified_gmt":"2024-02-20T12:05:47","slug":"zhegao-982005-pirate-ship-black-hawk-with-1352-pieces","status":"publish","type":"product","link":"https:\/\/mouldking.store\/vi\/shop\/zhegao-982005-pirate-ship-black-hawk-with-1352-pieces\/","title":{"rendered":"ZHEGAO 982005 T\u00e0u c\u01b0\u1edbp bi\u1ec3n Black Hawk v\u1edbi 1352 m\u1ea3nh gh\u00e9p"},"content":{"rendered":"<div>\u2705 ZHEGAO 982005 T\u00e0u c\u01b0\u1edbp bi\u1ec3n Black Hawk<br \/>&nbsp;<br \/>\u2705Ch\u00e0o m\u1eebng \u0111\u1ebfn v\u1edbi T\u00e0u C\u01b0\u1edbp Bi\u1ec3n Black Hawk, m\u1ed9t con t\u00e0u kinh ho\u00e0ng kh\u1eafp b\u1ea3y \u0111\u1ea1i d\u01b0\u01a1ng b\u1edfi t\u1ed1c \u0111\u1ed9 v\u00f4 song v\u00e0 th\u1ee7y th\u1ee7 \u0111o\u00e0n t\u00e0n nh\u1eabn. V\u1edbi nh\u1eefng c\u00e1nh bu\u1ed3m \u0111en b\u00f3ng b\u1ea9y ph\u1ea5p ph\u1edbi trong gi\u00f3 v\u00e0 nh\u1eefng kh\u1ea9u \u0111\u1ea1i b\u00e1c s\u1eb5n s\u00e0ng khai h\u1ecfa, Black Hawk gieo r\u1eafc n\u1ed7i s\u1ee3 h\u00e3i v\u00e0o tr\u00e1i tim c\u1ee7a b\u1ea5t k\u1ef3 ai d\u00e1m ngang qua.<\/p>\n<p>\ud83d\udeab QUAN TR\u1eccNG!&nbsp;<br \/>&nbsp;<br \/>T\u00ean s\u1ea3n ph\u1ea9m: T\u00e0u c\u01b0\u1edbp bi\u1ec3n Black Hawk<br \/>&nbsp;<br \/>Danh m\u1ee5c: K\u1ef9 thu\u1eadt<br \/>&nbsp;<br \/>B\u1ed9 s\u1ea3n ph\u1ea9m n\u00e0y ch\u1ee9a: ZHEGAO 982005<br \/>&nbsp;<br \/>1352 vi\u00ean g\u1ea1ch ch\u1ea5t l\u01b0\u1ee3ng t\u1ed1t&nbsp;<br \/>&nbsp;<br \/>H\u01b0\u1edbng d\u1eabn th\u1ee7 c\u00f4ng&nbsp;<br \/>&nbsp;<br \/>\ud83d\udcccB\u1ea3n ch\u1ea5t c\u1ee7a nh\u00e2n v\u1eadt ch\u00ednh&nbsp;<br \/>&nbsp;<br \/>Xin gi\u1edbi thi\u1ec7u b\u1ed9 s\u01b0u t\u1eadp \u0111\u00e1ng t\u1ef1 h\u00e0o c\u1ee7a ch\u00fang t\u00f4i mang t\u00ean \u201cT\u00e0u c\u01b0\u1edbp bi\u1ec3n Black Hawk\u201d m\u00e0 b\u1ea1n kh\u00f4ng n\u00ean b\u1ecf l\u1ee1.&nbsp;<br \/>&nbsp;<br \/>D\u01b0\u1edbi s\u1ef1 ch\u1ec9 huy c\u1ee7a thuy\u1ec1n tr\u01b0\u1edfng R\u00e2u \u0110en kh\u00e9t ti\u1ebfng, m\u1ed9t t\u00ean c\u01b0\u1edbp bi\u1ec3n l\u1eebng danh v\u1edbi nh\u1eefng th\u00e0nh t\u00edch l\u1eebng l\u1eaby, th\u1ee7y th\u1ee7 \u0111o\u00e0n c\u1ee7a Black Hawk qu\u1ea3 l\u00e0 \u0111\u00e1ng g\u1eddm. M\u1ed7i th\u00e0nh vi\u00ean \u0111\u1ec1u l\u00e0 nh\u1eefng t\u00ean c\u01b0\u1edbp bi\u1ec3n l\u00e3o luy\u1ec7n, th\u00e0nh th\u1ea1o ngh\u1ec7 thu\u1eadt h\u00e0ng h\u1ea3i, \u0111\u1ea5u ki\u1ebfm v\u00e0 c\u01b0\u1edbp b\u00f3c. Khi b\u01b0\u1edbc l\u00ean Black Hawk, b\u1ea1n s\u1ebd c\u00f9ng \u0111o\u00e0n th\u1ee7y th\u1ee7 h\u1ed7n t\u1ea1p n\u00e0y d\u1ea5n th\u00e2n v\u00e0o h\u00e0nh tr\u00ecnh t\u00e1o b\u1ea1o t\u00ecm ki\u1ebfm s\u1ef1 gi\u00e0u c\u00f3 v\u00e0 vinh quang. T\u1eeb c\u01b0\u1edbp b\u00f3c t\u00e0u bu\u00f4n \u0111\u1ebfn v\u00e2y h\u00e3m c\u00e1c th\u1ecb tr\u1ea5n ven bi\u1ec3n, m\u1ed7i cu\u1ed9c phi\u00eau l\u01b0u \u0111\u1ec1u l\u00e0 m\u1ed9t canh b\u1ea1c l\u1edbn v\u1edbi l\u1eddi h\u1ee9a h\u1eb9n v\u1ec1 m\u1ed9t kh\u1ed1i t\u00e0i s\u1ea3n kh\u1ed5ng l\u1ed3.<\/div>","protected":false},"excerpt":{"rendered":"<p>Th\u01b0\u01a1ng hi\u1ec7u: ZHEGAO<br \/>\nGi\u1edbi t\u00ednh: Unisex<br \/>\n\u0110\u1ed9 tu\u1ed5i: &gt; 6 tu\u1ed5i<br \/>\nS\u1ed1 hi\u1ec7u m\u1eabu: 982005<br \/>\nPh\u00e2n lo\u1ea1i: T\u1eadp h\u1ee3p<br \/>\nH\u00ecnh d\u1ea1ng kh\u1ed1i nh\u1ef1a: G\u1ea1ch t\u1ef1 kh\u00f3a<br \/>\nCh\u1ea5t li\u1ec7u: Nh\u1ef1a<br \/>\nLo\u1ea1i nh\u1ef1a: ABS<br \/>\nKh\u1ed1i g\u1ea1ch: 1352 +<br \/>\nKh\u00f4ng c\u00f3 h\u1ed9p ban \u0111\u1ea7u<\/p>","protected":false},"featured_media":55297,"comment_status":"open","ping_status":"closed","template":"","meta":{"_acf_changed":false},"product_cat":[1357,364,1875],"product_tag":[11231,11216,8704,2429,389,11080],"class_list":["product","first","instock","shipping-taxable","purchasable","product-type-simple"],"acf":[],"_links":{"self":[{"href":"https:\/\/mouldking.store\/vi\/wp-json\/wp\/v2\/product\/55298","targetHints":{"allow":["GET"]}}],"collection":[{"href":"https:\/\/mouldking.store\/vi\/wp-json\/wp\/v2\/product"}],"about":[{"href":"https:\/\/mouldking.store\/vi\/wp-json\/wp\/v2\/types\/product"}],"replies":[{"embeddable":true,"href":"https:\/\/mouldking.store\/vi\/wp-json\/wp\/v2\/comments?post=55298"}],"wp:featuredmedia":[{"embeddable":true,"href":"https:\/\/mouldking.store\/vi\/wp-json\/wp\/v2\/media\/55297"}],"wp:attachment":[{"href":"https:\/\/mouldking.store\/vi\/wp-json\/wp\/v2\/media?parent=55298"}],"wp:term":[{"taxonomy":"product_cat","embeddable":true,"href":"https:\/\/mouldking.store\/vi\/wp-json\/wp\/v2\/product_cat?post=55298"},{"taxonomy":"product_tag","embeddable":true,"href":"https:\/\/mouldking.store\/vi\/wp-json\/wp\/v2\/product_tag?post=55298"}],"curies":[{"name":"wp","href":"https:\/\/api.w.org\/{rel}","templated":true}]}}