{"id":55306,"date":"2024-02-20T19:06:10","date_gmt":"2024-02-20T12:06:10","guid":{"rendered":"https:\/\/mouldking.store\/shop\/zhegao-613000-dinosaur-museum-with-2788-pieces\/"},"modified":"2024-02-20T19:06:17","modified_gmt":"2024-02-20T12:06:17","slug":"zhegao-613000-dinosaur-museum-with-2788-pieces","status":"publish","type":"product","link":"https:\/\/mouldking.store\/vi\/shop\/zhegao-613000-dinosaur-museum-with-2788-pieces\/","title":{"rendered":"ZHEGAO 613000 Dinosaur Museum with 2788 Pieces"},"content":{"rendered":"<div>\u2705ZHEGAO 613000 Dinosaur Museum<br \/>&nbsp;<br \/>\u2705Welcome to the Dinosaur Museum, where you can step back in time to an era when mighty dinosaurs roamed the Earth! As you enter the museum, you&#8217;re greeted by towering skeletons of the most famous prehistoric creatures, from the ferocious Tyrannosaurus rex to the gentle giants like the Brachiosaurus.<br \/>&nbsp;<br \/>\ud83d\udeab QUAN TR\u1eccNG!&nbsp;<br \/>&nbsp;<br \/>Product Name: Dinosaur Museum<br \/>&nbsp;<br \/>Danh m\u1ee5c: T\u00f2a nh\u00e0 m\u00f4-\u0111un<br \/>&nbsp;<br \/>This Kit Contains: ZHEGAO 613000&nbsp;<br \/>&nbsp;<br \/>2788 pcs Good Quality Bricks&nbsp;<br \/>&nbsp;<br \/>Size: 24.6 \u00d7 20.4 \u00d7 21.6 cm<\/div>\n<div>&nbsp;<br \/>H\u01b0\u1edbng d\u1eabn th\u1ee7 c\u00f4ng&nbsp;<br \/>&nbsp;<br \/>\ud83d\udcccB\u1ea3n ch\u1ea5t c\u1ee7a nh\u00e2n v\u1eadt ch\u00ednh&nbsp;<br \/>&nbsp;<br \/>Introducing our proud collection named \u201cDinosaur Museum\u201d you should not miss.&nbsp;<\/p>\n<p>&nbsp;The museum is filled with exhibits showcasing the latest discoveries in paleontology, interactive displays allowing you to learn about the fascinating world of dinosaurs. You can watch fossils being prepared by skilled scientists in the laboratory, or even try your hand at digging for dinosaur bones in the museum&#8217;s own excavation site.<\/p><\/div>","protected":false},"excerpt":{"rendered":"<p>Th\u01b0\u01a1ng hi\u1ec7u: ZHEGAO<br \/>\nGi\u1edbi t\u00ednh: Unisex<br \/>\n\u0110\u1ed9 tu\u1ed5i: &gt; 6 tu\u1ed5i<br \/>\nModel Number: 613000<br \/>\nPh\u00e2n lo\u1ea1i: T\u1eadp h\u1ee3p<br \/>\nH\u00ecnh d\u1ea1ng kh\u1ed1i nh\u1ef1a: G\u1ea1ch t\u1ef1 kh\u00f3a<br \/>\nCh\u1ea5t li\u1ec7u: Nh\u1ef1a<br \/>\nLo\u1ea1i nh\u1ef1a: ABS<br \/>\nBricks Blocks: 2788 +<br \/>\nKh\u00f4ng c\u00f3 h\u1ed9p ban \u0111\u1ea7u<\/p>","protected":false},"featured_media":55305,"comment_status":"open","ping_status":"closed","template":"","meta":{"_acf_changed":false},"product_cat":[1395,1502,390],"product_tag":[4883,2541,392,3244],"class_list":["product","first","instock","shipping-taxable","purchasable","product-type-simple"],"acf":[],"_links":{"self":[{"href":"https:\/\/mouldking.store\/vi\/wp-json\/wp\/v2\/product\/55306","targetHints":{"allow":["GET"]}}],"collection":[{"href":"https:\/\/mouldking.store\/vi\/wp-json\/wp\/v2\/product"}],"about":[{"href":"https:\/\/mouldking.store\/vi\/wp-json\/wp\/v2\/types\/product"}],"replies":[{"embeddable":true,"href":"https:\/\/mouldking.store\/vi\/wp-json\/wp\/v2\/comments?post=55306"}],"wp:featuredmedia":[{"embeddable":true,"href":"https:\/\/mouldking.store\/vi\/wp-json\/wp\/v2\/media\/55305"}],"wp:attachment":[{"href":"https:\/\/mouldking.store\/vi\/wp-json\/wp\/v2\/media?parent=55306"}],"wp:term":[{"taxonomy":"product_cat","embeddable":true,"href":"https:\/\/mouldking.store\/vi\/wp-json\/wp\/v2\/product_cat?post=55306"},{"taxonomy":"product_tag","embeddable":true,"href":"https:\/\/mouldking.store\/vi\/wp-json\/wp\/v2\/product_tag?post=55306"}],"curies":[{"name":"wp","href":"https:\/\/api.w.org\/{rel}","templated":true}]}}