{"id":55595,"date":"2024-03-05T13:02:39","date_gmt":"2024-03-05T06:02:39","guid":{"rendered":"https:\/\/mouldking.store\/shop\/moc-factory-158329-modular-elizabeth-arkham-asylum-with-6778-pieces\/"},"modified":"2025-12-16T20:59:15","modified_gmt":"2025-12-16T13:59:15","slug":"moc-factory-158329-modular-elizabeth-arkham-asylum-with-6778-pieces","status":"publish","type":"product","link":"https:\/\/mouldking.store\/vi\/shop\/moc-factory-158329-modular-elizabeth-arkham-asylum-with-6778-pieces\/","title":{"rendered":"MOC Factory 158329 Modular Elizabeth Arkham Asylum with 6778 Pieces"},"content":{"rendered":"<div>\u2705 MOC-158329 Modular Elizabeth Arkham Asylum<\/p>\n<p>\u2705The Modular Elizabeth Arkham Asylum is a concept that imagines the iconic psychiatric hospital from the Batman universe, Arkham Asylum, in a modular and customizable form. This concept could be explored in various mediums, including comics, video games, or even as a collectible toy set.<\/p>\n<p>\ud83d\udeab QUAN TR\u1eccNG!<\/p>\n<p>Product Name: Modular Elizabeth Arkham Asylum<\/p>\n<p>Danh m\u1ee5c: T\u00f2a nh\u00e0 m\u00f4-\u0111un<\/p>\n<p>This Kit Contains: C9806<\/p>\n<p>6778 pcs Good Quality Bricks<\/p>\n<p>Size: 53 x 53 x 54 cm<\/p>\n<p>Weight: 6.75 kg<\/p>\n<p>H\u01b0\u1edbng d\u1eabn PDF<\/p>\n<p>\ud83d\udcccB\u1ea3n ch\u1ea5t c\u1ee7a nh\u00e2n v\u1eadt ch\u00ednh<\/p>\n<p>Introducing our proud collection named \u201cModular Elizabeth Arkham Asylum\u201d you should not miss.<\/p>\n<p>In this concept, the asylum would be designed with interchangeable modules that allow for different configurations of the facility. Each module could represent a different wing, section, or aspect of the asylum, such as patient cells, treatment rooms, administrative offices, or security checkpoints. These modules could be connected and rearranged in various ways to create unique layouts for storytelling or play purposes. The modular design could also allow for expansion sets or additional modules to be released over time, providing fans with the opportunity to build and customize their own Arkham Asylum to fit their preferences or storylines. This concept could appeal to fans of Batman and the Arkham Asylum setting by offering them a new way to engage with and explore this iconic location from the Dark Knight&#8217;s world.<\/p><\/div>","protected":false},"excerpt":{"rendered":"<p>Th\u01b0\u01a1ng hi\u1ec7u: Nh\u00e0 m\u00e1y M\u1ed8C<br \/>\nGi\u1edbi t\u00ednh: Unisex<br \/>\n\u0110\u1ed9 tu\u1ed5i: &gt; 14 tu\u1ed5i<br \/>\nModel Number: 158329<br \/>\nPh\u00e2n lo\u1ea1i: T\u1eadp h\u1ee3p<br \/>\nH\u00ecnh d\u1ea1ng kh\u1ed1i nh\u1ef1a: G\u1ea1ch t\u1ef1 kh\u00f3a<br \/>\nCh\u1ea5t li\u1ec7u: Nh\u1ef1a<br \/>\nLo\u1ea1i nh\u1ef1a: ABS<br \/>\nBricks Blocks: 6778 +<br \/>\nKh\u00f4ng c\u00f3 h\u1ed9p ban \u0111\u1ea7u<\/p>","protected":false},"featured_media":55594,"comment_status":"open","ping_status":"closed","template":"","meta":{"_acf_changed":false},"product_cat":[1395,1502,390],"product_tag":[13072,13073,13074,4883,12167,5679,392],"class_list":["product","first","instock","shipping-taxable","purchasable","product-type-simple"],"acf":[],"_links":{"self":[{"href":"https:\/\/mouldking.store\/vi\/wp-json\/wp\/v2\/product\/55595","targetHints":{"allow":["GET"]}}],"collection":[{"href":"https:\/\/mouldking.store\/vi\/wp-json\/wp\/v2\/product"}],"about":[{"href":"https:\/\/mouldking.store\/vi\/wp-json\/wp\/v2\/types\/product"}],"replies":[{"embeddable":true,"href":"https:\/\/mouldking.store\/vi\/wp-json\/wp\/v2\/comments?post=55595"}],"wp:featuredmedia":[{"embeddable":true,"href":"https:\/\/mouldking.store\/vi\/wp-json\/wp\/v2\/media\/55594"}],"wp:attachment":[{"href":"https:\/\/mouldking.store\/vi\/wp-json\/wp\/v2\/media?parent=55595"}],"wp:term":[{"taxonomy":"product_cat","embeddable":true,"href":"https:\/\/mouldking.store\/vi\/wp-json\/wp\/v2\/product_cat?post=55595"},{"taxonomy":"product_tag","embeddable":true,"href":"https:\/\/mouldking.store\/vi\/wp-json\/wp\/v2\/product_tag?post=55595"}],"curies":[{"name":"wp","href":"https:\/\/api.w.org\/{rel}","templated":true}]}}