{"id":55768,"date":"2024-03-05T18:31:39","date_gmt":"2024-03-05T11:31:39","guid":{"rendered":"https:\/\/mouldking.store\/shop\/mork-033031-a-medieval-blacksmiths-shop-with-1991-pieces\/"},"modified":"2024-03-05T18:31:41","modified_gmt":"2024-03-05T11:31:41","slug":"mork-033031-a-medieval-blacksmiths-shop-with-1991-pieces","status":"publish","type":"product","link":"https:\/\/mouldking.store\/vi\/shop\/mork-033031-a-medieval-blacksmiths-shop-with-1991-pieces\/","title":{"rendered":"MORK 033031 A Medieval Blacksmith&#8217;s Shop with 1991 Pieces"},"content":{"rendered":"<div>\u2705XMORK 033031 A Medieval Blacksmith&#8217;s Shop<\/p>\n<p>\u2705The Blacksmith&#8217;s Shop could be a sturdy stone or timber-framed building with a large open interior space. The workshop might feature a central forge, anvils, workbenches, and shelves stocked with raw materials such as iron ingots, coal, and wood. The walls could be adorned with tools, weapons, and examples of the blacksmith&#8217;s craftsmanship.<\/p>\n<p>\ud83d\udeab QUAN TR\u1eccNG!<\/p>\n<p>Name: A Medieval Blacksmith&#8217;s Shop<\/p>\n<p>Danh m\u1ee5c: T\u00f2a nh\u00e0 m\u00f4-\u0111un<\/p>\n<p>This Kit Contains: XMORK 033031<\/p>\n<p>1991 pcs Good Quality Bricks<\/p>\n<p>Size: 22 \u00d7 16 \u00d7 27.5 cm<\/p>\n<p>H\u01b0\u1edbng d\u1eabn th\u1ee7 c\u00f4ng<\/p>\n<p>\ud83d\udcccB\u1ea3n ch\u1ea5t c\u1ee7a nh\u00e2n v\u1eadt ch\u00ednh<\/p>\n<p>Introducing our proud collection named \u201cA Medieval Blacksmith&#8217;s Shop\u201d you should not miss.<\/p>\n<p>At the heart of the Blacksmith&#8217;s Shop would be the forge, a furnace where metal is heated to high temperatures for shaping and forging. The forge might be fueled by coal or charcoal and operated using bellows to control the airflow and temperature. The rhythmic pounding of the hammer against the anvil would be a hallmark sound of the blacksmith&#8217;s craft. Skilled blacksmiths would ply their trade within the workshop, using traditional techniques to shape and manipulate metal into various forms. They might produce a range of items including horseshoes, tools, weapons, armor, and decorative ironwork. Visitors to the shop could watch as the blacksmiths demonstrate their craft, explaining the process and sharing insights into their techniques.<\/p><\/div>","protected":false},"excerpt":{"rendered":"<p>Th\u01b0\u01a1ng hi\u1ec7u: MORK<br \/>\nGi\u1edbi t\u00ednh: Unisex<br \/>\n\u0110\u1ed9 tu\u1ed5i: &gt; 6 tu\u1ed5i<br \/>\nModel Number: 033031<br \/>\nPh\u00e2n lo\u1ea1i: T\u1eadp h\u1ee3p<br \/>\nH\u00ecnh d\u1ea1ng kh\u1ed1i nh\u1ef1a: G\u1ea1ch t\u1ef1 kh\u00f3a<br \/>\nCh\u1ea5t li\u1ec7u: Nh\u1ef1a<br \/>\nLo\u1ea1i nh\u1ef1a: ABS<br \/>\nBricks Blocks: 1991 +<br \/>\nKh\u00f4ng c\u00f3 h\u1ed9p ban \u0111\u1ea7u<\/p>","protected":false},"featured_media":55767,"comment_status":"open","ping_status":"closed","template":"","meta":{"_acf_changed":false},"product_cat":[1395,1502,390],"product_tag":[2676,13084,4883,4996,392],"class_list":["product","first","instock","shipping-taxable","purchasable","product-type-simple"],"acf":[],"_links":{"self":[{"href":"https:\/\/mouldking.store\/vi\/wp-json\/wp\/v2\/product\/55768","targetHints":{"allow":["GET"]}}],"collection":[{"href":"https:\/\/mouldking.store\/vi\/wp-json\/wp\/v2\/product"}],"about":[{"href":"https:\/\/mouldking.store\/vi\/wp-json\/wp\/v2\/types\/product"}],"replies":[{"embeddable":true,"href":"https:\/\/mouldking.store\/vi\/wp-json\/wp\/v2\/comments?post=55768"}],"wp:featuredmedia":[{"embeddable":true,"href":"https:\/\/mouldking.store\/vi\/wp-json\/wp\/v2\/media\/55767"}],"wp:attachment":[{"href":"https:\/\/mouldking.store\/vi\/wp-json\/wp\/v2\/media?parent=55768"}],"wp:term":[{"taxonomy":"product_cat","embeddable":true,"href":"https:\/\/mouldking.store\/vi\/wp-json\/wp\/v2\/product_cat?post=55768"},{"taxonomy":"product_tag","embeddable":true,"href":"https:\/\/mouldking.store\/vi\/wp-json\/wp\/v2\/product_tag?post=55768"}],"curies":[{"name":"wp","href":"https:\/\/api.w.org\/{rel}","templated":true}]}}