{"id":55772,"date":"2024-03-05T18:33:21","date_gmt":"2024-03-05T11:33:21","guid":{"rendered":"https:\/\/mouldking.store\/shop\/mork-031056-the-mystery-building-with-4190-pieces\/"},"modified":"2024-03-05T18:33:29","modified_gmt":"2024-03-05T11:33:29","slug":"mork-031056-the-mystery-building-with-4190-pieces","status":"publish","type":"product","link":"https:\/\/mouldking.store\/vi\/shop\/mork-031056-the-mystery-building-with-4190-pieces\/","title":{"rendered":"MORK 031056 The Mystery Building with 4190 Pieces"},"content":{"rendered":"<div>\u2705XMORK 031056 The Mystery Building<\/p>\n<p>\u2705The Mystery Building could have a striking and enigmatic exterior design, with architectural features that hint at its mysterious nature. It might be an old, abandoned structure with ivy-covered walls, broken windows, and a sense of decay, or it could be a modern building with a sleek and futuristic appearance that conceals its secrets within.<\/p>\n<p>\ud83d\udeab QUAN TR\u1eccNG!<\/p>\n<p>Product Name: The Mystery Building<\/p>\n<p>Danh m\u1ee5c: T\u00f2a nh\u00e0 m\u00f4-\u0111un<\/p><\/div>\n<div>This Kit Contains: XMORK 031056&nbsp;<\/p>\n<p>4190 pcs Good Quality Bricks<\/p>\n<p>Size: 31.6 \u00d7 38 \u00d7 48 cm<\/p>\n<p>H\u01b0\u1edbng d\u1eabn th\u1ee7 c\u00f4ng<\/p>\n<p>\ud83d\udcccB\u1ea3n ch\u1ea5t c\u1ee7a nh\u00e2n v\u1eadt ch\u00ednh<\/p>\n<p>Introducing our proud collection named \u201c The Mystery Building\u201d you should not miss.<\/p>\n<p>The theme of the Mystery Building could revolve around unsolved mysteries, paranormal phenomena, or supernatural occurrences. It could be inspired by legends, folklore, or urban myths, with each floor or room dedicated to a different mystery waiting to be uncovered.&nbsp; Inside the Mystery Building, guests could encounter a series of themed rooms or exhibits that immerse them in different aspects of the mystery. These rooms could include a haunted library filled with ancient tomes and forbidden knowledge, a laboratory where strange experiments take place, or a chamber of illusions where reality is distorted and nothing is as it seems.<\/p><\/div>","protected":false},"excerpt":{"rendered":"<p>Th\u01b0\u01a1ng hi\u1ec7u: MORK<br \/>\nGi\u1edbi t\u00ednh: Unisex<br \/>\n\u0110\u1ed9 tu\u1ed5i: &gt; 6 tu\u1ed5i<br \/>\nModel Number: 031056<br \/>\nPh\u00e2n lo\u1ea1i: T\u1eadp h\u1ee3p<br \/>\nH\u00ecnh d\u1ea1ng kh\u1ed1i nh\u1ef1a: G\u1ea1ch t\u1ef1 kh\u00f3a<br \/>\nCh\u1ea5t li\u1ec7u: Nh\u1ef1a<br \/>\nLo\u1ea1i nh\u1ef1a: ABS<br \/>\nBricks Blocks: 4190 +<br \/>\nKh\u00f4ng c\u00f3 h\u1ed9p ban \u0111\u1ea7u<\/p>","protected":false},"featured_media":55771,"comment_status":"open","ping_status":"closed","template":"","meta":{"_acf_changed":false},"product_cat":[1395,1502,390],"product_tag":[727,4883,392],"class_list":["product","first","instock","shipping-taxable","purchasable","product-type-simple"],"acf":[],"_links":{"self":[{"href":"https:\/\/mouldking.store\/vi\/wp-json\/wp\/v2\/product\/55772","targetHints":{"allow":["GET"]}}],"collection":[{"href":"https:\/\/mouldking.store\/vi\/wp-json\/wp\/v2\/product"}],"about":[{"href":"https:\/\/mouldking.store\/vi\/wp-json\/wp\/v2\/types\/product"}],"replies":[{"embeddable":true,"href":"https:\/\/mouldking.store\/vi\/wp-json\/wp\/v2\/comments?post=55772"}],"wp:featuredmedia":[{"embeddable":true,"href":"https:\/\/mouldking.store\/vi\/wp-json\/wp\/v2\/media\/55771"}],"wp:attachment":[{"href":"https:\/\/mouldking.store\/vi\/wp-json\/wp\/v2\/media?parent=55772"}],"wp:term":[{"taxonomy":"product_cat","embeddable":true,"href":"https:\/\/mouldking.store\/vi\/wp-json\/wp\/v2\/product_cat?post=55772"},{"taxonomy":"product_tag","embeddable":true,"href":"https:\/\/mouldking.store\/vi\/wp-json\/wp\/v2\/product_tag?post=55772"}],"curies":[{"name":"wp","href":"https:\/\/api.w.org\/{rel}","templated":true}]}}