{"id":55779,"date":"2024-03-05T18:33:38","date_gmt":"2024-03-05T11:33:38","guid":{"rendered":"https:\/\/mouldking.store\/shop\/mork-033033-medieval-tavern-with-1872-pieces\/"},"modified":"2024-03-05T18:33:41","modified_gmt":"2024-03-05T11:33:41","slug":"mork-033033-medieval-tavern-with-1872-pieces","status":"publish","type":"product","link":"https:\/\/mouldking.store\/vi\/shop\/mork-033033-medieval-tavern-with-1872-pieces\/","title":{"rendered":"MORK 033033 Medieval Tavern with 1872 Pieces"},"content":{"rendered":"<div>\u2705XMORK 033033 Medieval Tavern<\/p>\n<p>\u2705A Medieval Tavern is a themed establishment designed to recreate the atmosphere of a traditional tavern from the medieval period. The Medieval Tavern could be housed in a building designed to resemble a medieval inn or tavern, with timber framing, thatched roofs, and stone walls. Inside, the decor could feature heavy wooden furniture, tapestries depicting medieval scenes, suits of armor, and torches or candles for lighting.<\/p>\n<p>\ud83d\udeab QUAN TR\u1eccNG!<\/p>\n<p>Product Name: Medieval Tavern<\/p>\n<p>Danh m\u1ee5c: T\u00f2a nh\u00e0 m\u00f4-\u0111un<\/p>\n<p>This Kit Contains: XMORK 033033&nbsp;<\/p>\n<p>1872 pcs Good Quality Bricks<\/p>\n<p>Size: 22 \u00d7 16.5 \u00d7 27 cm<\/p>\n<p>H\u01b0\u1edbng d\u1eabn th\u1ee7 c\u00f4ng<\/p>\n<p>\ud83d\udcccB\u1ea3n ch\u1ea5t c\u1ee7a nh\u00e2n v\u1eadt ch\u00ednh<\/p>\n<p>Introducing our proud collection named \u201cMedieval Tavern&#8221; you should not miss.<\/p>\n<p>The atmosphere of the Medieval Tavern would be warm, inviting, and rustic, with a lively and bustling vibe reminiscent of a medieval gathering place. Guests might be greeted by costumed servers and musicians playing period-appropriate music on traditional instruments such as lutes, harps, or bagpipes. The menu at the Medieval Tavern could feature hearty and traditional fare inspired by medieval cuisine, such as roasted meats, stews, soups, bread, cheese, and ale. Guests might enjoy dishes like roasted turkey legs, beef stew served in bread bowls, and trenchers of cheese and fruit. The drinks menu could include a selection of ales, meads, wines, and non-alcoholic beverages served in tankards, goblets, or wooden mugs.<\/p><\/div>","protected":false},"excerpt":{"rendered":"<p>Th\u01b0\u01a1ng hi\u1ec7u: MORK<br \/>\nGi\u1edbi t\u00ednh: Unisex<br \/>\n\u0110\u1ed9 tu\u1ed5i: &gt; 6 tu\u1ed5i<br \/>\nModel Number: 033033<br \/>\nPh\u00e2n lo\u1ea1i: T\u1eadp h\u1ee3p<br \/>\nH\u00ecnh d\u1ea1ng kh\u1ed1i nh\u1ef1a: G\u1ea1ch t\u1ef1 kh\u00f3a<br \/>\nCh\u1ea5t li\u1ec7u: Nh\u1ef1a<br \/>\nLo\u1ea1i nh\u1ef1a: ABS<br \/>\nBricks Blocks: 1872 +<br \/>\nKh\u00f4ng c\u00f3 h\u1ed9p ban \u0111\u1ea7u<\/p>","protected":false},"featured_media":55778,"comment_status":"open","ping_status":"closed","template":"","meta":{"_acf_changed":false},"product_cat":[1365,1395,1502,390],"product_tag":[4883,8452,4996,392,11107],"class_list":["product","first","instock","shipping-taxable","purchasable","product-type-simple"],"acf":[],"_links":{"self":[{"href":"https:\/\/mouldking.store\/vi\/wp-json\/wp\/v2\/product\/55779","targetHints":{"allow":["GET"]}}],"collection":[{"href":"https:\/\/mouldking.store\/vi\/wp-json\/wp\/v2\/product"}],"about":[{"href":"https:\/\/mouldking.store\/vi\/wp-json\/wp\/v2\/types\/product"}],"replies":[{"embeddable":true,"href":"https:\/\/mouldking.store\/vi\/wp-json\/wp\/v2\/comments?post=55779"}],"wp:featuredmedia":[{"embeddable":true,"href":"https:\/\/mouldking.store\/vi\/wp-json\/wp\/v2\/media\/55778"}],"wp:attachment":[{"href":"https:\/\/mouldking.store\/vi\/wp-json\/wp\/v2\/media?parent=55779"}],"wp:term":[{"taxonomy":"product_cat","embeddable":true,"href":"https:\/\/mouldking.store\/vi\/wp-json\/wp\/v2\/product_cat?post=55779"},{"taxonomy":"product_tag","embeddable":true,"href":"https:\/\/mouldking.store\/vi\/wp-json\/wp\/v2\/product_tag?post=55779"}],"curies":[{"name":"wp","href":"https:\/\/api.w.org\/{rel}","templated":true}]}}