{"id":55783,"date":"2024-03-05T18:33:50","date_gmt":"2024-03-05T11:33:50","guid":{"rendered":"https:\/\/mouldking.store\/shop\/mork-033032-a-medieval-magic-house-with-2095-pieces\/"},"modified":"2024-03-05T18:33:58","modified_gmt":"2024-03-05T11:33:58","slug":"mork-033032-a-medieval-magic-house-with-2095-pieces","status":"publish","type":"product","link":"https:\/\/mouldking.store\/vi\/shop\/mork-033032-a-medieval-magic-house-with-2095-pieces\/","title":{"rendered":"MORK 033032 A Medieval Magic House with 2095 Pieces"},"content":{"rendered":"<div>\u2705XMORK 033032 A Medieval Magic House<\/p>\n<p>\u2705The Medieval Magic House could be housed in a building designed to resemble a medieval castle or wizard&#8217;s tower, complete with turrets, battlements, and arched doorways. The exterior might be adorned with mystical symbols, intricate carvings, and flickering torches, creating an atmosphere of mystery and wonder.<\/p>\n<p>\ud83d\udeab QUAN TR\u1eccNG!<\/p>\n<p>Product Name: A Medieval Magic House<\/p>\n<p>Danh m\u1ee5c: T\u00f2a nh\u00e0 m\u00f4-\u0111un<\/p>\n<p>This Kit Contains: XMORK 033032<\/p>\n<p>2095 pcs Good Quality Bricks<\/p>\n<p>Size: 21 \u00d7 19 \u00d7 26.5 cm<\/p>\n<p>H\u01b0\u1edbng d\u1eabn th\u1ee7 c\u00f4ng<\/p>\n<p>\ud83d\udcccB\u1ea3n ch\u1ea5t c\u1ee7a nh\u00e2n v\u1eadt ch\u00ednh<\/p>\n<p>Introducing our proud collection named \u201cA Medieval Magic House\u201d you should not miss.<\/p>\n<p>Inside the Medieval Magic House, guests would step into a world of enchantment, with rich tapestries, ornate chandeliers, and stained glass windows depicting scenes of magic and fantasy. The walls could be lined with shelves filled with spellbooks, potion bottles, and magical artifacts, while hidden passages and secret chambers add to the sense of adventure.<\/p><\/div>","protected":false},"excerpt":{"rendered":"<p>Th\u01b0\u01a1ng hi\u1ec7u: MORK<br \/>\nGi\u1edbi t\u00ednh: Unisex<br \/>\n\u0110\u1ed9 tu\u1ed5i: &gt; 6 tu\u1ed5i<br \/>\nModel Number: 033032<br \/>\nPh\u00e2n lo\u1ea1i: T\u1eadp h\u1ee3p<br \/>\nH\u00ecnh d\u1ea1ng kh\u1ed1i nh\u1ef1a: G\u1ea1ch t\u1ef1 kh\u00f3a<br \/>\nCh\u1ea5t li\u1ec7u: Nh\u1ef1a<br \/>\nLo\u1ea1i nh\u1ef1a: ABS<br \/>\nBricks Blocks: 2095 +<br \/>\nKh\u00f4ng c\u00f3 h\u1ed9p ban \u0111\u1ea7u<\/p>","protected":false},"featured_media":55782,"comment_status":"open","ping_status":"closed","template":"","meta":{"_acf_changed":false},"product_cat":[1365,1395,1502,390],"product_tag":[4883,8452,2318,8858,4996,392],"class_list":["product","first","instock","shipping-taxable","purchasable","product-type-simple"],"acf":[],"_links":{"self":[{"href":"https:\/\/mouldking.store\/vi\/wp-json\/wp\/v2\/product\/55783","targetHints":{"allow":["GET"]}}],"collection":[{"href":"https:\/\/mouldking.store\/vi\/wp-json\/wp\/v2\/product"}],"about":[{"href":"https:\/\/mouldking.store\/vi\/wp-json\/wp\/v2\/types\/product"}],"replies":[{"embeddable":true,"href":"https:\/\/mouldking.store\/vi\/wp-json\/wp\/v2\/comments?post=55783"}],"wp:featuredmedia":[{"embeddable":true,"href":"https:\/\/mouldking.store\/vi\/wp-json\/wp\/v2\/media\/55782"}],"wp:attachment":[{"href":"https:\/\/mouldking.store\/vi\/wp-json\/wp\/v2\/media?parent=55783"}],"wp:term":[{"taxonomy":"product_cat","embeddable":true,"href":"https:\/\/mouldking.store\/vi\/wp-json\/wp\/v2\/product_cat?post=55783"},{"taxonomy":"product_tag","embeddable":true,"href":"https:\/\/mouldking.store\/vi\/wp-json\/wp\/v2\/product_tag?post=55783"}],"curies":[{"name":"wp","href":"https:\/\/api.w.org\/{rel}","templated":true}]}}