{"id":55888,"date":"2024-03-06T09:54:28","date_gmt":"2024-03-06T02:54:28","guid":{"rendered":"https:\/\/mouldking.store\/shop\/wgc-66007-jacks-house-with-766-pieces\/"},"modified":"2024-03-06T09:54:33","modified_gmt":"2024-03-06T02:54:33","slug":"wgc-66007-jacks-house-with-766-pieces","status":"publish","type":"product","link":"https:\/\/mouldking.store\/vi\/shop\/wgc-66007-jacks-house-with-766-pieces\/","title":{"rendered":"WGC 66007 Jack&#8217;s House with 766 Pieces"},"content":{"rendered":"<div>\u2705WGC 66007 Jack&#8217;s House<\/p>\n<p>\u2705&#8221;Jack&#8217;s House&#8221; as a Halloween haunted house could be an imaginative and thematic attraction for the holiday season.&nbsp;<\/p>\n<p>\ud83d\udeab QUAN TR\u1eccNG!<\/p>\n<p>Product Name: Jack&#8217;s House<\/p>\n<p>Danh m\u1ee5c: T\u00f2a nh\u00e0 m\u00f4-\u0111un<\/p>\n<p>This Kit Contains: WGC 66007<\/p>\n<p>766 pcs Good Quality Bricks<\/p>\n<p>Size:&nbsp; 11.5 \u00d7 34 cm<\/p>\n<p>H\u01b0\u1edbng d\u1eabn th\u1ee7 c\u00f4ng<\/p>\n<p>\ud83d\udcccB\u1ea3n ch\u1ea5t c\u1ee7a nh\u00e2n v\u1eadt ch\u00ednh<\/p>\n<p>Introducing our proud collection named \u201cJack&#8217;s House\u201d you should not miss.<\/p>\n<p>Jack&#8217;s House as a Halloween haunted house could offer a thrilling and immersive experience for visitors, transporting them into a world of darkness, mystery, and horror where the legend of Jack comes to life in chilling fashion.<\/p><\/div>","protected":false},"excerpt":{"rendered":"<p>Brand: WGC<br \/>\nGi\u1edbi t\u00ednh: Unisex<br \/>\n\u0110\u1ed9 tu\u1ed5i: &gt; 8 tu\u1ed5i<br \/>\nS\u1ed1 m\u00f4 h\u00ecnh: 66007<br \/>\nPh\u00e2n lo\u1ea1i: T\u1eadp h\u1ee3p<br \/>\nH\u00ecnh d\u1ea1ng kh\u1ed1i nh\u1ef1a: G\u1ea1ch t\u1ef1 kh\u00f3a<br \/>\nCh\u1ea5t li\u1ec7u: Nh\u1ef1a<br \/>\nLo\u1ea1i nh\u1ef1a: ABS<br \/>\nBricks Blocks: 766 +<br \/>\nKh\u00f4ng c\u00f3 h\u1ed9p ban \u0111\u1ea7u<\/p>","protected":false},"featured_media":55887,"comment_status":"open","ping_status":"closed","template":"","meta":{"_acf_changed":false},"product_cat":[1365,1395,1502,390],"product_tag":[4883,8452,2859,13096,2318,392],"class_list":["product","first","instock","shipping-taxable","purchasable","product-type-simple"],"acf":[],"_links":{"self":[{"href":"https:\/\/mouldking.store\/vi\/wp-json\/wp\/v2\/product\/55888","targetHints":{"allow":["GET"]}}],"collection":[{"href":"https:\/\/mouldking.store\/vi\/wp-json\/wp\/v2\/product"}],"about":[{"href":"https:\/\/mouldking.store\/vi\/wp-json\/wp\/v2\/types\/product"}],"replies":[{"embeddable":true,"href":"https:\/\/mouldking.store\/vi\/wp-json\/wp\/v2\/comments?post=55888"}],"wp:featuredmedia":[{"embeddable":true,"href":"https:\/\/mouldking.store\/vi\/wp-json\/wp\/v2\/media\/55887"}],"wp:attachment":[{"href":"https:\/\/mouldking.store\/vi\/wp-json\/wp\/v2\/media?parent=55888"}],"wp:term":[{"taxonomy":"product_cat","embeddable":true,"href":"https:\/\/mouldking.store\/vi\/wp-json\/wp\/v2\/product_cat?post=55888"},{"taxonomy":"product_tag","embeddable":true,"href":"https:\/\/mouldking.store\/vi\/wp-json\/wp\/v2\/product_tag?post=55888"}],"curies":[{"name":"wp","href":"https:\/\/api.w.org\/{rel}","templated":true}]}}