{"id":56837,"date":"2024-03-26T16:02:56","date_gmt":"2024-03-26T09:02:56","guid":{"rendered":"https:\/\/mouldking.store\/shop\/tuomu-t3008-sunshine-botanical-garden-with-827-pieces\/"},"modified":"2024-03-26T16:02:59","modified_gmt":"2024-03-26T09:02:59","slug":"tuomu-t3008-sunshine-botanical-garden-with-827-pieces","status":"publish","type":"product","link":"https:\/\/mouldking.store\/vi\/shop\/tuomu-t3008-sunshine-botanical-garden-with-827-pieces\/","title":{"rendered":"TuoMu T3008 Sunshine Botanical Garden with 827 Pieces"},"content":{"rendered":"<div>\u2705TUOMU T3008 Sunshine Botanical Garden<\/p>\n<p>\u2705Botanical gardens are institutions dedicated to the cultivation, conservation, and display of a wide range of plants, often including rare or endangered species. They serve educational, scientific, and recreational purposes, providing visitors with opportunities to learn about plant diversity, ecology, and conservation.<\/p>\n<p>\ud83d\udeab QUAN TR\u1eccNG!<\/p>\n<p>Product Name: Sunshine Botanical Garden<\/p>\n<p>Danh m\u1ee5c: T\u00f2a nh\u00e0 m\u00f4-\u0111un<\/p>\n<p>This Kit Contains: TUOMU T3008<\/p>\n<p>827 pcs Good Quality Bricks<\/p>\n<p>Size: 26.6 \u00d7 13.5 \u00d7 16.6 cm<\/p>\n<p>H\u01b0\u1edbng d\u1eabn th\u1ee7 c\u00f4ng<\/p>\n<p>\ud83d\udcccB\u1ea3n ch\u1ea5t c\u1ee7a nh\u00e2n v\u1eadt ch\u00ednh<\/p>\n<p>Introducing our proud collection named \u201cSunshine Botanical Garden\u201d you should not miss.<\/p>\n<p>Botanical gardens often have extensive collections of plants from around the world, organized according to taxonomic, geographic, or ecological themes. These collections may include native flora, exotic species, medicinal plants, and economically important crops. Many botanical gardens play a crucial role in plant conservation efforts by maintaining living collections of rare, threatened, and endangered plant species. They may also participate in seed banks, ex situ conservation programs, and plant reintroduction initiatives to protect plant biodiversity.<\/p><\/div>","protected":false},"excerpt":{"rendered":"<p>Brand: TuoMu<br \/>\nGi\u1edbi t\u00ednh: Unisex<br \/>\n\u0110\u1ed9 tu\u1ed5i: &gt; 8 tu\u1ed5i<br \/>\nModel Number: T3008<br \/>\nPh\u00e2n lo\u1ea1i: T\u1eadp h\u1ee3p<br \/>\nH\u00ecnh d\u1ea1ng kh\u1ed1i nh\u1ef1a: G\u1ea1ch t\u1ef1 kh\u00f3a<br \/>\nCh\u1ea5t li\u1ec7u: Nh\u1ef1a<br \/>\nLo\u1ea1i nh\u1ef1a: ABS<br \/>\nBricks Blocks: 827 +<br \/>\nKh\u00f4ng c\u00f3 h\u1ed9p ban \u0111\u1ea7u<\/p>","protected":false},"featured_media":56836,"comment_status":"open","ping_status":"closed","template":"","meta":{"_acf_changed":false},"product_cat":[1365,1395,371,390],"product_tag":[785,11072,8452,7572,392],"class_list":["product","first","instock","shipping-taxable","purchasable","product-type-simple"],"acf":[],"_links":{"self":[{"href":"https:\/\/mouldking.store\/vi\/wp-json\/wp\/v2\/product\/56837","targetHints":{"allow":["GET"]}}],"collection":[{"href":"https:\/\/mouldking.store\/vi\/wp-json\/wp\/v2\/product"}],"about":[{"href":"https:\/\/mouldking.store\/vi\/wp-json\/wp\/v2\/types\/product"}],"replies":[{"embeddable":true,"href":"https:\/\/mouldking.store\/vi\/wp-json\/wp\/v2\/comments?post=56837"}],"wp:featuredmedia":[{"embeddable":true,"href":"https:\/\/mouldking.store\/vi\/wp-json\/wp\/v2\/media\/56836"}],"wp:attachment":[{"href":"https:\/\/mouldking.store\/vi\/wp-json\/wp\/v2\/media?parent=56837"}],"wp:term":[{"taxonomy":"product_cat","embeddable":true,"href":"https:\/\/mouldking.store\/vi\/wp-json\/wp\/v2\/product_cat?post=56837"},{"taxonomy":"product_tag","embeddable":true,"href":"https:\/\/mouldking.store\/vi\/wp-json\/wp\/v2\/product_tag?post=56837"}],"curies":[{"name":"wp","href":"https:\/\/api.w.org\/{rel}","templated":true}]}}