{"id":57342,"date":"2024-03-28T11:46:20","date_gmt":"2024-03-28T04:46:20","guid":{"rendered":"https:\/\/mouldking.store\/shop\/wange-8211-fujian-hakka-tulou-chengqi-building-with-3317-pieces\/"},"modified":"2024-03-28T11:46:26","modified_gmt":"2024-03-28T04:46:26","slug":"wange-8211-fujian-hakka-tulou-chengqi-building-with-3317-pieces","status":"publish","type":"product","link":"https:\/\/mouldking.store\/vi\/shop\/wange-8211-fujian-hakka-tulou-chengqi-building-with-3317-pieces\/","title":{"rendered":"WANGE 8211 Fujian Hakka Tulou Chengqi Building with 3317 Pieces"},"content":{"rendered":"<div>\u2705WANGE 8211 Fujian Hakka Tulou Chengqi Building<\/p>\n<p>\u2705The Fujian Hakka Tulou Chengqi Building, also known as the Chengqi Earth Building Cluster, is a UNESCO World Heritage Site located in Fujian Province, China. Tulou, which means &#8220;earthen buildings&#8221; in Chinese, are large, round, or square communal residences that were traditionally inhabited by the Hakka people, an ethnic group primarily residing in southern China.<\/p>\n<p>\ud83d\udeab QUAN TR\u1eccNG!<\/p>\n<p>Product Name: Fujian Hakka Tulou Chengqi Building<\/p>\n<p>Danh m\u1ee5c: T\u00f2a nh\u00e0 m\u00f4-\u0111un<\/p>\n<p>This Kit Contains: WANGE 8211<\/p>\n<p>3317 pcs Good Quality Bricks<\/p>\n<p>Size:&nbsp; 53.5 \u00d7 53 \u00d7 17 cm<\/p>\n<p>H\u01b0\u1edbng d\u1eabn th\u1ee7 c\u00f4ng<\/p>\n<p>\ud83d\udcccB\u1ea3n ch\u1ea5t c\u1ee7a nh\u00e2n v\u1eadt ch\u00ednh<\/p>\n<p>Introducing our proud collection named \u201cFujian Hakka Tulou Chengqi Building\u201d you should not miss.<\/p>\n<p>The Chengqi Building Cluster is situated in the mountainous regions of Yongding County and Nanjing County in Fujian Province, China. It is part of the larger Fujian Tulou UNESCO World Heritage Site. The Chengqi Building Cluster consists of several large circular and square earthen buildings, each surrounded by protective walls. These buildings are constructed using a combination of rammed earth, stone, and wood, with some structures dating back several centuries.<\/p><\/div>","protected":false},"excerpt":{"rendered":"<p>Th\u01b0\u01a1ng hi\u1ec7u: WANGE<br \/>\nGi\u1edbi t\u00ednh: Unisex<br \/>\n\u0110\u1ed9 tu\u1ed5i: &gt; 6 tu\u1ed5i<br \/>\nModel Number: 8211<br \/>\nPh\u00e2n lo\u1ea1i: T\u1eadp h\u1ee3p<br \/>\nH\u00ecnh d\u1ea1ng kh\u1ed1i nh\u1ef1a: G\u1ea1ch t\u1ef1 kh\u00f3a<br \/>\nCh\u1ea5t li\u1ec7u: Nh\u1ef1a<br \/>\nLo\u1ea1i nh\u1ef1a: ABS<br \/>\nBricks Blocks: 3317 +<br \/>\nKh\u00f4ng c\u00f3 h\u1ed9p ban \u0111\u1ea7u<\/p>","protected":false},"featured_media":57341,"comment_status":"open","ping_status":"closed","template":"","meta":{"_acf_changed":false},"product_cat":[1395,1502,390],"product_tag":[727,13200,4883,12767,13198,392,13199],"class_list":["product","first","instock","shipping-taxable","purchasable","product-type-simple"],"acf":[],"_links":{"self":[{"href":"https:\/\/mouldking.store\/vi\/wp-json\/wp\/v2\/product\/57342","targetHints":{"allow":["GET"]}}],"collection":[{"href":"https:\/\/mouldking.store\/vi\/wp-json\/wp\/v2\/product"}],"about":[{"href":"https:\/\/mouldking.store\/vi\/wp-json\/wp\/v2\/types\/product"}],"replies":[{"embeddable":true,"href":"https:\/\/mouldking.store\/vi\/wp-json\/wp\/v2\/comments?post=57342"}],"wp:featuredmedia":[{"embeddable":true,"href":"https:\/\/mouldking.store\/vi\/wp-json\/wp\/v2\/media\/57341"}],"wp:attachment":[{"href":"https:\/\/mouldking.store\/vi\/wp-json\/wp\/v2\/media?parent=57342"}],"wp:term":[{"taxonomy":"product_cat","embeddable":true,"href":"https:\/\/mouldking.store\/vi\/wp-json\/wp\/v2\/product_cat?post=57342"},{"taxonomy":"product_tag","embeddable":true,"href":"https:\/\/mouldking.store\/vi\/wp-json\/wp\/v2\/product_tag?post=57342"}],"curies":[{"name":"wp","href":"https:\/\/api.w.org\/{rel}","templated":true}]}}