{"id":57407,"date":"2024-03-28T17:40:23","date_gmt":"2024-03-28T10:40:23","guid":{"rendered":"https:\/\/mouldking.store\/shop\/cada-c55026-alfa-romeo-f1-team-orlen-c42-2022-with-283-pieces\/"},"modified":"2024-03-28T17:40:30","modified_gmt":"2024-03-28T10:40:30","slug":"cada-c55026-alfa-romeo-f1-team-orlen-c42-2022-with-283-pieces","status":"publish","type":"product","link":"https:\/\/mouldking.store\/vi\/shop\/cada-c55026-alfa-romeo-f1-team-orlen-c42-2022-with-283-pieces\/","title":{"rendered":"CaDa C55026 Alfa Romeo F1 Team ORLEN C42 2022 v\u1edbi 283 m\u1ea3nh gh\u00e9p"},"content":{"rendered":"<div>\u2705CaDA C55026 Alfa Romeo F1 \u0110\u1ed9i ORLEN C42 2022&nbsp;<\/p>\n<p>\u2705Alfa Romeo F1 Team ORLEN C42 l\u00e0 m\u1ed9t chi\u1ebfc xe \u0111ua C\u00f4ng th\u1ee9c 1 do \u0111\u1ed9i Alfa Romeo Racing ORLEN ph\u00e1t tri\u1ec3n cho Gi\u1ea3i v\u00f4 \u0111\u1ecbch th\u1ebf gi\u1edbi C\u00f4ng th\u1ee9c 1 n\u0103m 2022. \u0110\u1ed9i Alfa Romeo Racing ORLEN tham gia gi\u1ea3i C\u00f4ng th\u1ee9c 1 v\u00e0 c\u00f3 tr\u1ee5 s\u1edf t\u1ea1i Hinwil, Th\u1ee5y S\u0129. \u0110\u1ed9i c\u00f3 l\u1ecbch s\u1eed l\u00e2u \u0111\u1eddi trong m\u00f4n th\u1ec3 thao \u0111ua xe, c\u00f3 ngu\u1ed3n g\u1ed1c t\u1eeb nh\u1eefng n\u0103m 1950.<\/p>\n<p>\ud83d\udeab QUAN TR\u1eccNG!<\/p>\n<p>T\u00ean s\u1ea3n ph\u1ea9m: Alfa Romeo F1 Team ORLEN C42 2022&nbsp;<\/p>\n<p>Danh m\u1ee5c: K\u1ef9 thu\u1eadt<\/p>\n<p>B\u1ed9 s\u1ea3n ph\u1ea9m n\u00e0y bao g\u1ed3m: CaDA C55026<\/p>\n<p>283 vi\u00ean g\u1ea1ch ch\u1ea5t l\u01b0\u1ee3ng t\u1ed1t<\/p>\n<p>H\u01b0\u1edbng d\u1eabn th\u1ee7 c\u00f4ng<\/p>\n<p>\ud83d\udcccB\u1ea3n ch\u1ea5t c\u1ee7a nh\u00e2n v\u1eadt ch\u00ednh<\/p>\n<p>Xin gi\u1edbi thi\u1ec7u b\u1ed9 s\u01b0u t\u1eadp \u0111\u00e1ng t\u1ef1 h\u00e0o c\u1ee7a ch\u00fang t\u00f4i mang t\u00ean \u201cAlfa Romeo F1 Team ORLEN C42 2022\u201d m\u00e0 b\u1ea1n kh\u00f4ng n\u00ean b\u1ecf l\u1ee1.<\/p>\n<p>C42 tu\u00e2n theo quy \u01b0\u1edbc \u0111\u1eb7t t\u00ean \u0111\u01b0\u1ee3c c\u00e1c \u0111\u1ed9i \u0111ua C\u00f4ng th\u1ee9c 1 s\u1eed d\u1ee5ng, trong \u0111\u00f3 &quot;C&quot; l\u00e0 vi\u1ebft t\u1eaft c\u1ee7a &quot;Chassis&quot; (Khung g\u1ea7m) v\u00e0 con s\u1ed1 bi\u1ec3u th\u1ecb th\u1ee9 t\u1ef1 th\u1eddi gian c\u1ee7a thi\u1ebft k\u1ebf khung g\u1ea7m. &quot;42&quot; bi\u1ec3u th\u1ecb r\u1eb1ng \u0111\u00e2y l\u00e0 thi\u1ebft k\u1ebf khung g\u1ea7m th\u1ee9 42 c\u1ee7a \u0111\u1ed9i k\u1ec3 t\u1eeb khi th\u00e0nh l\u1eadp. ORLEN l\u00e0 m\u1ed9t nh\u00e0 l\u1ecdc d\u1ea7u v\u00e0 b\u00e1n l\u1ebb x\u0103ng d\u1ea7u c\u1ee7a Ba Lan, \u0111\u00f3ng vai tr\u00f2 l\u00e0 nh\u00e0 t\u00e0i tr\u1ee3 ch\u00ednh v\u00e0 \u0111\u1ed1i t\u00e1c chi\u1ebfn l\u01b0\u1ee3c c\u1ee7a \u0111\u1ed9i \u0111ua Alfa Romeo Racing. Quan h\u1ec7 \u0111\u1ed1i t\u00e1c gi\u1eefa Alfa Romeo v\u00e0 ORLEN b\u1eaft \u0111\u1ea7u v\u00e0o n\u0103m 2019 v\u00e0 ti\u1ebfp t\u1ee5c cho \u0111\u1ebfn m\u00f9a gi\u1ea3i 2022.<\/p><\/div>","protected":false},"excerpt":{"rendered":"<p>Th\u01b0\u01a1ng hi\u1ec7u: CaDa<br \/>\nGi\u1edbi t\u00ednh: Unisex<br \/>\n\u0110\u1ed9 tu\u1ed5i: &gt; 8 tu\u1ed5i<br \/>\nS\u1ed1 hi\u1ec7u m\u1eabu: C55026<br \/>\nPh\u00e2n lo\u1ea1i: T\u1eadp h\u1ee3p<br \/>\nH\u00ecnh d\u1ea1ng kh\u1ed1i nh\u1ef1a: G\u1ea1ch t\u1ef1 kh\u00f3a<br \/>\nCh\u1ea5t li\u1ec7u: Nh\u1ef1a<br \/>\nLo\u1ea1i nh\u1ef1a: ABS<br \/>\nKh\u1ed1i g\u1ea1ch: 283 +<br \/>\nKh\u00f4ng c\u00f3 h\u1ed9p ban \u0111\u1ea7u<\/p>","protected":false},"featured_media":57406,"comment_status":"open","ping_status":"closed","template":"","meta":{"_acf_changed":false},"product_cat":[1360,1357,364,1875],"product_tag":[12700,12778,457,1514,12702,12701,389,11080],"class_list":["product","first","instock","shipping-taxable","purchasable","product-type-simple"],"acf":[],"_links":{"self":[{"href":"https:\/\/mouldking.store\/vi\/wp-json\/wp\/v2\/product\/57407","targetHints":{"allow":["GET"]}}],"collection":[{"href":"https:\/\/mouldking.store\/vi\/wp-json\/wp\/v2\/product"}],"about":[{"href":"https:\/\/mouldking.store\/vi\/wp-json\/wp\/v2\/types\/product"}],"replies":[{"embeddable":true,"href":"https:\/\/mouldking.store\/vi\/wp-json\/wp\/v2\/comments?post=57407"}],"wp:featuredmedia":[{"embeddable":true,"href":"https:\/\/mouldking.store\/vi\/wp-json\/wp\/v2\/media\/57406"}],"wp:attachment":[{"href":"https:\/\/mouldking.store\/vi\/wp-json\/wp\/v2\/media?parent=57407"}],"wp:term":[{"taxonomy":"product_cat","embeddable":true,"href":"https:\/\/mouldking.store\/vi\/wp-json\/wp\/v2\/product_cat?post=57407"},{"taxonomy":"product_tag","embeddable":true,"href":"https:\/\/mouldking.store\/vi\/wp-json\/wp\/v2\/product_tag?post=57407"}],"curies":[{"name":"wp","href":"https:\/\/api.w.org\/{rel}","templated":true}]}}