{"id":57635,"date":"2024-04-02T18:15:53","date_gmt":"2024-04-02T11:15:53","guid":{"rendered":"https:\/\/mouldking.store\/shop\/zhegao-612022-the-lost-temple-with-1645-pieces\/"},"modified":"2024-04-02T18:16:04","modified_gmt":"2024-04-02T11:16:04","slug":"zhegao-612022-the-lost-temple-with-1645-pieces","status":"publish","type":"product","link":"https:\/\/mouldking.store\/vi\/shop\/zhegao-612022-the-lost-temple-with-1645-pieces\/","title":{"rendered":"ZHEGAO 612022 The Lost Temple with 1645 Pieces"},"content":{"rendered":"<div>\u2705ZHEGAO 612022 The Lost Temple<\/p>\n<p>\u2705In literature, film, and video games, &#8220;The Lost Temple&#8221; is a common trope used in adventure narratives. The protagonist embarks on a quest to discover the temple, facing obstacles, puzzles, and dangers along the way. The temple may be located deep in a jungle, buried beneath the sands of a desert, or hidden within a remote mountain range.<\/p>\n<p>\ud83d\udeab QUAN TR\u1eccNG!<\/p>\n<p>T\u00ean s\u1ea3n ph\u1ea9m: Ng\u00f4i \u0111\u1ec1n \u0111\u00e3 m\u1ea5t<\/p>\n<p>Danh m\u1ee5c: T\u00f2a nh\u00e0 m\u00f4-\u0111un<\/p>\n<p>This Kit Contains: ZHEGAO 612022&nbsp;<\/p>\n<p>1645 pcs Good Quality Bricks<\/p>\n<p>Size: 21.6 \u00d7 28.8 \u00d7 26.4 cm<\/p>\n<p>H\u01b0\u1edbng d\u1eabn th\u1ee7 c\u00f4ng<\/p>\n<p>\ud83d\udcccB\u1ea3n ch\u1ea5t c\u1ee7a nh\u00e2n v\u1eadt ch\u00ednh<\/p>\n<p>Xin gi\u1edbi thi\u1ec7u b\u1ed9 s\u01b0u t\u1eadp \u0111\u00e1ng t\u1ef1 h\u00e0o c\u1ee7a ch\u00fang t\u00f4i mang t\u00ean \u201cThe Lost Temple\u201d m\u00e0 b\u1ea1n kh\u00f4ng n\u00ean b\u1ecf l\u1ee1.<\/p>\n<p>&#8220;The Lost Temple&#8221; is often associated with archaeological mysteries and explorations. Archaeologists, historians, or treasure hunters seek to uncover the temple&#8217;s location and unravel its secrets, which may include ancient civilizations, religious artifacts, or valuable treasures. Many cultures have stories and legends about lost temples or sacred sites. These temples may be associated with gods, spirits, or mythical beings and hold significance in religious or cultural beliefs. The search for these lost temples can be both a physical and spiritual journey.<\/p><\/div>","protected":false},"excerpt":{"rendered":"<p>Th\u01b0\u01a1ng hi\u1ec7u: ZHEGAO<br \/>\nGi\u1edbi t\u00ednh: Unisex<br \/>\n\u0110\u1ed9 tu\u1ed5i: &gt; 14 tu\u1ed5i<br \/>\nModel Number: 612022<br \/>\nPh\u00e2n lo\u1ea1i: T\u1eadp h\u1ee3p<br \/>\nH\u00ecnh d\u1ea1ng kh\u1ed1i nh\u1ef1a: G\u1ea1ch t\u1ef1 kh\u00f3a<br \/>\nCh\u1ea5t li\u1ec7u: Nh\u1ef1a<br \/>\nLo\u1ea1i nh\u1ef1a: ABS<br \/>\nBricks Blocks: 1645 +<br \/>\nKh\u00f4ng c\u00f3 h\u1ed9p ban \u0111\u1ea7u<\/p>","protected":false},"featured_media":57634,"comment_status":"open","ping_status":"closed","template":"","meta":{"_acf_changed":false},"product_cat":[1365,1395,371,390],"product_tag":[727,11072,8452,12320,11001],"class_list":["product","first","instock","shipping-taxable","purchasable","product-type-simple"],"acf":[],"_links":{"self":[{"href":"https:\/\/mouldking.store\/vi\/wp-json\/wp\/v2\/product\/57635","targetHints":{"allow":["GET"]}}],"collection":[{"href":"https:\/\/mouldking.store\/vi\/wp-json\/wp\/v2\/product"}],"about":[{"href":"https:\/\/mouldking.store\/vi\/wp-json\/wp\/v2\/types\/product"}],"replies":[{"embeddable":true,"href":"https:\/\/mouldking.store\/vi\/wp-json\/wp\/v2\/comments?post=57635"}],"wp:featuredmedia":[{"embeddable":true,"href":"https:\/\/mouldking.store\/vi\/wp-json\/wp\/v2\/media\/57634"}],"wp:attachment":[{"href":"https:\/\/mouldking.store\/vi\/wp-json\/wp\/v2\/media?parent=57635"}],"wp:term":[{"taxonomy":"product_cat","embeddable":true,"href":"https:\/\/mouldking.store\/vi\/wp-json\/wp\/v2\/product_cat?post=57635"},{"taxonomy":"product_tag","embeddable":true,"href":"https:\/\/mouldking.store\/vi\/wp-json\/wp\/v2\/product_tag?post=57635"}],"curies":[{"name":"wp","href":"https:\/\/api.w.org\/{rel}","templated":true}]}}