{"id":57881,"date":"2024-04-03T16:36:07","date_gmt":"2024-04-03T09:36:07","guid":{"rendered":"https:\/\/mouldking.store\/shop\/mork-033051-viking-cottage-with-3129-pieces\/"},"modified":"2024-04-03T16:36:16","modified_gmt":"2024-04-03T09:36:16","slug":"mork-033051-viking-cottage-with-3129-pieces","status":"publish","type":"product","link":"https:\/\/mouldking.store\/vi\/shop\/mork-033051-viking-cottage-with-3129-pieces\/","title":{"rendered":"MORK 033051 Viking Cottage with 3129 Pieces"},"content":{"rendered":"<div>\u2705XMORK 033051 Viking Cottage<\/p>\n<p>\u2705A &#8220;Viking Cottage&#8221; could refer to a cottage-style dwelling inspired by the architecture and design aesthetics associated with the Vikings, who were seafaring people from Scandinavia during the Viking Age (roughly 793 to 1066 AD).<\/p>\n<p>\ud83d\udeab QUAN TR\u1eccNG!<\/p>\n<p>Product Name: Viking Cottage<\/p>\n<p>Danh m\u1ee5c: T\u00f2a nh\u00e0 m\u00f4-\u0111un<\/p>\n<p>This Kit Contains: XMORK 033051&nbsp;<\/p>\n<p>3129 pcs Good Quality Bricks<\/p>\n<p>Size: 41 \u00d7 28.7 \u00d7 24.8 cm<\/p>\n<p>H\u01b0\u1edbng d\u1eabn th\u1ee7 c\u00f4ng<\/p>\n<p>\ud83d\udcccB\u1ea3n ch\u1ea5t c\u1ee7a nh\u00e2n v\u1eadt ch\u00ednh<\/p>\n<p>Introducing our proud collection named \u201cViking Cottage\u201d you should not miss.<\/p>\n<p>A Viking Cottage might incorporate architectural elements and design motifs inspired by traditional Viking longhouses or other structures from the Viking era. This could include features such as steeply pitched roofs, timber framing, thatched roofs, and decorative carvings. Traditional building materials used in Viking architecture might be incorporated into the construction of the cottage. This could include timber, stone, thatch, and possibly other natural materials sourced from the local environment.<\/p><\/div>","protected":false},"excerpt":{"rendered":"<p>Th\u01b0\u01a1ng hi\u1ec7u: MORK<br \/>\nGi\u1edbi t\u00ednh: Unisex<br \/>\n\u0110\u1ed9 tu\u1ed5i: &gt; 6 tu\u1ed5i<br \/>\nModel Number: 033051<br \/>\nPh\u00e2n lo\u1ea1i: T\u1eadp h\u1ee3p<br \/>\nH\u00ecnh d\u1ea1ng kh\u1ed1i nh\u1ef1a: G\u1ea1ch t\u1ef1 kh\u00f3a<br \/>\nCh\u1ea5t li\u1ec7u: Nh\u1ef1a<br \/>\nLo\u1ea1i nh\u1ef1a: ABS<br \/>\nBricks Blocks: 3129 +<br \/>\nKh\u00f4ng c\u00f3 h\u1ed9p ban \u0111\u1ea7u<\/p>","protected":false},"featured_media":57880,"comment_status":"open","ping_status":"closed","template":"","meta":{"_acf_changed":false},"product_cat":[1365,1395,371,390],"product_tag":[11072,8452,11201,392,13257],"class_list":["product","first","instock","shipping-taxable","purchasable","product-type-simple"],"acf":[],"_links":{"self":[{"href":"https:\/\/mouldking.store\/vi\/wp-json\/wp\/v2\/product\/57881","targetHints":{"allow":["GET"]}}],"collection":[{"href":"https:\/\/mouldking.store\/vi\/wp-json\/wp\/v2\/product"}],"about":[{"href":"https:\/\/mouldking.store\/vi\/wp-json\/wp\/v2\/types\/product"}],"replies":[{"embeddable":true,"href":"https:\/\/mouldking.store\/vi\/wp-json\/wp\/v2\/comments?post=57881"}],"wp:featuredmedia":[{"embeddable":true,"href":"https:\/\/mouldking.store\/vi\/wp-json\/wp\/v2\/media\/57880"}],"wp:attachment":[{"href":"https:\/\/mouldking.store\/vi\/wp-json\/wp\/v2\/media?parent=57881"}],"wp:term":[{"taxonomy":"product_cat","embeddable":true,"href":"https:\/\/mouldking.store\/vi\/wp-json\/wp\/v2\/product_cat?post=57881"},{"taxonomy":"product_tag","embeddable":true,"href":"https:\/\/mouldking.store\/vi\/wp-json\/wp\/v2\/product_tag?post=57881"}],"curies":[{"name":"wp","href":"https:\/\/api.w.org\/{rel}","templated":true}]}}