{"id":58124,"date":"2024-05-10T18:05:12","date_gmt":"2024-05-10T11:05:12","guid":{"rendered":"https:\/\/mouldking.store\/shop\/mork-10211-books-city-library-with-2143-pieces\/"},"modified":"2024-05-10T18:05:27","modified_gmt":"2024-05-10T11:05:27","slug":"mork-10211-books-city-library-with-2143-pieces","status":"publish","type":"product","link":"https:\/\/mouldking.store\/vi\/shop\/mork-10211-books-city-library-with-2143-pieces\/","title":{"rendered":"MORK 10211 Books City Library with 2143 Pieces"},"content":{"rendered":"<div>\u2705XMORK 10211 Books City Library<\/p>\n<p>\u2705In this interpretation, the &#8220;Books City Library&#8221; could refer to a library situated within a city renowned for its rich literary heritage. This library might house extensive collections of books, manuscripts, and literary artifacts, celebrating the works of local authors, hosting literary events, and serving as a hub for book lovers and writers alike. It could also feature unique architectural design elements inspired by the city&#8217;s urban landscape or literary landmarks.<\/p>\n<p>\ud83d\udeab QUAN TR\u1eccNG!<\/p>\n<p>Product Name: Books City Library<\/p>\n<p>Category: Modular Buildings<\/p>\n<p>This Kit Contains: XMORK 10211&nbsp;<\/p>\n<p>2143 pcs Good Quality Bricks<\/p>\n<p>Size: 25.5 \u00d7 19 \u00d7 25.5 cm<\/p>\n<p>H\u01b0\u1edbng d\u1eabn th\u1ee7 c\u00f4ng<\/p>\n<p>\ud83d\udcccB\u1ea3n ch\u1ea5t c\u1ee7a nh\u00e2n v\u1eadt ch\u00ednh<\/p>\n<p>Introducing our proud collection named \u201cBooks City Library\u201d you should not miss.<\/p>\n<p>Alternatively, the &#8220;Books City Library&#8221; could be a conceptual design for a library that resembles a miniature city. Each section or collection within the library could be represented as a different &#8220;district&#8221; or &#8220;neighborhood,&#8221; with books arranged like buildings lining the &#8220;streets&#8221; or &#8220;avenues.&#8221; Visitors could navigate through the library as if exploring a city, with different genres or topics represented by distinct architectural styles or thematic elements. This creative approach could make browsing for books a truly immersive and memorable experience.<\/p><\/div>","protected":false},"excerpt":{"rendered":"<p>Th\u01b0\u01a1ng hi\u1ec7u: MORK<br \/>\nGi\u1edbi t\u00ednh: Unisex<br \/>\n\u0110\u1ed9 tu\u1ed5i: &gt; 6 tu\u1ed5i<br \/>\nModel Number: 10211<br \/>\nPh\u00e2n lo\u1ea1i: T\u1eadp h\u1ee3p<br \/>\nH\u00ecnh d\u1ea1ng kh\u1ed1i nh\u1ef1a: G\u1ea1ch t\u1ef1 kh\u00f3a<br \/>\nCh\u1ea5t li\u1ec7u: Nh\u1ef1a<br \/>\nLo\u1ea1i nh\u1ef1a: ABS<br \/>\nBricks Blocks: 2143 +<br \/>\nKh\u00f4ng c\u00f3 h\u1ed9p ban \u0111\u1ea7u<br \/>\nS\u1ea3n ph\u1ea9m kh\u00f4ng bao g\u1ed3m STICKER v\u00e0 IN IN. T\u1ea5t c\u1ea3 c\u00e1c b\u1ed9 ph\u1eadn \u0111\u00e3 in s\u1ebd \u0111\u01b0\u1ee3c thay th\u1ebf b\u1eb1ng c\u00e1c b\u1ed9 ph\u1eadn ti\u00eau chu\u1ea9n v\u00e0 kh\u00f4ng \u0103n nh\u1eadp v\u1edbi c\u00e1c ph\u1ee5 ki\u1ec7n c\u1ee7a b\u00ean th\u1ee9 3.<\/p>","protected":false},"featured_media":58123,"comment_status":"open","ping_status":"closed","template":"","meta":{"_acf_changed":false},"product_cat":[1395,1502,390],"product_tag":[11244,4883,12449,5679,392],"class_list":["product","first","instock","shipping-taxable","purchasable","product-type-simple"],"acf":[],"_links":{"self":[{"href":"https:\/\/mouldking.store\/vi\/wp-json\/wp\/v2\/product\/58124","targetHints":{"allow":["GET"]}}],"collection":[{"href":"https:\/\/mouldking.store\/vi\/wp-json\/wp\/v2\/product"}],"about":[{"href":"https:\/\/mouldking.store\/vi\/wp-json\/wp\/v2\/types\/product"}],"replies":[{"embeddable":true,"href":"https:\/\/mouldking.store\/vi\/wp-json\/wp\/v2\/comments?post=58124"}],"wp:featuredmedia":[{"embeddable":true,"href":"https:\/\/mouldking.store\/vi\/wp-json\/wp\/v2\/media\/58123"}],"wp:attachment":[{"href":"https:\/\/mouldking.store\/vi\/wp-json\/wp\/v2\/media?parent=58124"}],"wp:term":[{"taxonomy":"product_cat","embeddable":true,"href":"https:\/\/mouldking.store\/vi\/wp-json\/wp\/v2\/product_cat?post=58124"},{"taxonomy":"product_tag","embeddable":true,"href":"https:\/\/mouldking.store\/vi\/wp-json\/wp\/v2\/product_tag?post=58124"}],"curies":[{"name":"wp","href":"https:\/\/api.w.org\/{rel}","templated":true}]}}