{"id":58131,"date":"2024-05-10T18:30:45","date_gmt":"2024-05-10T11:30:45","guid":{"rendered":"https:\/\/mouldking.store\/shop\/cada-c56031-dongfeng-21d-anti-ship-ballistic-missile-with-6351-pieces\/"},"modified":"2024-05-10T18:30:51","modified_gmt":"2024-05-10T11:30:51","slug":"cada-c56031-dongfeng-21d-anti-ship-ballistic-missile-with-6351-pieces","status":"publish","type":"product","link":"https:\/\/mouldking.store\/vi\/shop\/cada-c56031-dongfeng-21d-anti-ship-ballistic-missile-with-6351-pieces\/","title":{"rendered":"CaDa C56031 Dongfeng-21D Anti-Ship Ballistic Missile with 6351 Pieces"},"content":{"rendered":"<div>\u2705CaDA C56031 Dongfeng-21D Anti-Ship Ballistic Missile<\/p>\n<p>\u2705The Dongfeng-21D (DF-21D) is a Chinese anti-ship ballistic missile (ASBM) system developed by the People&#8217;s Liberation Army (PLA) of China. The DF-21D is designed to target and destroy enemy ships, particularly aircraft carriers, as part of China&#8217;s anti-access\/area denial (A2\/AD) strategy. It is intended to provide the PLA with the capability to threaten naval vessels operating in the western Pacific Ocean.<\/p>\n<p>\ud83d\udeab QUAN TR\u1eccNG!<\/p>\n<p>Product Name: Dongfeng-21D Anti-Ship Ballistic Missile<\/p>\n<p>Th\u1ec3 lo\u1ea1i: Qu\u00e2n s\u1ef1<\/p>\n<p>This Kit Contains: CaDA C56031<\/p>\n<p>6351 pcs Good Quality Bricks<\/p>\n<p>Size: 117 \u00d7 30.4 \u00d7 30.7 cm<\/p>\n<p>H\u01b0\u1edbng d\u1eabn th\u1ee7 c\u00f4ng<\/p>\n<p>\ud83d\udcccB\u1ea3n ch\u1ea5t c\u1ee7a nh\u00e2n v\u1eadt ch\u00ednh<\/p>\n<p>Introducing our proud collection named \u201cDongfeng-21D Anti-Ship Ballistic Missile\u201d you should not miss.<\/p>\n<p>The DF-21D is a land-based ballistic missile system with a range estimated to be over 1,500 kilometers (930 miles). It is launched from a transporter-erector-launcher (TEL) vehicle and uses a ballistic trajectory to reach its target.One of the most notable features of the DF-21D is its ability to maneuver during its terminal phase of flight. It is believed to use a combination of satellite navigation and onboard radar systems to guide itself to its target, allowing it to adjust its trajectory to counteract the movements of the targeted ship.<\/p><\/div>","protected":false},"excerpt":{"rendered":"<p>Th\u01b0\u01a1ng hi\u1ec7u: CaDa<br \/>\nGi\u1edbi t\u00ednh: Unisex<br \/>\n\u0110\u1ed9 tu\u1ed5i: &gt; 8 tu\u1ed5i<br \/>\nModel Number: C56031<br \/>\nPh\u00e2n lo\u1ea1i: T\u1eadp h\u1ee3p<br \/>\nH\u00ecnh d\u1ea1ng kh\u1ed1i nh\u1ef1a: G\u1ea1ch t\u1ef1 kh\u00f3a<br \/>\nCh\u1ea5t li\u1ec7u: Nh\u1ef1a<br \/>\nLo\u1ea1i nh\u1ef1a: ABS<br \/>\nBricks Blocks: 6351 +<br \/>\nKh\u00f4ng c\u00f3 h\u1ed9p ban \u0111\u1ea7u<br \/>\nS\u1ea3n ph\u1ea9m kh\u00f4ng bao g\u1ed3m STICKER v\u00e0 IN IN. T\u1ea5t c\u1ea3 c\u00e1c b\u1ed9 ph\u1eadn \u0111\u00e3 in s\u1ebd \u0111\u01b0\u1ee3c thay th\u1ebf b\u1eb1ng c\u00e1c b\u1ed9 ph\u1eadn ti\u00eau chu\u1ea9n v\u00e0 kh\u00f4ng \u0103n nh\u1eadp v\u1edbi c\u00e1c ph\u1ee5 ki\u1ec7n c\u1ee7a b\u00ean th\u1ee9 3.<\/p>","protected":false},"featured_media":58130,"comment_status":"open","ping_status":"closed","template":"","meta":{"_acf_changed":false},"product_cat":[1350,1357,372,364],"product_tag":[13261,13262,7742,13260,374,11374,389],"class_list":["product","first","instock","shipping-taxable","purchasable","product-type-simple"],"acf":[],"_links":{"self":[{"href":"https:\/\/mouldking.store\/vi\/wp-json\/wp\/v2\/product\/58131","targetHints":{"allow":["GET"]}}],"collection":[{"href":"https:\/\/mouldking.store\/vi\/wp-json\/wp\/v2\/product"}],"about":[{"href":"https:\/\/mouldking.store\/vi\/wp-json\/wp\/v2\/types\/product"}],"replies":[{"embeddable":true,"href":"https:\/\/mouldking.store\/vi\/wp-json\/wp\/v2\/comments?post=58131"}],"wp:featuredmedia":[{"embeddable":true,"href":"https:\/\/mouldking.store\/vi\/wp-json\/wp\/v2\/media\/58130"}],"wp:attachment":[{"href":"https:\/\/mouldking.store\/vi\/wp-json\/wp\/v2\/media?parent=58131"}],"wp:term":[{"taxonomy":"product_cat","embeddable":true,"href":"https:\/\/mouldking.store\/vi\/wp-json\/wp\/v2\/product_cat?post=58131"},{"taxonomy":"product_tag","embeddable":true,"href":"https:\/\/mouldking.store\/vi\/wp-json\/wp\/v2\/product_tag?post=58131"}],"curies":[{"name":"wp","href":"https:\/\/api.w.org\/{rel}","templated":true}]}}