{"id":58355,"date":"2024-05-16T18:50:22","date_gmt":"2024-05-16T11:50:22","guid":{"rendered":"https:\/\/mouldking.store\/shop\/pantasy-11017-xiamen-airlines-787-aircraft-with-740-pieces\/"},"modified":"2024-05-16T18:50:29","modified_gmt":"2024-05-16T11:50:29","slug":"pantasy-11017-xiamen-airlines-787-aircraft-with-740-pieces","status":"publish","type":"product","link":"https:\/\/mouldking.store\/vi\/shop\/pantasy-11017-xiamen-airlines-787-aircraft-with-740-pieces\/","title":{"rendered":"M\u00e1y bay Pantasy 11017 Xiamen Airlines 787 v\u1edbi 740 chi\u1ebfc"},"content":{"rendered":"<div>\u2705M\u00e1y bay 787 c\u1ee7a h\u00e3ng h\u00e0ng kh\u00f4ng Xiamen Airlines 11017&nbsp;<\/p>\n<p>\u2705Xiamen Airlines khai th\u00e1c Boeing 787 Dreamliner, m\u1ed9t lo\u1ea1i m\u00e1y bay th\u00e2n r\u1ed9ng, t\u1ea7m xa do Boeing Commercial Airplanes s\u1ea3n xu\u1ea5t. Xiamen Airlines c\u00f3 th\u1ec3 khai th\u00e1c nhi\u1ec1u bi\u1ebfn th\u1ec3 kh\u00e1c nhau c\u1ee7a Boeing 787, bao g\u1ed3m 787-8, 787-9 v\u00e0 c\u00f3 th\u1ec3 l\u00e0 c\u00e1c m\u1eabu 787-10 m\u1edbi h\u01a1n.<\/p>\n<p>\ud83d\udeab QUAN TR\u1eccNG!<\/p>\n<p>T\u00ean s\u1ea3n ph\u1ea9m: M\u00e1y bay Xiamen Airlines 787&nbsp;<\/p>\n<p>Danh m\u1ee5c: K\u1ef9 thu\u1eadt<\/p>\n<p>B\u1ed9 s\u1ea3n ph\u1ea9m n\u00e0y bao g\u1ed3m: Qu\u1ea7n l\u00f3t 11017<\/p>\n<p>740 vi\u00ean g\u1ea1ch ch\u1ea5t l\u01b0\u1ee3ng t\u1ed1t<\/p>\n<p>K\u00edch th\u01b0\u1edbc: 55 \u00d7 55 \u00d7 23 cm<\/p>\n<p>H\u01b0\u1edbng d\u1eabn th\u1ee7 c\u00f4ng<\/p>\n<p>\ud83d\udcccB\u1ea3n ch\u1ea5t c\u1ee7a nh\u00e2n v\u1eadt ch\u00ednh<\/p>\n<p>Xin gi\u1edbi thi\u1ec7u b\u1ed9 s\u01b0u t\u1eadp \u0111\u00e1ng t\u1ef1 h\u00e0o c\u1ee7a ch\u00fang t\u00f4i mang t\u00ean \u201cM\u00e1y bay 787 c\u1ee7a Xiamen Airlines\u201d m\u00e0 b\u1ea1n kh\u00f4ng n\u00ean b\u1ecf l\u1ee1.<\/p>\n<p>C\u1ea5u h\u00ecnh ch\u1ed7 ng\u1ed3i v\u00e0 s\u1ee9c ch\u1ee9a ch\u00ednh x\u00e1c c\u1ee7a m\u00e1y bay Boeing 787 c\u1ee7a Xiamen Airlines c\u00f3 th\u1ec3 thay \u0111\u1ed5i t\u00f9y thu\u1ed9c v\u00e0o bi\u1ebfn th\u1ec3 v\u00e0 c\u00e1ch b\u1ed1 tr\u00ed cabin c\u1ee5 th\u1ec3 do h\u00e3ng h\u00e0ng kh\u00f4ng l\u1ef1a ch\u1ecdn. Th\u00f4ng th\u01b0\u1eddng, 787 c\u00f3 th\u1ec3 ch\u1ee9a t\u1eeb kho\u1ea3ng 240 \u0111\u1ebfn 330 h\u00e0nh kh\u00e1ch, t\u00f9y thu\u1ed9c v\u00e0o bi\u1ebfn th\u1ec3 v\u00e0 c\u1ea5u h\u00ecnh ch\u1ed7 ng\u1ed3i. Boeing 787 Dreamliner \u0111\u01b0\u1ee3c bi\u1ebft \u0111\u1ebfn v\u1edbi c\u00e1c t\u00ednh n\u0103ng ti\u00ean ti\u1ebfn v\u00e0 ti\u1ec7n nghi cho h\u00e0nh kh\u00e1ch, bao g\u1ed3m c\u1eeda s\u1ed5 l\u1edbn h\u01a1n v\u1edbi ch\u1ee9c n\u0103ng l\u00e0m m\u1edd \u0111i\u1ec7n t\u1eed, c\u1ea3i thi\u1ec7n \u00e1p su\u1ea5t cabin \u0111\u1ec3 c\u00f3 tr\u1ea3i nghi\u1ec7m bay tho\u1ea3i m\u00e1i h\u01a1n, h\u1ec7 th\u1ed1ng l\u1ecdc kh\u00f4ng kh\u00ed \u0111\u01b0\u1ee3c c\u1ea3i ti\u1ebfn v\u00e0 \u0111\u1ed9ng c\u01a1 \u00eam h\u01a1n so v\u1edbi m\u00e1y bay th\u1ebf h\u1ec7 tr\u01b0\u1edbc.<\/p><\/div>","protected":false},"excerpt":{"rendered":"<p>Th\u01b0\u01a1ng hi\u1ec7u: pantasy<br \/>\nGi\u1edbi t\u00ednh: Unisex<br \/>\n\u0110\u1ed9 tu\u1ed5i: &gt; 6 tu\u1ed5i<br \/>\nS\u1ed1 hi\u1ec7u: 11017<br \/>\nPh\u00e2n lo\u1ea1i: T\u1eadp h\u1ee3p<br \/>\nH\u00ecnh d\u1ea1ng kh\u1ed1i nh\u1ef1a: G\u1ea1ch t\u1ef1 kh\u00f3a<br \/>\nCh\u1ea5t li\u1ec7u: Nh\u1ef1a<br \/>\nLo\u1ea1i nh\u1ef1a: ABS<br \/>\nKh\u1ed1i g\u1ea1ch: 740 +<br \/>\nKh\u00f4ng c\u00f3 h\u1ed9p ban \u0111\u1ea7u<\/p>","protected":false},"featured_media":58354,"comment_status":"open","ping_status":"closed","template":"","meta":{"_acf_changed":false},"product_cat":[1357,364],"product_tag":[5271,12774,389,11080,13288],"class_list":["product","first","instock","shipping-taxable","purchasable","product-type-simple"],"acf":[],"_links":{"self":[{"href":"https:\/\/mouldking.store\/vi\/wp-json\/wp\/v2\/product\/58355","targetHints":{"allow":["GET"]}}],"collection":[{"href":"https:\/\/mouldking.store\/vi\/wp-json\/wp\/v2\/product"}],"about":[{"href":"https:\/\/mouldking.store\/vi\/wp-json\/wp\/v2\/types\/product"}],"replies":[{"embeddable":true,"href":"https:\/\/mouldking.store\/vi\/wp-json\/wp\/v2\/comments?post=58355"}],"wp:featuredmedia":[{"embeddable":true,"href":"https:\/\/mouldking.store\/vi\/wp-json\/wp\/v2\/media\/58354"}],"wp:attachment":[{"href":"https:\/\/mouldking.store\/vi\/wp-json\/wp\/v2\/media?parent=58355"}],"wp:term":[{"taxonomy":"product_cat","embeddable":true,"href":"https:\/\/mouldking.store\/vi\/wp-json\/wp\/v2\/product_cat?post=58355"},{"taxonomy":"product_tag","embeddable":true,"href":"https:\/\/mouldking.store\/vi\/wp-json\/wp\/v2\/product_tag?post=58355"}],"curies":[{"name":"wp","href":"https:\/\/api.w.org\/{rel}","templated":true}]}}