{"id":58386,"date":"2024-05-17T17:03:34","date_gmt":"2024-05-17T10:03:34","guid":{"rendered":"https:\/\/mouldking.store\/shop\/custom-92199-ship-in-a-bottle-the-flying-dutchman-with-1100-pieces\/"},"modified":"2024-05-17T17:03:40","modified_gmt":"2024-05-17T10:03:40","slug":"custom-92199-ship-in-a-bottle-the-flying-dutchman-with-1100-pieces","status":"publish","type":"product","link":"https:\/\/mouldking.store\/vi\/shop\/custom-92199-ship-in-a-bottle-the-flying-dutchman-with-1100-pieces\/","title":{"rendered":"Custom 92199 Ship in a Bottle The Flying Dutchman with 1100 Pieces"},"content":{"rendered":"<div>\u2705Custom 92199 Ship in a Bottle The Flying Dutchman<\/p>\n<p>\u2705The Flying Dutchman is a legendary ghost ship said to be doomed to sail the oceans forever, never able to make port.&nbsp;<\/p>\n<p>\ud83d\udeab QUAN TR\u1eccNG!<\/p>\n<p>Product Name: Ship in a Bottle The Flying Dutchman<\/p>\n<p>Th\u1ec3 lo\u1ea1i: Ng\u01b0\u1eddi s\u00e1ng t\u1ea1o<\/p>\n<p>This Kit Contains: Custom 92199<\/p>\n<p>1100 pcs Good Quality Bricks<\/p>\n<p>H\u01b0\u1edbng d\u1eabn th\u1ee7 c\u00f4ng<\/p>\n<p>\ud83d\udcccB\u1ea3n ch\u1ea5t c\u1ee7a nh\u00e2n v\u1eadt ch\u00ednh<\/p>\n<p>Introducing our proud collection named \u201cShip in a Bottle The Flying Dutchman\u201d you should not miss.<\/p>\n<p>The legend of the Flying Dutchman has its roots in nautical folklore and has been passed down through generations of sailors and seafarers. The earliest written references to the Flying Dutchman appear in 18th-century maritime literature, with sightings reported by sailors who claimed to have encountered the phantom ship.<\/p><\/div>","protected":false},"excerpt":{"rendered":"<p>Th\u01b0\u01a1ng hi\u1ec7u: T\u00f9y ch\u1ec9nh<br \/>\nGi\u1edbi t\u00ednh: Unisex<br \/>\n\u0110\u1ed9 tu\u1ed5i: &gt; 6 tu\u1ed5i<br \/>\nModel Number: 92199<br \/>\nPh\u00e2n lo\u1ea1i: T\u1eadp h\u1ee3p<br \/>\nH\u00ecnh d\u1ea1ng kh\u1ed1i nh\u1ef1a: G\u1ea1ch t\u1ef1 kh\u00f3a<br \/>\nCh\u1ea5t li\u1ec7u: Nh\u1ef1a<br \/>\nLo\u1ea1i nh\u1ef1a: ABS<br \/>\nBricks Blocks: 1100 +<br \/>\nKh\u00f4ng c\u00f3 h\u1ed9p ban \u0111\u1ea7u<br \/>\nS\u1ea3n ph\u1ea9m kh\u00f4ng bao g\u1ed3m STICKER v\u00e0 IN IN. T\u1ea5t c\u1ea3 c\u00e1c b\u1ed9 ph\u1eadn \u0111\u00e3 in s\u1ebd \u0111\u01b0\u1ee3c thay th\u1ebf b\u1eb1ng c\u00e1c b\u1ed9 ph\u1eadn ti\u00eau chu\u1ea9n v\u00e0 kh\u00f4ng \u0103n nh\u1eadp v\u1edbi c\u00e1c ph\u1ee5 ki\u1ec7n c\u1ee7a b\u00ean th\u1ee9 3.<\/p>","protected":false},"featured_media":58385,"comment_status":"open","ping_status":"closed","template":"","meta":{"_acf_changed":false},"product_cat":[1365,371],"product_tag":[12378,11072,8452,12303,12302,12725,8704,304],"class_list":["product","first","instock","shipping-taxable","purchasable","product-type-simple"],"acf":[],"_links":{"self":[{"href":"https:\/\/mouldking.store\/vi\/wp-json\/wp\/v2\/product\/58386","targetHints":{"allow":["GET"]}}],"collection":[{"href":"https:\/\/mouldking.store\/vi\/wp-json\/wp\/v2\/product"}],"about":[{"href":"https:\/\/mouldking.store\/vi\/wp-json\/wp\/v2\/types\/product"}],"replies":[{"embeddable":true,"href":"https:\/\/mouldking.store\/vi\/wp-json\/wp\/v2\/comments?post=58386"}],"wp:featuredmedia":[{"embeddable":true,"href":"https:\/\/mouldking.store\/vi\/wp-json\/wp\/v2\/media\/58385"}],"wp:attachment":[{"href":"https:\/\/mouldking.store\/vi\/wp-json\/wp\/v2\/media?parent=58386"}],"wp:term":[{"taxonomy":"product_cat","embeddable":true,"href":"https:\/\/mouldking.store\/vi\/wp-json\/wp\/v2\/product_cat?post=58386"},{"taxonomy":"product_tag","embeddable":true,"href":"https:\/\/mouldking.store\/vi\/wp-json\/wp\/v2\/product_tag?post=58386"}],"curies":[{"name":"wp","href":"https:\/\/api.w.org\/{rel}","templated":true}]}}