{"id":58499,"date":"2024-05-22T17:40:50","date_gmt":"2024-05-22T10:40:50","guid":{"rendered":"https:\/\/mouldking.store\/shop\/moc-factory-89141-tribune-tower-skyscraper-with-14618-pieces\/"},"modified":"2025-12-16T20:59:10","modified_gmt":"2025-12-16T13:59:10","slug":"moc-factory-89141-tribune-tower-skyscraper-with-14618-pieces","status":"publish","type":"product","link":"https:\/\/mouldking.store\/vi\/shop\/moc-factory-89141-tribune-tower-skyscraper-with-14618-pieces\/","title":{"rendered":"MOC Factory 89141 Tribune Tower Skyscraper with 14618 Pieces"},"content":{"rendered":"<div>\u2705MOC-89141 Tribune Tower Skyscraper<\/p>\n<p>\u2705The Tribune Tower is a historic skyscraper located in Chicago, Illinois, USA. It stands as a symbol of the city&#8217;s architectural heritage and serves as a prominent landmark in the downtown area.&nbsp;<\/p>\n<p>\ud83d\udeab QUAN TR\u1eccNG!<\/p>\n<p>Product Name: Tribune Tower Skyscraper<\/p>\n<p>Danh m\u1ee5c: T\u00f2a nh\u00e0 m\u00f4-\u0111un<\/p>\n<p>This Kit Contains: C9740<\/p>\n<p>14618&nbsp; pcs Good Quality Bricks<\/p>\n<p>Size: 54 x 52 x 125 cm<\/p>\n<p>Weight: 12.983 kg<\/p>\n<p>H\u01b0\u1edbng d\u1eabn th\u1ee7 c\u00f4ng<\/p>\n<p>\ud83d\udcccB\u1ea3n ch\u1ea5t c\u1ee7a nh\u00e2n v\u1eadt ch\u00ednh<\/p>\n<p>Introducing our proud collection named \u201cTribune Tower Skyscraper\u201d you should not miss.<\/p>\n<p>The Tribune Tower is situated at 435 North Michigan Avenue in the Magnificent Mile district of downtown Chicago. Its prime location offers stunning views of the Chicago River and Lake Michigan.The Tribune Tower was completed in 1925 and served as the headquarters of the Chicago Tribune newspaper until 2018. It was built as a result of a design competition held by the newspaper to construct a new headquarters building. The winning design, by architects John Mead Howells and Raymond Hood, combined Gothic Revival and Art Deco architectural styles.The Tribune Tower is known for its distinctive design, characterized by its neo-Gothic facade adorned with ornate details and flying buttresses. The building rises 36 stories and reaches a height of 462 feet (141 meters). One of its most notable features is the collection of over 150 fragments of famous buildings and landmarks from around the world embedded in its exterior walls, including pieces from the Great Wall of China, the Parthenon, and the Taj Mahal.<\/p><\/div>","protected":false},"excerpt":{"rendered":"<p>Th\u01b0\u01a1ng hi\u1ec7u: Nh\u00e0 m\u00e1y M\u1ed8C<br \/>\nGi\u1edbi t\u00ednh: Unisex<br \/>\n\u0110\u1ed9 tu\u1ed5i: &gt; 14 tu\u1ed5i<br \/>\nModel Number: 89141<br \/>\nPh\u00e2n lo\u1ea1i: T\u1eadp h\u1ee3p<br \/>\nH\u00ecnh d\u1ea1ng kh\u1ed1i nh\u1ef1a: G\u1ea1ch t\u1ef1 kh\u00f3a<br \/>\nCh\u1ea5t li\u1ec7u: Nh\u1ef1a<br \/>\nLo\u1ea1i nh\u1ef1a: ABS<br \/>\nBricks Blocks: 14618 +<br \/>\nKh\u00f4ng c\u00f3 h\u1ed9p ban \u0111\u1ea7u<\/p>","protected":false},"featured_media":58498,"comment_status":"open","ping_status":"closed","template":"","meta":{"_acf_changed":false},"product_cat":[1395,1502,390],"product_tag":[4883,392,13309,2302,13308],"class_list":["product","first","instock","shipping-taxable","purchasable","product-type-simple"],"acf":[],"_links":{"self":[{"href":"https:\/\/mouldking.store\/vi\/wp-json\/wp\/v2\/product\/58499","targetHints":{"allow":["GET"]}}],"collection":[{"href":"https:\/\/mouldking.store\/vi\/wp-json\/wp\/v2\/product"}],"about":[{"href":"https:\/\/mouldking.store\/vi\/wp-json\/wp\/v2\/types\/product"}],"replies":[{"embeddable":true,"href":"https:\/\/mouldking.store\/vi\/wp-json\/wp\/v2\/comments?post=58499"}],"wp:featuredmedia":[{"embeddable":true,"href":"https:\/\/mouldking.store\/vi\/wp-json\/wp\/v2\/media\/58498"}],"wp:attachment":[{"href":"https:\/\/mouldking.store\/vi\/wp-json\/wp\/v2\/media?parent=58499"}],"wp:term":[{"taxonomy":"product_cat","embeddable":true,"href":"https:\/\/mouldking.store\/vi\/wp-json\/wp\/v2\/product_cat?post=58499"},{"taxonomy":"product_tag","embeddable":true,"href":"https:\/\/mouldking.store\/vi\/wp-json\/wp\/v2\/product_tag?post=58499"}],"curies":[{"name":"wp","href":"https:\/\/api.w.org\/{rel}","templated":true}]}}