{"id":58539,"date":"2024-05-29T12:03:55","date_gmt":"2024-05-29T05:03:55","guid":{"rendered":"https:\/\/mouldking.store\/shop\/moc-factory-160521-ratatouille-gusteaus-restaurant-with-2986-pieces\/"},"modified":"2025-12-16T20:59:10","modified_gmt":"2025-12-16T13:59:10","slug":"moc-factory-160521-ratatouille-gusteaus-restaurant-with-2986-pieces","status":"publish","type":"product","link":"https:\/\/mouldking.store\/vi\/shop\/moc-factory-160521-ratatouille-gusteaus-restaurant-with-2986-pieces\/","title":{"rendered":"MOC Factory 160521 Ratatouille Gusteau&#8217;s Restaurant with 2986 Pieces"},"content":{"rendered":"<div>\u2705MOC-160521 Ratatouille Gusteau&#8217;s Restaurant<\/p>\n<p>\u2705Gusteau&#8217;s Restaurant is a prestigious fine dining establishment located in Paris, founded by the renowned chef Auguste Gusteau. It was once celebrated as one of the finest restaurants in France, known for its innovative cuisine and Gusteau&#8217;s famous motto, &#8220;Anyone Can Cook.&#8221;<\/p>\n<p>\ud83d\udeab QUAN TR\u1eccNG!<\/p>\n<p>Product Name: Ratatouille Gusteau&#8217;s Restaurant<\/p>\n<p>Danh m\u1ee5c: T\u00f2a nh\u00e0 m\u00f4-\u0111un<\/p>\n<p>This Kit Contains: C9877<\/p>\n<p>2986&nbsp; pcs Good Quality Bricks<\/p>\n<p>Size: 40 x 30 x 15 cm<\/p>\n<p>Weight: 2.43 kg<\/p>\n<p>H\u01b0\u1edbng d\u1eabn th\u1ee7 c\u00f4ng<\/p>\n<p>\ud83d\udcccB\u1ea3n ch\u1ea5t c\u1ee7a nh\u00e2n v\u1eadt ch\u00ednh<\/p>\n<p>Introducing our proud collection named \u201cRatatouille Gusteau&#8217;s Restaurant\u201d you should not miss.<\/p>\n<p>The restaurant&#8217;s reputation takes a hit following the death of Chef Gusteau and the subsequent takeover by the ambitious and ruthless Chef Skinner, who shifts the focus towards profit and commercialism rather than culinary excellence. The story follows the adventures of Remy, a talented rat with a refined palate and dreams of becoming a chef, who finds himself in Paris and ultimately ends up in the kitchen of Gusteau&#8217;s Restaurant. Through a series of events, Remy teams up with Linguini, a bumbling young man working as a garbage boy, and together they form an unlikely partnership. Linguini becomes the public face of the restaurant, while Remy, hidden under Linguini&#8217;s toque, secretly controls his movements and assists him in cooking.<\/p><\/div>","protected":false},"excerpt":{"rendered":"<p>Th\u01b0\u01a1ng hi\u1ec7u: Nh\u00e0 m\u00e1y M\u1ed8C<br \/>\nGi\u1edbi t\u00ednh: Unisex<br \/>\n\u0110\u1ed9 tu\u1ed5i: &gt; 14 tu\u1ed5i<br \/>\nModel Number: 160521<br \/>\nPh\u00e2n lo\u1ea1i: T\u1eadp h\u1ee3p<br \/>\nH\u00ecnh d\u1ea1ng kh\u1ed1i nh\u1ef1a: G\u1ea1ch t\u1ef1 kh\u00f3a<br \/>\nCh\u1ea5t li\u1ec7u: Nh\u1ef1a<br \/>\nLo\u1ea1i nh\u1ef1a: ABS<br \/>\nBricks Blocks: 2986 +<br \/>\nKh\u00f4ng c\u00f3 h\u1ed9p ban \u0111\u1ea7u<\/p>","protected":false},"featured_media":58538,"comment_status":"open","ping_status":"closed","template":"","meta":{"_acf_changed":false},"product_cat":[1395,1502,390],"product_tag":[4883,13314,392,13313,2870],"class_list":["product","first","instock","shipping-taxable","purchasable","product-type-simple"],"acf":[],"_links":{"self":[{"href":"https:\/\/mouldking.store\/vi\/wp-json\/wp\/v2\/product\/58539","targetHints":{"allow":["GET"]}}],"collection":[{"href":"https:\/\/mouldking.store\/vi\/wp-json\/wp\/v2\/product"}],"about":[{"href":"https:\/\/mouldking.store\/vi\/wp-json\/wp\/v2\/types\/product"}],"replies":[{"embeddable":true,"href":"https:\/\/mouldking.store\/vi\/wp-json\/wp\/v2\/comments?post=58539"}],"wp:featuredmedia":[{"embeddable":true,"href":"https:\/\/mouldking.store\/vi\/wp-json\/wp\/v2\/media\/58538"}],"wp:attachment":[{"href":"https:\/\/mouldking.store\/vi\/wp-json\/wp\/v2\/media?parent=58539"}],"wp:term":[{"taxonomy":"product_cat","embeddable":true,"href":"https:\/\/mouldking.store\/vi\/wp-json\/wp\/v2\/product_cat?post=58539"},{"taxonomy":"product_tag","embeddable":true,"href":"https:\/\/mouldking.store\/vi\/wp-json\/wp\/v2\/product_tag?post=58539"}],"curies":[{"name":"wp","href":"https:\/\/api.w.org\/{rel}","templated":true}]}}