{"id":59115,"date":"2024-05-30T17:35:06","date_gmt":"2024-05-30T10:35:06","guid":{"rendered":"https:\/\/mouldking.store\/shop\/keeppley-k20214-pikachu-mini-car-with-200-pieces\/"},"modified":"2024-05-30T17:35:09","modified_gmt":"2024-05-30T10:35:09","slug":"keeppley-k20214-pikachu-mini-car-with-200-pieces","status":"publish","type":"product","link":"https:\/\/mouldking.store\/vi\/shop\/keeppley-k20214-pikachu-mini-car-with-200-pieces\/","title":{"rendered":"Keeppley K20214 Pikachu Mini Car with 200 Pieces"},"content":{"rendered":"<div>\u2705Keeppley K20214 Pikachu Mini Car<\/p>\n<p>\u2705Pikachu is arguably one of the most recognizable and beloved Pok\u00e9mon characters worldwide. It&#8217;s an Electric-type Pok\u00e9mon known for its yellow fur, black-tipped ears, and lightning bolt-shaped tail. Pikachu&#8217;s adorable appearance and playful demeanor have made it an iconic symbol of the Pok\u00e9mon franchise since its introduction in the original Pok\u00e9mon video games.<\/p>\n<p>\ud83d\udeab QUAN TR\u1eccNG!<\/p>\n<p>Product Name: Pikachu Mini Car<\/p>\n<p>Th\u1ec3 lo\u1ea1i: Phim<\/p>\n<p>This Kit Contains: Keeppley K20214<\/p>\n<p>200 pcs Good Quality Bricks<\/p>\n<p>Size:&nbsp; 12 \u00d7 9 cm<\/p>\n<p>H\u01b0\u1edbng d\u1eabn th\u1ee7 c\u00f4ng<\/p>\n<p>\ud83d\udcccB\u1ea3n ch\u1ea5t c\u1ee7a nh\u00e2n v\u1eadt ch\u00ednh<\/p>\n<p>Introducing our proud collection named \u201c Pikachu Mini Car\u201d you should not miss.<\/p>\n<p>Pikachu is known as the Mouse Pok\u00e9mon. It belongs to the Electric-type Pok\u00e9mon species and is part of the larger Pok\u00e9mon universe created by Satoshi Tajiri and Ken Sugimori. Pikachu is not only a popular Pok\u00e9mon among fans but also serves as the mascot of the Pok\u00e9mon franchise. It often appears alongside the main protagonist, Ash Ketchum, in various Pok\u00e9mon media, including the animated TV series, movies, video games, and trading card game.<\/p><\/div>","protected":false},"excerpt":{"rendered":"<p>Th\u01b0\u01a1ng hi\u1ec7u: Keeppley<br \/>\nGi\u1edbi t\u00ednh: Unisex<br \/>\n\u0110\u1ed9 tu\u1ed5i: &gt; 6 tu\u1ed5i<br \/>\nModel Number: K20214<br \/>\nPh\u00e2n lo\u1ea1i: T\u1eadp h\u1ee3p<br \/>\nH\u00ecnh d\u1ea1ng kh\u1ed1i nh\u1ef1a: G\u1ea1ch t\u1ef1 kh\u00f3a<br \/>\nCh\u1ea5t li\u1ec7u: Nh\u1ef1a<br \/>\nLo\u1ea1i nh\u1ef1a: ABS<br \/>\nBricks Blocks: 200 +<br \/>\nKh\u00f4ng c\u00f3 h\u1ed9p ban \u0111\u1ea7u<\/p>","protected":false},"featured_media":59114,"comment_status":"open","ping_status":"closed","template":"","meta":{"_acf_changed":false},"product_cat":[1365,1360,1769,371,1875],"product_tag":[457,11072,8452,9139,4687,11454,12779],"class_list":["product","first","instock","shipping-taxable","purchasable","product-type-simple"],"acf":[],"_links":{"self":[{"href":"https:\/\/mouldking.store\/vi\/wp-json\/wp\/v2\/product\/59115","targetHints":{"allow":["GET"]}}],"collection":[{"href":"https:\/\/mouldking.store\/vi\/wp-json\/wp\/v2\/product"}],"about":[{"href":"https:\/\/mouldking.store\/vi\/wp-json\/wp\/v2\/types\/product"}],"replies":[{"embeddable":true,"href":"https:\/\/mouldking.store\/vi\/wp-json\/wp\/v2\/comments?post=59115"}],"wp:featuredmedia":[{"embeddable":true,"href":"https:\/\/mouldking.store\/vi\/wp-json\/wp\/v2\/media\/59114"}],"wp:attachment":[{"href":"https:\/\/mouldking.store\/vi\/wp-json\/wp\/v2\/media?parent=59115"}],"wp:term":[{"taxonomy":"product_cat","embeddable":true,"href":"https:\/\/mouldking.store\/vi\/wp-json\/wp\/v2\/product_cat?post=59115"},{"taxonomy":"product_tag","embeddable":true,"href":"https:\/\/mouldking.store\/vi\/wp-json\/wp\/v2\/product_tag?post=59115"}],"curies":[{"name":"wp","href":"https:\/\/api.w.org\/{rel}","templated":true}]}}