{"id":59125,"date":"2024-05-30T17:53:38","date_gmt":"2024-05-30T10:53:38","guid":{"rendered":"https:\/\/mouldking.store\/shop\/zhegao-00426-chinatown-with-4653-pieces\/"},"modified":"2024-05-30T17:53:45","modified_gmt":"2024-05-30T10:53:45","slug":"zhegao-00426-chinatown-with-4653-pieces","status":"publish","type":"product","link":"https:\/\/mouldking.store\/vi\/shop\/zhegao-00426-chinatown-with-4653-pieces\/","title":{"rendered":"ZHEGAO 00426 Chinatown with 4653 Pieces"},"content":{"rendered":"<div>\u2705ZHEGAO 00426 Chinatown<\/p>\n<p>\u2705&#8221;Chinatown&#8221; typically refers to an ethnic enclave or neighborhood with a significant population of Chinese immigrants and their descendants. These areas are often characterized by their vibrant cultural heritage, including Chinese restaurants, markets, businesses, and landmarks.<\/p>\n<p>\ud83d\udeab QUAN TR\u1eccNG!<\/p>\n<p>Product Name: Chinatown<\/p>\n<p>Danh m\u1ee5c: T\u00f2a nh\u00e0 m\u00f4-\u0111un<\/p>\n<p>This Kit Contains: ZHEGAO 00426<\/p>\n<p>4653 pcs Good Quality Bricks<\/p>\n<p>H\u01b0\u1edbng d\u1eabn th\u1ee7 c\u00f4ng<\/p>\n<p>\ud83d\udcccB\u1ea3n ch\u1ea5t c\u1ee7a nh\u00e2n v\u1eadt ch\u00ednh<\/p>\n<p>Introducing our proud collection named \u201cChinatown\u201d you should not miss.<\/p>\n<p>Chinatowns serve as cultural hubs for Chinese communities, preserving traditions, language, cuisine, and customs from China. They often feature architectural elements, such as ornate gates or pagoda-style buildings, that reflect Chinese heritage. Chinatowns are renowned for their diverse and authentic Chinese cuisine, ranging from regional specialties to street food favorites. Visitors can enjoy a wide variety of dishes, including dim sum, noodles, dumplings, and barbecue.<\/p><\/div>","protected":false},"excerpt":{"rendered":"<p>Th\u01b0\u01a1ng hi\u1ec7u: ZHEGAO<br \/>\nGi\u1edbi t\u00ednh: Unisex<br \/>\n\u0110\u1ed9 tu\u1ed5i: &gt; 6 tu\u1ed5i<br \/>\nModel Number: 00426<br \/>\nPh\u00e2n lo\u1ea1i: T\u1eadp h\u1ee3p<br \/>\nH\u00ecnh d\u1ea1ng kh\u1ed1i nh\u1ef1a: G\u1ea1ch t\u1ef1 kh\u00f3a<br \/>\nCh\u1ea5t li\u1ec7u: Nh\u1ef1a<br \/>\nLo\u1ea1i nh\u1ef1a: ABS<br \/>\nBricks Blocks: 4653 +<br \/>\nKh\u00f4ng c\u00f3 h\u1ed9p ban \u0111\u1ea7u<\/p>","protected":false},"featured_media":59124,"comment_status":"open","ping_status":"closed","template":"","meta":{"_acf_changed":false},"product_cat":[1365,1395,371,390],"product_tag":[11244,13030,11072,8452,392],"class_list":["product","first","instock","shipping-taxable","purchasable","product-type-simple"],"acf":[],"_links":{"self":[{"href":"https:\/\/mouldking.store\/vi\/wp-json\/wp\/v2\/product\/59125","targetHints":{"allow":["GET"]}}],"collection":[{"href":"https:\/\/mouldking.store\/vi\/wp-json\/wp\/v2\/product"}],"about":[{"href":"https:\/\/mouldking.store\/vi\/wp-json\/wp\/v2\/types\/product"}],"replies":[{"embeddable":true,"href":"https:\/\/mouldking.store\/vi\/wp-json\/wp\/v2\/comments?post=59125"}],"wp:featuredmedia":[{"embeddable":true,"href":"https:\/\/mouldking.store\/vi\/wp-json\/wp\/v2\/media\/59124"}],"wp:attachment":[{"href":"https:\/\/mouldking.store\/vi\/wp-json\/wp\/v2\/media?parent=59125"}],"wp:term":[{"taxonomy":"product_cat","embeddable":true,"href":"https:\/\/mouldking.store\/vi\/wp-json\/wp\/v2\/product_cat?post=59125"},{"taxonomy":"product_tag","embeddable":true,"href":"https:\/\/mouldking.store\/vi\/wp-json\/wp\/v2\/product_tag?post=59125"}],"curies":[{"name":"wp","href":"https:\/\/api.w.org\/{rel}","templated":true}]}}