{"id":59267,"date":"2024-05-31T12:22:46","date_gmt":"2024-05-31T05:22:46","guid":{"rendered":"https:\/\/mouldking.store\/shop\/pantasy-99118-dragon-ball-goku-with-300-pieces\/"},"modified":"2024-05-31T12:22:49","modified_gmt":"2024-05-31T05:22:49","slug":"pantasy-99118-dragon-ball-goku-with-300-pieces","status":"publish","type":"product","link":"https:\/\/mouldking.store\/vi\/shop\/pantasy-99118-dragon-ball-goku-with-300-pieces\/","title":{"rendered":"Pantasy 99118 Dragon Ball Goku with 300 Pieces"},"content":{"rendered":"<div>\u2705Pantasy 99118 Dragon Ball Goku<\/p>\n<p>\u2705Goku, the central character of the Dragon Ball franchise, is one of the most iconic heroes in all of anime and manga. Created by Akira Toriyama, Goku is a Saiyan warrior, initially sent to Earth as an infant with the mission to conquer the planet. However, after suffering a head injury, he loses his violent Saiyan tendencies and grows up to become a pure-hearted defender of Earth.<\/p>\n<p>\ud83d\udeab QUAN TR\u1eccNG!<\/p>\n<p>Product Name: Dragon Ball Goku<\/p>\n<p>Th\u1ec3 lo\u1ea1i: Phim<\/p>\n<p>This Kit Contains: Pantasy 99118&nbsp;<\/p>\n<p>300&nbsp; pcs Good Quality Bricks<\/p>\n<p>Size: 7.5 \u00d7 8.5 \u00d7 11 cm<\/p>\n<p>H\u01b0\u1edbng d\u1eabn th\u1ee7 c\u00f4ng<\/p>\n<p>\ud83d\udcccB\u1ea3n ch\u1ea5t c\u1ee7a nh\u00e2n v\u1eadt ch\u00ednh<\/p>\n<p>Introducing our proud collection named \u201cDragon Ball Goku\u201d you should not miss.<\/p>\n<p>Throughout the series, Goku undergoes intense training and battles against powerful foes to protect his friends and the world. He possesses incredible strength, agility, and the ability to harness ki energy for devastating attacks, including the signature Kamehameha wave. Goku constantly seeks to surpass his limits and achieve new levels of power, often unlocking new transformations such as Super Saiyan, Super Saiyan God, and even Ultra Instinct.<\/p><\/div>","protected":false},"excerpt":{"rendered":"<p>Th\u01b0\u01a1ng hi\u1ec7u: pantasy<br \/>\nGi\u1edbi t\u00ednh: Unisex<br \/>\n\u0110\u1ed9 tu\u1ed5i: &gt; 6 tu\u1ed5i<br \/>\nModel Number: 99118<br \/>\nPh\u00e2n lo\u1ea1i: T\u1eadp h\u1ee3p<br \/>\nH\u00ecnh d\u1ea1ng kh\u1ed1i nh\u1ef1a: G\u1ea1ch t\u1ef1 kh\u00f3a<br \/>\nCh\u1ea5t li\u1ec7u: Nh\u1ef1a<br \/>\nLo\u1ea1i nh\u1ef1a: ABS<br \/>\nBricks Blocks: 300 +<br \/>\nKh\u00f4ng c\u00f3 h\u1ed9p ban \u0111\u1ea7u<br \/>\nS\u1ea3n ph\u1ea9m kh\u00f4ng bao g\u1ed3m STICKER v\u00e0 IN IN. T\u1ea5t c\u1ea3 c\u00e1c b\u1ed9 ph\u1eadn \u0111\u00e3 in s\u1ebd \u0111\u01b0\u1ee3c thay th\u1ebf b\u1eb1ng c\u00e1c b\u1ed9 ph\u1eadn ti\u00eau chu\u1ea9n v\u00e0 kh\u00f4ng \u0103n nh\u1eadp v\u1edbi c\u00e1c ph\u1ee5 ki\u1ec7n c\u1ee7a b\u00ean th\u1ee9 3.<\/p>","protected":false},"featured_media":59266,"comment_status":"open","ping_status":"closed","template":"","meta":{"_acf_changed":false},"product_cat":[1365,371,581,1408],"product_tag":[11072,8452,12197,13405,434],"class_list":["product","first","instock","shipping-taxable","purchasable","product-type-simple"],"acf":[],"_links":{"self":[{"href":"https:\/\/mouldking.store\/vi\/wp-json\/wp\/v2\/product\/59267","targetHints":{"allow":["GET"]}}],"collection":[{"href":"https:\/\/mouldking.store\/vi\/wp-json\/wp\/v2\/product"}],"about":[{"href":"https:\/\/mouldking.store\/vi\/wp-json\/wp\/v2\/types\/product"}],"replies":[{"embeddable":true,"href":"https:\/\/mouldking.store\/vi\/wp-json\/wp\/v2\/comments?post=59267"}],"wp:featuredmedia":[{"embeddable":true,"href":"https:\/\/mouldking.store\/vi\/wp-json\/wp\/v2\/media\/59266"}],"wp:attachment":[{"href":"https:\/\/mouldking.store\/vi\/wp-json\/wp\/v2\/media?parent=59267"}],"wp:term":[{"taxonomy":"product_cat","embeddable":true,"href":"https:\/\/mouldking.store\/vi\/wp-json\/wp\/v2\/product_cat?post=59267"},{"taxonomy":"product_tag","embeddable":true,"href":"https:\/\/mouldking.store\/vi\/wp-json\/wp\/v2\/product_tag?post=59267"}],"curies":[{"name":"wp","href":"https:\/\/api.w.org\/{rel}","templated":true}]}}