{"id":59270,"date":"2024-05-31T12:37:45","date_gmt":"2024-05-31T05:37:45","guid":{"rendered":"https:\/\/mouldking.store\/shop\/pantasy-99119-dragon-ball-turtle-sage-with-300-pieces\/"},"modified":"2024-05-31T12:37:47","modified_gmt":"2024-05-31T05:37:47","slug":"pantasy-99119-dragon-ball-turtle-sage-with-300-pieces","status":"publish","type":"product","link":"https:\/\/mouldking.store\/vi\/shop\/pantasy-99119-dragon-ball-turtle-sage-with-300-pieces\/","title":{"rendered":"Pantasy 99119 Dragon Ball Turtle Sage with 300 Pieces"},"content":{"rendered":"<div>\u2705Pantasy 99119 Dragon Ball Turtle Sage<\/p>\n<p>\u2705Master Roshi is a pivotal character in the Dragon Ball series, serving as both a mentor to Goku and his friends and as one of Earth&#8217;s greatest martial arts masters.<\/p>\n<p>\ud83d\udeab QUAN TR\u1eccNG!<\/p>\n<p>Product Name: Dragon Ball Turtle Sage<\/p>\n<p>Th\u1ec3 lo\u1ea1i: Phim<\/p>\n<p>This Kit Contains: Pantasy 99119<\/p>\n<p>300 pcs Good Quality Bricks<\/p>\n<p>H\u01b0\u1edbng d\u1eabn th\u1ee7 c\u00f4ng<\/p>\n<p>\ud83d\udcccB\u1ea3n ch\u1ea5t c\u1ee7a nh\u00e2n v\u1eadt ch\u00ednh<\/p>\n<p>Introducing our proud collection named \u201cDragon Ball Turtle Sage\u201d you should not miss.<\/p>\n<p>He earned the nickname &#8220;Turtle Hermit&#8221; because he is the lifelong best friend and training partner of a talking sea turtle named Umigame. Together, they live on a small island called Kame House, which is named after the turtle. Master Roshi is known for his eccentric personality, lecherous behavior, and love of women, but beneath his quirky exterior lies a wise and powerful martial artist. He is the one who taught Goku and Krillin the basics of martial arts, laying the foundation for their development into formidable fighters. Despite his old age, Master Roshi is incredibly strong, possessing vast knowledge of various martial arts techniques and techniques, including the famous Kamehameha wave. He has also been shown to be capable of great feats of strength, such as destroying the moon with a single energy blast.<\/p><\/div>","protected":false},"excerpt":{"rendered":"<p>Th\u01b0\u01a1ng hi\u1ec7u: pantasy<br \/>\nGi\u1edbi t\u00ednh: Unisex<br \/>\n\u0110\u1ed9 tu\u1ed5i: &gt; 6 tu\u1ed5i<br \/>\nModel Number: 99119<br \/>\nPh\u00e2n lo\u1ea1i: T\u1eadp h\u1ee3p<br \/>\nH\u00ecnh d\u1ea1ng kh\u1ed1i nh\u1ef1a: G\u1ea1ch t\u1ef1 kh\u00f3a<br \/>\nCh\u1ea5t li\u1ec7u: Nh\u1ef1a<br \/>\nLo\u1ea1i nh\u1ef1a: ABS<br \/>\nBricks Blocks: 300 +<br \/>\nKh\u00f4ng c\u00f3 h\u1ed9p ban \u0111\u1ea7u<br \/>\nS\u1ea3n ph\u1ea9m kh\u00f4ng bao g\u1ed3m STICKER v\u00e0 IN IN. T\u1ea5t c\u1ea3 c\u00e1c b\u1ed9 ph\u1eadn \u0111\u00e3 in s\u1ebd \u0111\u01b0\u1ee3c thay th\u1ebf b\u1eb1ng c\u00e1c b\u1ed9 ph\u1eadn ti\u00eau chu\u1ea9n v\u00e0 kh\u00f4ng \u0103n nh\u1eadp v\u1edbi c\u00e1c ph\u1ee5 ki\u1ec7n c\u1ee7a b\u00ean th\u1ee9 3.<\/p>","protected":false},"featured_media":59269,"comment_status":"open","ping_status":"closed","template":"","meta":{"_acf_changed":false},"product_cat":[1365,371,581,1408],"product_tag":[11072,8452,12197,13406,7133,434,13407,6812],"class_list":["product","first","instock","shipping-taxable","purchasable","product-type-simple"],"acf":[],"_links":{"self":[{"href":"https:\/\/mouldking.store\/vi\/wp-json\/wp\/v2\/product\/59270","targetHints":{"allow":["GET"]}}],"collection":[{"href":"https:\/\/mouldking.store\/vi\/wp-json\/wp\/v2\/product"}],"about":[{"href":"https:\/\/mouldking.store\/vi\/wp-json\/wp\/v2\/types\/product"}],"replies":[{"embeddable":true,"href":"https:\/\/mouldking.store\/vi\/wp-json\/wp\/v2\/comments?post=59270"}],"wp:featuredmedia":[{"embeddable":true,"href":"https:\/\/mouldking.store\/vi\/wp-json\/wp\/v2\/media\/59269"}],"wp:attachment":[{"href":"https:\/\/mouldking.store\/vi\/wp-json\/wp\/v2\/media?parent=59270"}],"wp:term":[{"taxonomy":"product_cat","embeddable":true,"href":"https:\/\/mouldking.store\/vi\/wp-json\/wp\/v2\/product_cat?post=59270"},{"taxonomy":"product_tag","embeddable":true,"href":"https:\/\/mouldking.store\/vi\/wp-json\/wp\/v2\/product_tag?post=59270"}],"curies":[{"name":"wp","href":"https:\/\/api.w.org\/{rel}","templated":true}]}}