{"id":59273,"date":"2024-05-31T12:50:48","date_gmt":"2024-05-31T05:50:48","guid":{"rendered":"https:\/\/mouldking.store\/shop\/baka-33305-black-pearl-with-3839-pieces\/"},"modified":"2024-05-31T12:51:09","modified_gmt":"2024-05-31T05:51:09","slug":"baka-33305-black-pearl-with-3839-pieces","status":"publish","type":"product","link":"https:\/\/mouldking.store\/vi\/shop\/baka-33305-black-pearl-with-3839-pieces\/","title":{"rendered":"BAKA 33305 Black Pearl with 3839 Pieces"},"content":{"rendered":"<div>\u2705BAKA 33305 Black Pearl<\/p>\n<p>\u2705The Black Pearl is a legendary ship in the <em>Nh\u01b0ng t\u00ean c\u01b0\u01a1p bi\u00ea\u0309n v\u00f9ng Caribbean<\/em> film series. It serves as a central element in the storyline, appearing in multiple movies. The Black Pearl is a fictional pirate ship depicted as a menacing vessel with black sails. It has a sleek and ominous design, fitting for its reputation as one of the fastest ships on the seas.<\/p>\n<p>\ud83d\udeab QUAN TR\u1eccNG!<\/p>\n<p>Product Name:&nbsp; Black Pearl<\/p>\n<p>Danh m\u1ee5c: K\u1ef9 thu\u1eadt<\/p>\n<p>This Kit Contains: BAKA 33305<\/p>\n<p>3839 pcs Good Quality Bricks<\/p>\n<p>H\u01b0\u1edbng d\u1eabn th\u1ee7 c\u00f4ng<\/p>\n<p>\ud83d\udcccB\u1ea3n ch\u1ea5t c\u1ee7a nh\u00e2n v\u1eadt ch\u00ednh<\/p>\n<p>Introducing our proud collection named \u201cBlack Pearl\u201d you should not miss.<\/p>\n<p>The ship is initially captained by the notorious pirate Hector Barbossa, portrayed by Geoffrey Rush, in the first film, <em>The Curse of the Black Pearl<\/em>. However, in subsequent films, Captain Jack Sparrow, played by Johnny Depp, often takes command of the ship. The Black Pearl is known throughout the Caribbean as a fearsome and unstoppable pirate ship. It is said to be cursed due to its involvement in stealing cursed Aztec gold, leading to its crew being transformed into undead beings at night. The Black Pearl&#8217;s crew consists of a colorful cast of characters, including pirates, rogues, and misfits. Over the course of the films, various characters join and leave the crew, but the ship remains a symbol of freedom and adventure on the high seas.<\/div>","protected":false},"excerpt":{"rendered":"<p>Brand: BAKA<br \/>\nGi\u1edbi t\u00ednh: Unisex<br \/>\n\u0110\u1ed9 tu\u1ed5i: &gt; 6 tu\u1ed5i<br \/>\nModel Number: 33305<br \/>\nPh\u00e2n lo\u1ea1i: T\u1eadp h\u1ee3p<br \/>\nH\u00ecnh d\u1ea1ng kh\u1ed1i nh\u1ef1a: G\u1ea1ch t\u1ef1 kh\u00f3a<br \/>\nCh\u1ea5t li\u1ec7u: Nh\u1ef1a<br \/>\nLo\u1ea1i nh\u1ef1a: ABS<br \/>\nBricks Blocks: 3839 +<br \/>\nKh\u00f4ng c\u00f3 h\u1ed9p ban \u0111\u1ea7u<br \/>\nS\u1ea3n ph\u1ea9m kh\u00f4ng bao g\u1ed3m STICKER v\u00e0 IN IN. T\u1ea5t c\u1ea3 c\u00e1c b\u1ed9 ph\u1eadn \u0111\u00e3 in s\u1ebd \u0111\u01b0\u1ee3c thay th\u1ebf b\u1eb1ng c\u00e1c b\u1ed9 ph\u1eadn ti\u00eau chu\u1ea9n v\u00e0 kh\u00f4ng \u0103n nh\u1eadp v\u1edbi c\u00e1c ph\u1ee5 ki\u1ec7n c\u1ee7a b\u00ean th\u1ee9 3.<\/p>","protected":false},"featured_media":59272,"comment_status":"open","ping_status":"closed","template":"","meta":{"_acf_changed":false},"product_cat":[1357,581,364,1408],"product_tag":[6240,12062,434,389],"class_list":["product","first","instock","shipping-taxable","purchasable","product-type-simple"],"acf":[],"_links":{"self":[{"href":"https:\/\/mouldking.store\/vi\/wp-json\/wp\/v2\/product\/59273","targetHints":{"allow":["GET"]}}],"collection":[{"href":"https:\/\/mouldking.store\/vi\/wp-json\/wp\/v2\/product"}],"about":[{"href":"https:\/\/mouldking.store\/vi\/wp-json\/wp\/v2\/types\/product"}],"replies":[{"embeddable":true,"href":"https:\/\/mouldking.store\/vi\/wp-json\/wp\/v2\/comments?post=59273"}],"wp:featuredmedia":[{"embeddable":true,"href":"https:\/\/mouldking.store\/vi\/wp-json\/wp\/v2\/media\/59272"}],"wp:attachment":[{"href":"https:\/\/mouldking.store\/vi\/wp-json\/wp\/v2\/media?parent=59273"}],"wp:term":[{"taxonomy":"product_cat","embeddable":true,"href":"https:\/\/mouldking.store\/vi\/wp-json\/wp\/v2\/product_cat?post=59273"},{"taxonomy":"product_tag","embeddable":true,"href":"https:\/\/mouldking.store\/vi\/wp-json\/wp\/v2\/product_tag?post=59273"}],"curies":[{"name":"wp","href":"https:\/\/api.w.org\/{rel}","templated":true}]}}