{"id":59310,"date":"2024-05-31T14:42:11","date_gmt":"2024-05-31T07:42:11","guid":{"rendered":"https:\/\/mouldking.store\/shop\/moyu-my97123-gran-torino-classic-antique-car-wedding-car-version-with-575-pieces\/"},"modified":"2024-05-31T14:42:19","modified_gmt":"2024-05-31T07:42:19","slug":"moyu-my97123-gran-torino-classic-antique-car-wedding-car-version-with-575-pieces","status":"publish","type":"product","link":"https:\/\/mouldking.store\/vi\/shop\/moyu-my97123-gran-torino-classic-antique-car-wedding-car-version-with-575-pieces\/","title":{"rendered":"MOYU MY97123 Gran Torino Classic Antique Car Wedding Car Version with 575 Pieces"},"content":{"rendered":"<div>\u2705MOYU MY97123 Gran Torino Classic Antique Car Wedding Car Version<\/p>\n<p>\u2705The Gran Torino is a classic car model produced by Ford Motor Company. It was manufactured in several generations, with the most well-known being the fourth generation, which was produced from 1972 to 1976. The Gran Torino is known for its distinctive design, including its long hood, sleek lines, and chrome accents.<\/p>\n<p>\ud83d\udeab QUAN TR\u1eccNG!<\/p>\n<p>Product Name: Gran Torino Classic Antique Car Wedding Car Version<\/p>\n<p>Danh m\u1ee5c: K\u1ef9 thu\u1eadt<\/p>\n<p>This Kit Contains: MOYU MY97123<\/p>\n<p>575 pcs Good Quality Bricks<\/p>\n<p>Size: 13.5 \u00d7 6.8 \u00d7 4.5 cm<\/p>\n<p>H\u01b0\u1edbng d\u1eabn th\u1ee7 c\u00f4ng<\/p>\n<p>\ud83d\udcccB\u1ea3n ch\u1ea5t c\u1ee7a nh\u00e2n v\u1eadt ch\u00ednh<\/p>\n<p>Introducing our proud collection named \u201cGran Torino Classic Antique Car Wedding Car Version\u201d you should not miss.<\/p>\n<p>The Gran Torino gained cultural significance beyond its role as an automobile due to its prominent feature in the 2008 film <em>Gran Torino<\/em>, directed by and starring Clint Eastwood. In the film, Eastwood&#8217;s character, Walt Kowalski, owns a 1972 Gran Torino, which becomes a symbol of his pride, values, and struggles.<\/div>","protected":false},"excerpt":{"rendered":"<p>Th\u01b0\u01a1ng hi\u1ec7u: MOYOU<br \/>\nGi\u1edbi t\u00ednh: Unisex<br \/>\n\u0110\u1ed9 tu\u1ed5i: &gt; 8 tu\u1ed5i<br \/>\nModel Number: MY97123<br \/>\nPh\u00e2n lo\u1ea1i: T\u1eadp h\u1ee3p<br \/>\nH\u00ecnh d\u1ea1ng kh\u1ed1i nh\u1ef1a: G\u1ea1ch t\u1ef1 kh\u00f3a<br \/>\nCh\u1ea5t li\u1ec7u: Nh\u1ef1a<br \/>\nLo\u1ea1i nh\u1ef1a: ABS<br \/>\nBricks Blocks: 575 +<br \/>\nKh\u00f4ng c\u00f3 h\u1ed9p ban \u0111\u1ea7u<br \/>\nS\u1ea3n ph\u1ea9m kh\u00f4ng bao g\u1ed3m STICKER v\u00e0 IN IN. T\u1ea5t c\u1ea3 c\u00e1c b\u1ed9 ph\u1eadn \u0111\u00e3 in s\u1ebd \u0111\u01b0\u1ee3c thay th\u1ebf b\u1eb1ng c\u00e1c b\u1ed9 ph\u1eadn ti\u00eau chu\u1ea9n v\u00e0 kh\u00f4ng \u0103n nh\u1eadp v\u1edbi c\u00e1c ph\u1ee5 ki\u1ec7n c\u1ee7a b\u00ean th\u1ee9 3.<\/p>","protected":false},"featured_media":59309,"comment_status":"open","ping_status":"closed","template":"","meta":{"_acf_changed":false},"product_cat":[1360,1357,364,1875],"product_tag":[13222,457,11528,13411,389,2324],"class_list":["product","first","instock","shipping-taxable","purchasable","product-type-simple"],"acf":[],"_links":{"self":[{"href":"https:\/\/mouldking.store\/vi\/wp-json\/wp\/v2\/product\/59310","targetHints":{"allow":["GET"]}}],"collection":[{"href":"https:\/\/mouldking.store\/vi\/wp-json\/wp\/v2\/product"}],"about":[{"href":"https:\/\/mouldking.store\/vi\/wp-json\/wp\/v2\/types\/product"}],"replies":[{"embeddable":true,"href":"https:\/\/mouldking.store\/vi\/wp-json\/wp\/v2\/comments?post=59310"}],"wp:featuredmedia":[{"embeddable":true,"href":"https:\/\/mouldking.store\/vi\/wp-json\/wp\/v2\/media\/59309"}],"wp:attachment":[{"href":"https:\/\/mouldking.store\/vi\/wp-json\/wp\/v2\/media?parent=59310"}],"wp:term":[{"taxonomy":"product_cat","embeddable":true,"href":"https:\/\/mouldking.store\/vi\/wp-json\/wp\/v2\/product_cat?post=59310"},{"taxonomy":"product_tag","embeddable":true,"href":"https:\/\/mouldking.store\/vi\/wp-json\/wp\/v2\/product_tag?post=59310"}],"curies":[{"name":"wp","href":"https:\/\/api.w.org\/{rel}","templated":true}]}}