{"id":59320,"date":"2024-05-31T16:59:14","date_gmt":"2024-05-31T09:59:14","guid":{"rendered":"https:\/\/mouldking.store\/shop\/jiestar-58129-mini-simulation-small-household-appliances-with-366-pieces\/"},"modified":"2025-10-30T11:48:29","modified_gmt":"2025-10-30T04:48:29","slug":"jiestar-58129-mini-simulation-small-household-appliances-with-366-pieces","status":"publish","type":"product","link":"https:\/\/mouldking.store\/vi\/shop\/jiestar-58129-mini-simulation-small-household-appliances-with-366-pieces\/","title":{"rendered":"JIESTAR 58129 Mini Simulation Small Household Appliances with 366 Pieces"},"content":{"rendered":"<div>\u2705JIESTAR 58129 Mini Simulation Small Household Appliances<\/p>\n<p>\u2705Creating a mini-simulation for small household appliances could involve modeling various aspects of appliance usage, such as energy consumption, user interaction, and maintenance.&nbsp;<\/p>\n<p>\ud83d\udeab QUAN TR\u1eccNG!<\/p>\n<p>Product Name: Mini Simulation Small Household Appliances<\/p>\n<p>Th\u1ec3 lo\u1ea1i: Ng\u01b0\u1eddi s\u00e1ng t\u1ea1o<\/p>\n<p>This Kit Contains: JIESTAR 58129<\/p>\n<p>366&nbsp; pcs Good Quality Bricks<\/p>\n<p>H\u01b0\u1edbng d\u1eabn th\u1ee7 c\u00f4ng<\/p>\n<p>\ud83d\udcccB\u1ea3n ch\u1ea5t c\u1ee7a nh\u00e2n v\u1eadt ch\u00ednh<\/p>\n<p>Introducing our proud collection named \u201cMini Simulation Small Household Appliances\u201d you should not miss.<\/p>\n<p>Children can interact with each toy appliance by turning it on\/off, adjusting pretend settings (e.g., temperature, time for microwave), and playing with toy food items. Each toy appliance can have a pretend energy consumption value. Energy consumption can be represented by counting down from a starting &#8220;energy level&#8221; when the appliance is turned on.<\/p><\/div>","protected":false},"excerpt":{"rendered":"<p>Th\u01b0\u01a1ng hi\u1ec7u: JIESTAR<br \/>\nGi\u1edbi t\u00ednh: Unisex<br \/>\n\u0110\u1ed9 tu\u1ed5i: &gt; 6 tu\u1ed5i<br \/>\nModel Number: 58129<br \/>\nPh\u00e2n lo\u1ea1i: T\u1eadp h\u1ee3p<br \/>\nH\u00ecnh d\u1ea1ng kh\u1ed1i nh\u1ef1a: G\u1ea1ch t\u1ef1 kh\u00f3a<br \/>\nCh\u1ea5t li\u1ec7u: Nh\u1ef1a<br \/>\nLo\u1ea1i nh\u1ef1a: ABS<br \/>\nBricks Blocks: 366 +<br \/>\nKh\u00f4ng c\u00f3 h\u1ed9p ban \u0111\u1ea7u<br \/>\nS\u1ea3n ph\u1ea9m kh\u00f4ng bao g\u1ed3m STICKER v\u00e0 IN IN. T\u1ea5t c\u1ea3 c\u00e1c b\u1ed9 ph\u1eadn \u0111\u00e3 in s\u1ebd \u0111\u01b0\u1ee3c thay th\u1ebf b\u1eb1ng c\u00e1c b\u1ed9 ph\u1eadn ti\u00eau chu\u1ea9n v\u00e0 kh\u00f4ng \u0103n nh\u1eadp v\u1edbi c\u00e1c ph\u1ee5 ki\u1ec7n c\u1ee7a b\u00ean th\u1ee9 3.<\/p>","protected":false},"featured_media":59319,"comment_status":"open","ping_status":"closed","template":"","meta":{"_acf_changed":false},"product_cat":[1365,371],"product_tag":[13414,11072,8452,13412,13413,479,12777,12795],"class_list":["product","first","instock","shipping-taxable","purchasable","product-type-simple"],"acf":[],"_links":{"self":[{"href":"https:\/\/mouldking.store\/vi\/wp-json\/wp\/v2\/product\/59320","targetHints":{"allow":["GET"]}}],"collection":[{"href":"https:\/\/mouldking.store\/vi\/wp-json\/wp\/v2\/product"}],"about":[{"href":"https:\/\/mouldking.store\/vi\/wp-json\/wp\/v2\/types\/product"}],"replies":[{"embeddable":true,"href":"https:\/\/mouldking.store\/vi\/wp-json\/wp\/v2\/comments?post=59320"}],"wp:featuredmedia":[{"embeddable":true,"href":"https:\/\/mouldking.store\/vi\/wp-json\/wp\/v2\/media\/59319"}],"wp:attachment":[{"href":"https:\/\/mouldking.store\/vi\/wp-json\/wp\/v2\/media?parent=59320"}],"wp:term":[{"taxonomy":"product_cat","embeddable":true,"href":"https:\/\/mouldking.store\/vi\/wp-json\/wp\/v2\/product_cat?post=59320"},{"taxonomy":"product_tag","embeddable":true,"href":"https:\/\/mouldking.store\/vi\/wp-json\/wp\/v2\/product_tag?post=59320"}],"curies":[{"name":"wp","href":"https:\/\/api.w.org\/{rel}","templated":true}]}}