{"id":59375,"date":"2024-06-04T17:31:15","date_gmt":"2024-06-04T10:31:15","guid":{"rendered":"https:\/\/mouldking.store\/shop\/custom-92201-airship-with-1283-pieces\/"},"modified":"2024-06-04T17:31:27","modified_gmt":"2024-06-04T10:31:27","slug":"custom-92201-airship-with-1283-pieces","status":"publish","type":"product","link":"https:\/\/mouldking.store\/vi\/shop\/custom-92201-airship-with-1283-pieces\/","title":{"rendered":"Phi thuy\u1ec1n t\u00f9y ch\u1ec9nh 92201 v\u1edbi 1283 m\u1ea3nh gh\u00e9p"},"content":{"rendered":"<div>\u2705Custom 92201 Airship<\/p>\n<p>\u2705The majestic airship\u2014a flying vessel that captures the imagination with its blend of nostalgia and futurism. An airship, also known as a dirigible or a zeppelin, is a lighter-than-air aircraft that uses large gas-filled bags to generate lift and propulsion. These graceful giants have a rich history and evoke images of adventure and exploration in the skies.<\/p>\n<p>\ud83d\udeab QUAN TR\u1eccNG!<\/p>\n<p>Product Name: Airship<\/p>\n<p>Danh m\u1ee5c: K\u1ef9 thu\u1eadt<\/p>\n<p>This Kit Contains: Custom 92201&nbsp;<\/p>\n<p>1283 pcs Good Quality Bricks<\/p>\n<p>H\u01b0\u1edbng d\u1eabn th\u1ee7 c\u00f4ng<\/p>\n<p>\ud83d\udcccB\u1ea3n ch\u1ea5t c\u1ee7a nh\u00e2n v\u1eadt ch\u00ednh<\/p>\n<p>Introducing our proud collection named \u201cAirship\u201d you should not miss.<\/p>\n<p>Airships typically consist of a rigid structure or a fabric envelope filled with a lighter-than-air gas, such as helium or hydrogen, which provides the buoyancy needed for flight. They often have a streamlined shape, with a gondola or cabin suspended beneath the gas bag for passengers and crew. Airships have been around for over a century, with some of the earliest designs dating back to the late 19th century. They gained popularity in the early 20th century as commercial passenger vehicles and military reconnaissance platforms. Famous examples include the German Zeppelins used during World War I and the Graf Zeppelin and Hindenburg, which operated transatlantic passenger services in the 1920s and 1930s.<\/p><\/div>","protected":false},"excerpt":{"rendered":"<p>Th\u01b0\u01a1ng hi\u1ec7u: T\u00f9y ch\u1ec9nh<br \/>\nGi\u1edbi t\u00ednh: Unisex<br \/>\nAge Range: &gt; 10 years old<br \/>\nModel Number: 92201<br \/>\nPh\u00e2n lo\u1ea1i: T\u1eadp h\u1ee3p<br \/>\nH\u00ecnh d\u1ea1ng kh\u1ed1i nh\u1ef1a: G\u1ea1ch t\u1ef1 kh\u00f3a<br \/>\nCh\u1ea5t li\u1ec7u: Nh\u1ef1a<br \/>\nLo\u1ea1i nh\u1ef1a: ABS<br \/>\nBricks Blocks: 1283 +<br \/>\nKh\u00f4ng c\u00f3 h\u1ed9p ban \u0111\u1ea7u<br \/>\nS\u1ea3n ph\u1ea9m kh\u00f4ng bao g\u1ed3m STICKER v\u00e0 IN IN. T\u1ea5t c\u1ea3 c\u00e1c b\u1ed9 ph\u1eadn \u0111\u00e3 in s\u1ebd \u0111\u01b0\u1ee3c thay th\u1ebf b\u1eb1ng c\u00e1c b\u1ed9 ph\u1eadn ti\u00eau chu\u1ea9n v\u00e0 kh\u00f4ng \u0103n nh\u1eadp v\u1edbi c\u00e1c ph\u1ee5 ki\u1ec7n c\u1ee7a b\u00ean th\u1ee9 3.<\/p>","protected":false},"featured_media":59374,"comment_status":"open","ping_status":"closed","template":"","meta":{"_acf_changed":false},"product_cat":[1357,364],"product_tag":[12408,389],"class_list":["product","first","instock","shipping-taxable","purchasable","product-type-simple"],"acf":[],"_links":{"self":[{"href":"https:\/\/mouldking.store\/vi\/wp-json\/wp\/v2\/product\/59375","targetHints":{"allow":["GET"]}}],"collection":[{"href":"https:\/\/mouldking.store\/vi\/wp-json\/wp\/v2\/product"}],"about":[{"href":"https:\/\/mouldking.store\/vi\/wp-json\/wp\/v2\/types\/product"}],"replies":[{"embeddable":true,"href":"https:\/\/mouldking.store\/vi\/wp-json\/wp\/v2\/comments?post=59375"}],"wp:featuredmedia":[{"embeddable":true,"href":"https:\/\/mouldking.store\/vi\/wp-json\/wp\/v2\/media\/59374"}],"wp:attachment":[{"href":"https:\/\/mouldking.store\/vi\/wp-json\/wp\/v2\/media?parent=59375"}],"wp:term":[{"taxonomy":"product_cat","embeddable":true,"href":"https:\/\/mouldking.store\/vi\/wp-json\/wp\/v2\/product_cat?post=59375"},{"taxonomy":"product_tag","embeddable":true,"href":"https:\/\/mouldking.store\/vi\/wp-json\/wp\/v2\/product_tag?post=59375"}],"curies":[{"name":"wp","href":"https:\/\/api.w.org\/{rel}","templated":true}]}}