{"id":59389,"date":"2024-06-04T17:55:00","date_gmt":"2024-06-04T10:55:00","guid":{"rendered":"https:\/\/mouldking.store\/shop\/jiqing-jq20002-magic-academy-bell-tower-with-1305-pieces\/"},"modified":"2024-06-04T17:55:15","modified_gmt":"2024-06-04T10:55:15","slug":"jiqing-jq20002-magic-academy-bell-tower-with-1305-pieces","status":"publish","type":"product","link":"https:\/\/mouldking.store\/vi\/shop\/jiqing-jq20002-magic-academy-bell-tower-with-1305-pieces\/","title":{"rendered":"JiQing JQ20002 Magic Academy Bell Tower with 1305 Pieces"},"content":{"rendered":"<div>\u2705JiQing JQ20002 Magic Academy Bell Tower<\/p>\n<p>\u2705A &#8220;Magic Academy Bell Tower&#8221; conjures vivid imagery of a fantastical setting where students learn the mystical arts amidst an atmosphere of enchantment and wonder. This concept is rich with storytelling potential and symbolic meaning.<\/p>\n<p>\ud83d\udeab QUAN TR\u1eccNG!<\/p>\n<p>Product Name: Magic Academy Bell Tower<\/p>\n<p>Danh m\u1ee5c: T\u00f2a nh\u00e0 m\u00f4-\u0111un<\/p>\n<p>This Kit Contains: JiQing JQ20002<\/p>\n<p>1305 pcs Good Quality Bricks<\/p>\n<p>Size:&nbsp; 33 \u00d7 11 \u00d7 26 cm<\/p>\n<p>H\u01b0\u1edbng d\u1eabn th\u1ee7 c\u00f4ng<\/p>\n<p>\ud83d\udcccB\u1ea3n ch\u1ea5t c\u1ee7a nh\u00e2n v\u1eadt ch\u00ednh<\/p>\n<p>Introducing our proud collection named \u201cMagic Academy Bell Tower\u201d you should not miss.<\/p>\n<p>In the world of Harry Potter, the Hogwarts Clock Tower and the Whomping Willow are two iconic and memorable features of the Hogwarts School of Witchcraft and Wizardry. Both play significant roles in the story and add to the rich tapestry of the magical world J.K. Rowling created. The Clock Tower is a tall, imposing structure that looms over the Hogwarts grounds. It is a part of the Hogwarts Castle and serves both a practical and symbolic purpose. The tower houses a large clock, with an intricate mechanism that keeps time for the entire school. The clock\u2019s face is large and visible from various parts of the castle grounds.The Clock Tower is equipped with bells that chime at regular intervals, marking the passage of time and signaling important moments, such as the start and end of classes.<\/p><\/div>","protected":false},"excerpt":{"rendered":"<p>Brand: JiQing<br \/>\nGi\u1edbi t\u00ednh: Unisex<br \/>\n\u0110\u1ed9 tu\u1ed5i: &gt; 8 tu\u1ed5i<br \/>\nModel Number: JQ20002<br \/>\nPh\u00e2n lo\u1ea1i: T\u1eadp h\u1ee3p<br \/>\nH\u00ecnh d\u1ea1ng kh\u1ed1i nh\u1ef1a: G\u1ea1ch t\u1ef1 kh\u00f3a<br \/>\nCh\u1ea5t li\u1ec7u: Nh\u1ef1a<br \/>\nLo\u1ea1i nh\u1ef1a: ABS<br \/>\nBricks Blocks: 1305 +<br \/>\nKh\u00f4ng c\u00f3 h\u1ed9p ban \u0111\u1ea7u<br \/>\nS\u1ea3n ph\u1ea9m kh\u00f4ng bao g\u1ed3m STICKER v\u00e0 IN IN. T\u1ea5t c\u1ea3 c\u00e1c b\u1ed9 ph\u1eadn \u0111\u00e3 in s\u1ebd \u0111\u01b0\u1ee3c thay th\u1ebf b\u1eb1ng c\u00e1c b\u1ed9 ph\u1eadn ti\u00eau chu\u1ea9n v\u00e0 kh\u00f4ng \u0103n nh\u1eadp v\u1edbi c\u00e1c ph\u1ee5 ki\u1ec7n c\u1ee7a b\u00ean th\u1ee9 3.<\/p>","protected":false},"featured_media":59388,"comment_status":"open","ping_status":"closed","template":"","meta":{"_acf_changed":false},"product_cat":[1395,1502,390,581,1408],"product_tag":[10033,4883,2838,2835,2846,13416,392,434,2302],"class_list":["product","first","instock","shipping-taxable","purchasable","product-type-simple"],"acf":[],"_links":{"self":[{"href":"https:\/\/mouldking.store\/vi\/wp-json\/wp\/v2\/product\/59389","targetHints":{"allow":["GET"]}}],"collection":[{"href":"https:\/\/mouldking.store\/vi\/wp-json\/wp\/v2\/product"}],"about":[{"href":"https:\/\/mouldking.store\/vi\/wp-json\/wp\/v2\/types\/product"}],"replies":[{"embeddable":true,"href":"https:\/\/mouldking.store\/vi\/wp-json\/wp\/v2\/comments?post=59389"}],"wp:featuredmedia":[{"embeddable":true,"href":"https:\/\/mouldking.store\/vi\/wp-json\/wp\/v2\/media\/59388"}],"wp:attachment":[{"href":"https:\/\/mouldking.store\/vi\/wp-json\/wp\/v2\/media?parent=59389"}],"wp:term":[{"taxonomy":"product_cat","embeddable":true,"href":"https:\/\/mouldking.store\/vi\/wp-json\/wp\/v2\/product_cat?post=59389"},{"taxonomy":"product_tag","embeddable":true,"href":"https:\/\/mouldking.store\/vi\/wp-json\/wp\/v2\/product_tag?post=59389"}],"curies":[{"name":"wp","href":"https:\/\/api.w.org\/{rel}","templated":true}]}}