{"id":59396,"date":"2024-06-04T18:01:38","date_gmt":"2024-06-04T11:01:38","guid":{"rendered":"https:\/\/mouldking.store\/shop\/jiqing-jq20001-magic-academy-auditorium-with-1318-pieces\/"},"modified":"2024-06-04T18:01:50","modified_gmt":"2024-06-04T11:01:50","slug":"jiqing-jq20001-magic-academy-auditorium-with-1318-pieces","status":"publish","type":"product","link":"https:\/\/mouldking.store\/vi\/shop\/jiqing-jq20001-magic-academy-auditorium-with-1318-pieces\/","title":{"rendered":"JiQing JQ20001 Magic Academy Auditorium with 1318 Pieces"},"content":{"rendered":"<div>\u2705JiQing JQ20001 Magic Academy Auditorium<\/p>\n<p>\u2705The Great Hall at Hogwarts School of Witchcraft and Wizardry is one of the most iconic and central locations within the Harry Potter series. It serves as the heart of the school, where students and faculty gather for meals, celebrations, and important announcements.<\/p>\n<p>\ud83d\udeab QUAN TR\u1eccNG!<\/p>\n<p>Product Name: Magic Academy Auditorium<\/p>\n<p>Danh m\u1ee5c: T\u00f2a nh\u00e0 m\u00f4-\u0111un<\/p>\n<p>This Kit Contains: JiQing JQ20001<\/p>\n<p>1318 pcs Good Quality Bricks<\/p>\n<p>Size:&nbsp; 32 \u00d7 16 \u00d7 26 cm<\/p>\n<p>H\u01b0\u1edbng d\u1eabn th\u1ee7 c\u00f4ng<\/p>\n<p>\ud83d\udcccB\u1ea3n ch\u1ea5t c\u1ee7a nh\u00e2n v\u1eadt ch\u00ednh<\/p>\n<p>Introducing our proud collection named \u201cMagic Academy Auditorium\u201d you should not miss.<\/p>\n<p>The Great Hall is a large, majestic structure with towering, ancient stone walls. It is part of the main Hogwarts Castle, accessible through large wooden doors that are grand and intricately carved. The hall is vast, with four long tables stretching from the entrance to the raised platform at the far end. These tables correspond to the four Hogwarts houses: Gryffindor, Hufflepuff, Ravenclaw, and Slytherin. At the front, on the raised platform, is the High Table where the professors and the headmaster sit. This area oversees the entire hall, symbolizing the faculty&#8217;s authority and presence.<\/p><\/div>","protected":false},"excerpt":{"rendered":"<p>Brand: JiQing<br \/>\nGi\u1edbi t\u00ednh: Unisex<br \/>\n\u0110\u1ed9 tu\u1ed5i: &gt; 8 tu\u1ed5i<br \/>\nModel Number: JQ20001<br \/>\nPh\u00e2n lo\u1ea1i: T\u1eadp h\u1ee3p<br \/>\nH\u00ecnh d\u1ea1ng kh\u1ed1i nh\u1ef1a: G\u1ea1ch t\u1ef1 kh\u00f3a<br \/>\nCh\u1ea5t li\u1ec7u: Nh\u1ef1a<br \/>\nLo\u1ea1i nh\u1ef1a: ABS<br \/>\nBricks Blocks: 1318 +<br \/>\nKh\u00f4ng c\u00f3 h\u1ed9p ban \u0111\u1ea7u<br \/>\nS\u1ea3n ph\u1ea9m kh\u00f4ng bao g\u1ed3m STICKER v\u00e0 IN IN. T\u1ea5t c\u1ea3 c\u00e1c b\u1ed9 ph\u1eadn \u0111\u00e3 in s\u1ebd \u0111\u01b0\u1ee3c thay th\u1ebf b\u1eb1ng c\u00e1c b\u1ed9 ph\u1eadn ti\u00eau chu\u1ea9n v\u00e0 kh\u00f4ng \u0103n nh\u1eadp v\u1edbi c\u00e1c ph\u1ee5 ki\u1ec7n c\u1ee7a b\u00ean th\u1ee9 3.<\/p>","protected":false},"featured_media":59395,"comment_status":"open","ping_status":"closed","template":"","meta":{"_acf_changed":false},"product_cat":[1395,1502,390,581,1408],"product_tag":[13417,4883,13418,2846,8858,392,434],"class_list":["product","first","instock","shipping-taxable","purchasable","product-type-simple"],"acf":[],"_links":{"self":[{"href":"https:\/\/mouldking.store\/vi\/wp-json\/wp\/v2\/product\/59396","targetHints":{"allow":["GET"]}}],"collection":[{"href":"https:\/\/mouldking.store\/vi\/wp-json\/wp\/v2\/product"}],"about":[{"href":"https:\/\/mouldking.store\/vi\/wp-json\/wp\/v2\/types\/product"}],"replies":[{"embeddable":true,"href":"https:\/\/mouldking.store\/vi\/wp-json\/wp\/v2\/comments?post=59396"}],"wp:featuredmedia":[{"embeddable":true,"href":"https:\/\/mouldking.store\/vi\/wp-json\/wp\/v2\/media\/59395"}],"wp:attachment":[{"href":"https:\/\/mouldking.store\/vi\/wp-json\/wp\/v2\/media?parent=59396"}],"wp:term":[{"taxonomy":"product_cat","embeddable":true,"href":"https:\/\/mouldking.store\/vi\/wp-json\/wp\/v2\/product_cat?post=59396"},{"taxonomy":"product_tag","embeddable":true,"href":"https:\/\/mouldking.store\/vi\/wp-json\/wp\/v2\/product_tag?post=59396"}],"curies":[{"name":"wp","href":"https:\/\/api.w.org\/{rel}","templated":true}]}}