{"id":59435,"date":"2024-06-04T18:31:17","date_gmt":"2024-06-04T11:31:17","guid":{"rendered":"https:\/\/mouldking.store\/shop\/cada-c61023-mazda-fd3s-rx-7-with-1655-pieces-2\/"},"modified":"2024-06-04T18:31:29","modified_gmt":"2024-06-04T11:31:29","slug":"cada-c61023-mazda-fd3s-rx-7-with-1655-pieces-2","status":"publish","type":"product","link":"https:\/\/mouldking.store\/vi\/shop\/cada-c61023-mazda-fd3s-rx-7-with-1655-pieces-2\/","title":{"rendered":"CaDa C61023 Mazda FD3S RX-7 with 1655 Pieces"},"content":{"rendered":"<div>\u2705CaDA C61023 Mazda FD3S RX-7<\/p>\n<p>\u2705The Mazda FD3S RX-7 is a legendary sports car known for its sleek design and exhilarating performance. It features a rotary engine, which sets it apart from most other cars on the market.&nbsp;<\/p>\n<p>\ud83d\udeab QUAN TR\u1eccNG!<\/p>\n<p>Product Name: Mazda FD3S RX-7<\/p>\n<p>Danh m\u1ee5c: K\u1ef9 thu\u1eadt<\/p>\n<p>This Kit Contains: CaDA C61023<\/p>\n<p>1655 pcs Good Quality Bricks<\/p>\n<p>Size: 34.5 \u00d7 14.8 \u00d7 10.6 cm<\/p>\n<p>H\u01b0\u1edbng d\u1eabn th\u1ee7 c\u00f4ng<\/p>\n<p>\ud83d\udcccB\u1ea3n ch\u1ea5t c\u1ee7a nh\u00e2n v\u1eadt ch\u00ednh<\/p>\n<p>Introducing our proud collection named \u201cMazda FD3S RX-7\u201d you should not miss.<\/p>\n<p>The FD3S RX-7 is highly regarded for its superb handling and agility, making it a favorite among driving enthusiasts. With its iconic pop-up headlights and flowing lines, it&#8217;s a true head-turner on the road. Whether you&#8217;re a fan of its unique engine or simply appreciate its timeless design, the Mazda FD3S RX-7 is sure to provide an exciting driving experience.<\/p><\/div>","protected":false},"excerpt":{"rendered":"<p>Th\u01b0\u01a1ng hi\u1ec7u: CaDa<br \/>\nGi\u1edbi t\u00ednh: Unisex<br \/>\n\u0110\u1ed9 tu\u1ed5i: &gt; 8 tu\u1ed5i<br \/>\nModel Number: C61023<br \/>\nPh\u00e2n lo\u1ea1i: T\u1eadp h\u1ee3p<br \/>\nH\u00ecnh d\u1ea1ng kh\u1ed1i nh\u1ef1a: G\u1ea1ch t\u1ef1 kh\u00f3a<br \/>\nCh\u1ea5t li\u1ec7u: Nh\u1ef1a<br \/>\nLo\u1ea1i nh\u1ef1a: ABS<br \/>\nBricks Blocks: 1655 +<br \/>\nKh\u00f4ng c\u00f3 h\u1ed9p ban \u0111\u1ea7u<br \/>\nS\u1ea3n ph\u1ea9m kh\u00f4ng bao g\u1ed3m STICKER v\u00e0 IN IN. T\u1ea5t c\u1ea3 c\u00e1c b\u1ed9 ph\u1eadn \u0111\u00e3 in s\u1ebd \u0111\u01b0\u1ee3c thay th\u1ebf b\u1eb1ng c\u00e1c b\u1ed9 ph\u1eadn ti\u00eau chu\u1ea9n v\u00e0 kh\u00f4ng \u0103n nh\u1eadp v\u1edbi c\u00e1c ph\u1ee5 ki\u1ec7n c\u1ee7a b\u00ean th\u1ee9 3.<\/p>","protected":false},"featured_media":59434,"comment_status":"open","ping_status":"closed","template":"","meta":{"_acf_changed":false},"product_cat":[1360,1357,364,1875],"product_tag":[457,13294,2331,12365,389],"class_list":["product","first","instock","shipping-taxable","purchasable","product-type-simple"],"acf":[],"_links":{"self":[{"href":"https:\/\/mouldking.store\/vi\/wp-json\/wp\/v2\/product\/59435","targetHints":{"allow":["GET"]}}],"collection":[{"href":"https:\/\/mouldking.store\/vi\/wp-json\/wp\/v2\/product"}],"about":[{"href":"https:\/\/mouldking.store\/vi\/wp-json\/wp\/v2\/types\/product"}],"replies":[{"embeddable":true,"href":"https:\/\/mouldking.store\/vi\/wp-json\/wp\/v2\/comments?post=59435"}],"wp:featuredmedia":[{"embeddable":true,"href":"https:\/\/mouldking.store\/vi\/wp-json\/wp\/v2\/media\/59434"}],"wp:attachment":[{"href":"https:\/\/mouldking.store\/vi\/wp-json\/wp\/v2\/media?parent=59435"}],"wp:term":[{"taxonomy":"product_cat","embeddable":true,"href":"https:\/\/mouldking.store\/vi\/wp-json\/wp\/v2\/product_cat?post=59435"},{"taxonomy":"product_tag","embeddable":true,"href":"https:\/\/mouldking.store\/vi\/wp-json\/wp\/v2\/product_tag?post=59435"}],"curies":[{"name":"wp","href":"https:\/\/api.w.org\/{rel}","templated":true}]}}