{"id":59444,"date":"2024-06-04T18:31:41","date_gmt":"2024-06-04T11:31:41","guid":{"rendered":"https:\/\/mouldking.store\/shop\/mould-king-20030-ev2-all-terrain-tracked-vehicle-with-1046-pieces\/"},"modified":"2024-06-04T18:31:57","modified_gmt":"2024-06-04T11:31:57","slug":"mould-king-20030-ev2-all-terrain-tracked-vehicle-with-1046-pieces","status":"publish","type":"product","link":"https:\/\/mouldking.store\/vi\/shop\/mould-king-20030-ev2-all-terrain-tracked-vehicle-with-1046-pieces\/","title":{"rendered":"MOULD KING 20030 EV2 All Terrain Tracked Vehicle with 1046 Pieces"},"content":{"rendered":"<div>\u2705MouldKing 20030 EV2 All Terrain Tracked Vehicle&nbsp;<\/p>\n<p>\u2705The EV2 All Terrain Tracked Vehicle is designed to traverse a variety of rugged environments, providing superior mobility where wheeled vehicles cannot go. This makes it ideal for off-road adventures, search and rescue operations, military applications, and more.<\/p>\n<p>\ud83d\udeab QUAN TR\u1eccNG!<\/p>\n<p>Product Name: EV2 All Terrain Tracked Vehicle&nbsp;<\/p>\n<p>Th\u1ec3 lo\u1ea1i: Qu\u00e2n s\u1ef1<\/p>\n<p>This Kit Contains: MouldKing 20030<\/p>\n<p>1046 pcs Good Quality Bricks<\/p>\n<p>Size: 30 \u00d7 14 \u00d7 15 cm<\/p>\n<p>H\u01b0\u1edbng d\u1eabn th\u1ee7 c\u00f4ng<\/p>\n<p>\ud83d\udcccB\u1ea3n ch\u1ea5t c\u1ee7a nh\u00e2n v\u1eadt ch\u00ednh<\/p>\n<p>Introducing our proud collection named \u201cEV2 All Terrain Tracked Vehicle \u201d you should not miss.<\/p>\n<p>Material: Lightweight, high-strength materials like aluminum or carbon fiber to reduce weight while maintaining durability.<br \/>Design: Aerodynamic and compact design for maneuverability and storage.<br \/>Safety Features: Roll cage, seat belts, airbags, and emergency locator beacons.<br \/>Communication Systems: Long-range radios, satellite communication, and onboard diagnostics.<\/div>","protected":false},"excerpt":{"rendered":"<p>Th\u01b0\u01a1ng hi\u1ec7u: VUA KHU\u00d4N<br \/>\nGi\u1edbi t\u00ednh: Unisex<br \/>\n\u0110\u1ed9 tu\u1ed5i: &gt; 14 tu\u1ed5i<br \/>\nModel Number: 20030<br \/>\nPh\u00e2n lo\u1ea1i: T\u1eadp h\u1ee3p<br \/>\nH\u00ecnh d\u1ea1ng kh\u1ed1i nh\u1ef1a: G\u1ea1ch t\u1ef1 kh\u00f3a<br \/>\nCh\u1ea5t li\u1ec7u: Nh\u1ef1a<br \/>\nLo\u1ea1i nh\u1ef1a: ABS<br \/>\nBricks Blocks: 1046 +<br \/>\nKh\u00f4ng c\u00f3 h\u1ed9p ban \u0111\u1ea7u<br \/>\nS\u1ea3n ph\u1ea9m kh\u00f4ng bao g\u1ed3m STICKER v\u00e0 IN IN. T\u1ea5t c\u1ea3 c\u00e1c b\u1ed9 ph\u1eadn \u0111\u00e3 in s\u1ebd \u0111\u01b0\u1ee3c thay th\u1ebf b\u1eb1ng c\u00e1c b\u1ed9 ph\u1eadn ti\u00eau chu\u1ea9n v\u00e0 kh\u00f4ng \u0103n nh\u1eadp v\u1edbi c\u00e1c ph\u1ee5 ki\u1ec7n c\u1ee7a b\u00ean th\u1ee9 3.<\/p>","protected":false},"featured_media":59443,"comment_status":"open","ping_status":"closed","template":"","meta":{"_acf_changed":false},"product_cat":[1384,1350,1357,372,364],"product_tag":[11220,13424,374,485,389,11373,13425,2803],"class_list":["product","first","instock","shipping-taxable","purchasable","product-type-simple"],"acf":[],"_links":{"self":[{"href":"https:\/\/mouldking.store\/vi\/wp-json\/wp\/v2\/product\/59444","targetHints":{"allow":["GET"]}}],"collection":[{"href":"https:\/\/mouldking.store\/vi\/wp-json\/wp\/v2\/product"}],"about":[{"href":"https:\/\/mouldking.store\/vi\/wp-json\/wp\/v2\/types\/product"}],"replies":[{"embeddable":true,"href":"https:\/\/mouldking.store\/vi\/wp-json\/wp\/v2\/comments?post=59444"}],"wp:featuredmedia":[{"embeddable":true,"href":"https:\/\/mouldking.store\/vi\/wp-json\/wp\/v2\/media\/59443"}],"wp:attachment":[{"href":"https:\/\/mouldking.store\/vi\/wp-json\/wp\/v2\/media?parent=59444"}],"wp:term":[{"taxonomy":"product_cat","embeddable":true,"href":"https:\/\/mouldking.store\/vi\/wp-json\/wp\/v2\/product_cat?post=59444"},{"taxonomy":"product_tag","embeddable":true,"href":"https:\/\/mouldking.store\/vi\/wp-json\/wp\/v2\/product_tag?post=59444"}],"curies":[{"name":"wp","href":"https:\/\/api.w.org\/{rel}","templated":true}]}}