{"id":59501,"date":"2024-06-07T18:01:58","date_gmt":"2024-06-07T11:01:58","guid":{"rendered":"https:\/\/mouldking.store\/shop\/mould-king-13195-lamborghini-countach-with-motor-with-1384-pieces\/"},"modified":"2024-06-07T18:02:13","modified_gmt":"2024-06-07T11:02:13","slug":"mould-king-13195-lamborghini-countach-with-motor-with-1384-pieces","status":"publish","type":"product","link":"https:\/\/mouldking.store\/vi\/shop\/mould-king-13195-lamborghini-countach-with-motor-with-1384-pieces\/","title":{"rendered":"MOULD KING 13195 Lamborghini Countach With Motor with 1384 Pieces"},"content":{"rendered":"<div>\u2705MouldKing 13195 Lamborghini Countach With Motor<\/p>\n<p>\u2705The Lamborghini Countach is an iconic sports car that epitomizes the high-performance, avant-garde design of the Lamborghini brand. First produced in 1974 and continuing until 1990, the Countach is renowned for its futuristic, wedge-shaped design, scissor doors, and powerful V12 engine. The car&#8217;s striking aesthetics, characterized by sharp angles and aerodynamic lines, set a new standard for supercar design and influenced the automotive industry for decades.<\/p>\n<p>\ud83d\udeab QUAN TR\u1eccNG!<\/p>\n<p>Product Name: Lamborghini Countach With Motor<\/p>\n<p>Danh m\u1ee5c: K\u1ef9 thu\u1eadt<\/p>\n<p>This Kit Contains: MouldKing 13195<\/p>\n<p>1384 pcs Good Quality Bricks<\/p>\n<p>Size: 9.5 \u00d7 16.4 \u00d7 33.4 cm<\/p>\n<p>H\u01b0\u1edbng d\u1eabn th\u1ee7 c\u00f4ng<\/p>\n<p>\ud83d\udcccB\u1ea3n ch\u1ea5t c\u1ee7a nh\u00e2n v\u1eadt ch\u00ednh<\/p>\n<p>Introducing our proud collection named \u201cLamborghini Countach With Motor\u201d you should not miss.<\/p>\n<p>Underneath its bold exterior, the Countach featured advanced engineering for its time, including rear-wheel drive, a mid-engine layout for better weight distribution and handling, and a lightweight tubular space frame. Various iterations of the Countach were produced, each with incremental improvements in performance and styling, such as the LP400, LP500S, and the 25th Anniversary Edition, which celebrated Lamborghini&#8217;s 25 years in business.<\/p><\/div>","protected":false},"excerpt":{"rendered":"<p>Th\u01b0\u01a1ng hi\u1ec7u: VUA KHU\u00d4N<br \/>\nGi\u1edbi t\u00ednh: Unisex<br \/>\n\u0110\u1ed9 tu\u1ed5i: &gt; 8 tu\u1ed5i<br \/>\nModel Number: 13195<br \/>\nPh\u00e2n lo\u1ea1i: T\u1eadp h\u1ee3p<br \/>\nH\u00ecnh d\u1ea1ng kh\u1ed1i nh\u1ef1a: G\u1ea1ch t\u1ef1 kh\u00f3a<br \/>\nCh\u1ea5t li\u1ec7u: Nh\u1ef1a<br \/>\nLo\u1ea1i nh\u1ef1a: ABS<br \/>\nBricks Blocks: 1384 +<br \/>\nKh\u00f4ng c\u00f3 h\u1ed9p ban \u0111\u1ea7u<br \/>\nS\u1ea3n ph\u1ea9m kh\u00f4ng bao g\u1ed3m STICKER v\u00e0 IN IN. T\u1ea5t c\u1ea3 c\u00e1c b\u1ed9 ph\u1eadn \u0111\u00e3 in s\u1ebd \u0111\u01b0\u1ee3c thay th\u1ebf b\u1eb1ng c\u00e1c b\u1ed9 ph\u1eadn ti\u00eau chu\u1ea9n v\u00e0 kh\u00f4ng \u0103n nh\u1eadp v\u1edbi c\u00e1c ph\u1ee5 ki\u1ec7n c\u1ee7a b\u00ean th\u1ee9 3.<\/p>","protected":false},"featured_media":59500,"comment_status":"open","ping_status":"closed","template":"","meta":{"_acf_changed":false},"product_cat":[1360,1357,364,1875],"product_tag":[457,12112,596,389],"class_list":["product","first","instock","shipping-taxable","purchasable","product-type-simple"],"acf":[],"_links":{"self":[{"href":"https:\/\/mouldking.store\/vi\/wp-json\/wp\/v2\/product\/59501","targetHints":{"allow":["GET"]}}],"collection":[{"href":"https:\/\/mouldking.store\/vi\/wp-json\/wp\/v2\/product"}],"about":[{"href":"https:\/\/mouldking.store\/vi\/wp-json\/wp\/v2\/types\/product"}],"replies":[{"embeddable":true,"href":"https:\/\/mouldking.store\/vi\/wp-json\/wp\/v2\/comments?post=59501"}],"wp:featuredmedia":[{"embeddable":true,"href":"https:\/\/mouldking.store\/vi\/wp-json\/wp\/v2\/media\/59500"}],"wp:attachment":[{"href":"https:\/\/mouldking.store\/vi\/wp-json\/wp\/v2\/media?parent=59501"}],"wp:term":[{"taxonomy":"product_cat","embeddable":true,"href":"https:\/\/mouldking.store\/vi\/wp-json\/wp\/v2\/product_cat?post=59501"},{"taxonomy":"product_tag","embeddable":true,"href":"https:\/\/mouldking.store\/vi\/wp-json\/wp\/v2\/product_tag?post=59501"}],"curies":[{"name":"wp","href":"https:\/\/api.w.org\/{rel}","templated":true}]}}