{"id":59526,"date":"2024-06-07T18:08:29","date_gmt":"2024-06-07T11:08:29","guid":{"rendered":"https:\/\/mouldking.store\/shop\/pantasy-85014-sherlock-holmes-baker-street-221b-apartment-with-3087-pieces\/"},"modified":"2024-06-07T18:08:51","modified_gmt":"2024-06-07T11:08:51","slug":"pantasy-85014-sherlock-holmes-baker-street-221b-apartment-with-3087-pieces","status":"publish","type":"product","link":"https:\/\/mouldking.store\/vi\/shop\/pantasy-85014-sherlock-holmes-baker-street-221b-apartment-with-3087-pieces\/","title":{"rendered":"Pantasy 85014 Sherlock Holmes Baker Street 221B Apartment with 3087 Pieces"},"content":{"rendered":"<div>\u2705Pantasy 85014 Sherlock Holmes Baker Street 221B Apartment<\/p>\n<p>\u2705 Sherlock Holmes&#8217; apartment at 221B Baker Street is one of the most famous addresses in literary history, serving as the residence and office of the legendary detective created by Sir Arthur Conan Doyle. Situated in Victorian London, this fictional location is depicted as a modest yet cozy and cluttered flat where Holmes and his loyal friend Dr. John Watson live and work.&nbsp;<\/p>\n<p>\ud83d\udeab QUAN TR\u1eccNG!<\/p>\n<p>Product Name: Sherlock Holmes Baker Street 221B Apartment<\/p>\n<p>Danh m\u1ee5c: T\u00f2a nh\u00e0 m\u00f4-\u0111un<\/p>\n<p>This Kit Contains: Pantasy 85014&nbsp;<\/p>\n<p>3087 pcs Good Quality Bricks<br \/>&nbsp;<br \/>Size: 19.3 \u00d7 25.6 \u00d7 42 cm<\/p>\n<p>H\u01b0\u1edbng d\u1eabn th\u1ee7 c\u00f4ng<\/p>\n<p>\ud83d\udcccB\u1ea3n ch\u1ea5t c\u1ee7a nh\u00e2n v\u1eadt ch\u00ednh<\/p>\n<p>Introducing our proud collection named \u201cSherlock Holmes Baker Street 221B Apartment\u201d you should not miss.<\/p>\n<p>221B Baker Street is not just a setting but a character in itself, embodying the essence of Victorian London and the intellectual atmosphere of Holmes&#8217; world. The address has become synonymous with detective fiction and is a pilgrimage site for fans. In reality, the Sherlock Holmes Museum is located at this address, providing a tangible connection to the fictional detective.<\/p><\/div>\n<div>The apartment&#8217;s detailed description and the vivid depiction of Holmes&#8217; life within its walls contribute significantly to the atmosphere of the stories. It is a place where many famous cases begin and end, filled with the evidence of Holmes&#8217; brilliant mind and Watson&#8217;s steadfast companionship.<\/div>","protected":false},"excerpt":{"rendered":"<p>Th\u01b0\u01a1ng hi\u1ec7u: pantasy<br \/>\nGi\u1edbi t\u00ednh: Unisex<br \/>\n\u0110\u1ed9 tu\u1ed5i: &gt; 8 tu\u1ed5i<br \/>\nModel Number: 85014<br \/>\nPh\u00e2n lo\u1ea1i: T\u1eadp h\u1ee3p<br \/>\nH\u00ecnh d\u1ea1ng kh\u1ed1i nh\u1ef1a: G\u1ea1ch t\u1ef1 kh\u00f3a<br \/>\nCh\u1ea5t li\u1ec7u: Nh\u1ef1a<br \/>\nLo\u1ea1i nh\u1ef1a: ABS<br \/>\nBricks Blocks: 3087 +<br \/>\nKh\u00f4ng c\u00f3 h\u1ed9p ban \u0111\u1ea7u<br \/>\nS\u1ea3n ph\u1ea9m kh\u00f4ng bao g\u1ed3m STICKER v\u00e0 IN IN. T\u1ea5t c\u1ea3 c\u00e1c b\u1ed9 ph\u1eadn \u0111\u00e3 in s\u1ebd \u0111\u01b0\u1ee3c thay th\u1ebf b\u1eb1ng c\u00e1c b\u1ed9 ph\u1eadn ti\u00eau chu\u1ea9n v\u00e0 kh\u00f4ng \u0103n nh\u1eadp v\u1edbi c\u00e1c ph\u1ee5 ki\u1ec7n c\u1ee7a b\u00ean th\u1ee9 3.<\/p>","protected":false},"featured_media":59525,"comment_status":"open","ping_status":"closed","template":"","meta":{"_acf_changed":false},"product_cat":[1395,1502,390],"product_tag":[11155,13427,8594,4883,392,7472,3012],"class_list":["product","first","instock","shipping-taxable","purchasable","product-type-simple"],"acf":[],"_links":{"self":[{"href":"https:\/\/mouldking.store\/vi\/wp-json\/wp\/v2\/product\/59526","targetHints":{"allow":["GET"]}}],"collection":[{"href":"https:\/\/mouldking.store\/vi\/wp-json\/wp\/v2\/product"}],"about":[{"href":"https:\/\/mouldking.store\/vi\/wp-json\/wp\/v2\/types\/product"}],"replies":[{"embeddable":true,"href":"https:\/\/mouldking.store\/vi\/wp-json\/wp\/v2\/comments?post=59526"}],"wp:featuredmedia":[{"embeddable":true,"href":"https:\/\/mouldking.store\/vi\/wp-json\/wp\/v2\/media\/59525"}],"wp:attachment":[{"href":"https:\/\/mouldking.store\/vi\/wp-json\/wp\/v2\/media?parent=59526"}],"wp:term":[{"taxonomy":"product_cat","embeddable":true,"href":"https:\/\/mouldking.store\/vi\/wp-json\/wp\/v2\/product_cat?post=59526"},{"taxonomy":"product_tag","embeddable":true,"href":"https:\/\/mouldking.store\/vi\/wp-json\/wp\/v2\/product_tag?post=59526"}],"curies":[{"name":"wp","href":"https:\/\/api.w.org\/{rel}","templated":true}]}}