{"id":59590,"date":"2024-06-10T18:39:07","date_gmt":"2024-06-10T11:39:07","guid":{"rendered":"https:\/\/mouldking.store\/shop\/mould-king-27061-apollo-ie-mini-car-with-325-pieces\/"},"modified":"2024-06-10T18:39:14","modified_gmt":"2024-06-10T11:39:14","slug":"mould-king-27061-apollo-ie-mini-car-with-325-pieces","status":"publish","type":"product","link":"https:\/\/mouldking.store\/vi\/shop\/mould-king-27061-apollo-ie-mini-car-with-325-pieces\/","title":{"rendered":"MOULD KING 27061 Apollo IE Mini Car with 325 Pieces"},"content":{"rendered":"<div>\u2705Mould King 27061 Apollo IE Mini Car<\/p>\n<p>\u2705 The Apollo Intensa Emozione (IE) is anything but &#8220;mini&#8221; \u2013 it&#8217;s a hypercar that commands attention with its striking design and blistering performance. Crafted by Apollo Automobili, a boutique manufacturer known for pushing the boundaries of automotive engineering, the IE is a masterpiece of carbon fiber construction and aerodynamic precision.&nbsp;<\/p>\n<p>\ud83d\udeab QUAN TR\u1eccNG!<\/p>\n<p>Product Name: Apollo IE Mini Car<\/p>\n<p>Danh m\u1ee5c: K\u1ef9 thu\u1eadt<\/p>\n<p>This Kit Contains: Mould King 27061<\/p>\n<p>325&nbsp; pcs Good Quality Bricks<\/p>\n<p>Size: 17.8 \u00d7 8.2 \u00d7 4.8 cm<\/p>\n<p>H\u01b0\u1edbng d\u1eabn th\u1ee7 c\u00f4ng<\/p>\n<p>\ud83d\udcccB\u1ea3n ch\u1ea5t c\u1ee7a nh\u00e2n v\u1eadt ch\u00ednh<\/p>\n<p>Introducing our proud collection named \u201cApollo IE Mini Car\u201d you should not miss.<\/p>\n<p>Its aggressive stance and dramatic lines are complemented by a naturally aspirated V12 engine that produces over 780 horsepower, propelling the car from 0 to 60 mph in just 2.7 seconds. With a top speed exceeding 208 mph, the IE offers a visceral driving experience that few cars can match. Each IE is meticulously hand-built to the highest standards, with a focus on craftsmanship and attention to detail. Limited to a production run of only 10 units, the Apollo IE is a rare and exclusive hypercar that represents the pinnacle of automotive performance and artistry.<\/p><\/div>","protected":false},"excerpt":{"rendered":"<p>Th\u01b0\u01a1ng hi\u1ec7u: VUA KHU\u00d4N<br \/>\nGi\u1edbi t\u00ednh: Unisex<br \/>\n\u0110\u1ed9 tu\u1ed5i: &gt; 6 tu\u1ed5i<br \/>\nModel Number: 27061<br \/>\nPh\u00e2n lo\u1ea1i: T\u1eadp h\u1ee3p<br \/>\nH\u00ecnh d\u1ea1ng kh\u1ed1i nh\u1ef1a: G\u1ea1ch t\u1ef1 kh\u00f3a<br \/>\nCh\u1ea5t li\u1ec7u: Nh\u1ef1a<br \/>\nLo\u1ea1i nh\u1ef1a: ABS<br \/>\nBricks Blocks: 325 +<br \/>\nKh\u00f4ng c\u00f3 h\u1ed9p ban \u0111\u1ea7u<br \/>\nS\u1ea3n ph\u1ea9m kh\u00f4ng bao g\u1ed3m STICKER v\u00e0 IN IN. T\u1ea5t c\u1ea3 c\u00e1c b\u1ed9 ph\u1eadn \u0111\u00e3 in s\u1ebd \u0111\u01b0\u1ee3c thay th\u1ebf b\u1eb1ng c\u00e1c b\u1ed9 ph\u1eadn ti\u00eau chu\u1ea9n v\u00e0 kh\u00f4ng \u0103n nh\u1eadp v\u1edbi c\u00e1c ph\u1ee5 ki\u1ec7n c\u1ee7a b\u00ean th\u1ee9 3.<\/p>","protected":false},"featured_media":59589,"comment_status":"open","ping_status":"closed","template":"","meta":{"_acf_changed":false},"product_cat":[1360,1357,364,1875],"product_tag":[5173,457,389],"class_list":["product","first","instock","shipping-taxable","purchasable","product-type-simple"],"acf":[],"_links":{"self":[{"href":"https:\/\/mouldking.store\/vi\/wp-json\/wp\/v2\/product\/59590","targetHints":{"allow":["GET"]}}],"collection":[{"href":"https:\/\/mouldking.store\/vi\/wp-json\/wp\/v2\/product"}],"about":[{"href":"https:\/\/mouldking.store\/vi\/wp-json\/wp\/v2\/types\/product"}],"replies":[{"embeddable":true,"href":"https:\/\/mouldking.store\/vi\/wp-json\/wp\/v2\/comments?post=59590"}],"wp:featuredmedia":[{"embeddable":true,"href":"https:\/\/mouldking.store\/vi\/wp-json\/wp\/v2\/media\/59589"}],"wp:attachment":[{"href":"https:\/\/mouldking.store\/vi\/wp-json\/wp\/v2\/media?parent=59590"}],"wp:term":[{"taxonomy":"product_cat","embeddable":true,"href":"https:\/\/mouldking.store\/vi\/wp-json\/wp\/v2\/product_cat?post=59590"},{"taxonomy":"product_tag","embeddable":true,"href":"https:\/\/mouldking.store\/vi\/wp-json\/wp\/v2\/product_tag?post=59590"}],"curies":[{"name":"wp","href":"https:\/\/api.w.org\/{rel}","templated":true}]}}