{"id":59596,"date":"2024-06-10T18:39:23","date_gmt":"2024-06-10T11:39:23","guid":{"rendered":"https:\/\/mouldking.store\/shop\/mould-king-27062-baoma-m1-mini-car-with-363-pieces\/"},"modified":"2024-06-10T18:39:32","modified_gmt":"2024-06-10T11:39:32","slug":"mould-king-27062-baoma-m1-mini-car-with-363-pieces","status":"publish","type":"product","link":"https:\/\/mouldking.store\/vi\/shop\/mould-king-27062-baoma-m1-mini-car-with-363-pieces\/","title":{"rendered":"MOULD KING 27062 Xe \u00f4 t\u00f4 mini Baoma M1 v\u1edbi 363 chi ti\u1ebft"},"content":{"rendered":"<div>\u2705Mould King 27062 Baoma M1 Mini Car<\/p>\n<p>\u2705 The Baoma M1 is a compact electric vehicle (EV) manufactured by Baoma Motors, a Chinese automotive company specializing in electric mobility solutions. Designed primarily for urban commuting, the Baoma M1 offers a compact footprint and efficient electric powertrain ideal for navigating crowded city streets. Its sleek and modern design incorporates aerodynamic elements, while the interior provides a comfortable and tech-savvy driving experience.&nbsp;<\/p>\n<p>\ud83d\udeab QUAN TR\u1eccNG!<\/p>\n<p>Product Name: Baoma M1 Mini Car<\/p>\n<p>Danh m\u1ee5c: K\u1ef9 thu\u1eadt<\/p>\n<p>This Kit Contains: Mould King 27062&nbsp;<\/p>\n<p>363 pcs Good Quality Bricks<\/p>\n<p>Size: 16.4 \u00d7 7.4 \u00d7 4.8 cm<\/p>\n<p>H\u01b0\u1edbng d\u1eabn th\u1ee7 c\u00f4ng<\/p>\n<p>\ud83d\udcccB\u1ea3n ch\u1ea5t c\u1ee7a nh\u00e2n v\u1eadt ch\u00ednh<\/p>\n<p>Introducing our proud collection named \u201cBaoma M1 Mini Car\u201d you should not miss.<\/p>\n<p>&nbsp;With a focus on sustainability, the Baoma M1 boasts zero tailpipe emissions, making it an eco-friendly choice for environmentally-conscious consumers. While specific technical details may vary depending on the model year and configuration, the Baoma M1 typically features a lithium-ion battery pack and electric motor setup, offering sufficient range for daily commuting needs. Overall, the Baoma M1 represents a practical and eco-conscious transportation solution tailored to the demands of urban living.&nbsp;<\/p><\/div>","protected":false},"excerpt":{"rendered":"<p>Th\u01b0\u01a1ng hi\u1ec7u: VUA KHU\u00d4N<br \/>\nGi\u1edbi t\u00ednh: Unisex<br \/>\n\u0110\u1ed9 tu\u1ed5i: &gt; 6 tu\u1ed5i<br \/>\nModel Number: 27062<br \/>\nPh\u00e2n lo\u1ea1i: T\u1eadp h\u1ee3p<br \/>\nH\u00ecnh d\u1ea1ng kh\u1ed1i nh\u1ef1a: G\u1ea1ch t\u1ef1 kh\u00f3a<br \/>\nCh\u1ea5t li\u1ec7u: Nh\u1ef1a<br \/>\nLo\u1ea1i nh\u1ef1a: ABS<br \/>\nBricks Blocks: 363 +<br \/>\nKh\u00f4ng c\u00f3 h\u1ed9p ban \u0111\u1ea7u<br \/>\nS\u1ea3n ph\u1ea9m kh\u00f4ng bao g\u1ed3m STICKER v\u00e0 IN IN. T\u1ea5t c\u1ea3 c\u00e1c b\u1ed9 ph\u1eadn \u0111\u00e3 in s\u1ebd \u0111\u01b0\u1ee3c thay th\u1ebf b\u1eb1ng c\u00e1c b\u1ed9 ph\u1eadn ti\u00eau chu\u1ea9n v\u00e0 kh\u00f4ng \u0103n nh\u1eadp v\u1edbi c\u00e1c ph\u1ee5 ki\u1ec7n c\u1ee7a b\u00ean th\u1ee9 3.<\/p>","protected":false},"featured_media":59595,"comment_status":"open","ping_status":"closed","template":"","meta":{"_acf_changed":false},"product_cat":[1360,1357,364,1875],"product_tag":[457,479,389],"class_list":["product","first","instock","shipping-taxable","purchasable","product-type-simple"],"acf":[],"_links":{"self":[{"href":"https:\/\/mouldking.store\/vi\/wp-json\/wp\/v2\/product\/59596","targetHints":{"allow":["GET"]}}],"collection":[{"href":"https:\/\/mouldking.store\/vi\/wp-json\/wp\/v2\/product"}],"about":[{"href":"https:\/\/mouldking.store\/vi\/wp-json\/wp\/v2\/types\/product"}],"replies":[{"embeddable":true,"href":"https:\/\/mouldking.store\/vi\/wp-json\/wp\/v2\/comments?post=59596"}],"wp:featuredmedia":[{"embeddable":true,"href":"https:\/\/mouldking.store\/vi\/wp-json\/wp\/v2\/media\/59595"}],"wp:attachment":[{"href":"https:\/\/mouldking.store\/vi\/wp-json\/wp\/v2\/media?parent=59596"}],"wp:term":[{"taxonomy":"product_cat","embeddable":true,"href":"https:\/\/mouldking.store\/vi\/wp-json\/wp\/v2\/product_cat?post=59596"},{"taxonomy":"product_tag","embeddable":true,"href":"https:\/\/mouldking.store\/vi\/wp-json\/wp\/v2\/product_tag?post=59596"}],"curies":[{"name":"wp","href":"https:\/\/api.w.org\/{rel}","templated":true}]}}