{"id":59612,"date":"2024-06-10T18:40:32","date_gmt":"2024-06-10T11:40:32","guid":{"rendered":"https:\/\/mouldking.store\/shop\/create-with-passion-d2201-semi-mechanical-series-rocket-with-2166-pieces\/"},"modified":"2024-06-10T18:40:45","modified_gmt":"2024-06-10T11:40:45","slug":"create-with-passion-d2201-semi-mechanical-series-rocket-with-2166-pieces","status":"publish","type":"product","link":"https:\/\/mouldking.store\/vi\/shop\/create-with-passion-d2201-semi-mechanical-series-rocket-with-2166-pieces\/","title":{"rendered":"CREATE WITH PASSION D2201 Semi-Mechanical Series Rocket with 2166 Pieces"},"content":{"rendered":"<div>\u2705CREATE WITH PASSION D2201 Semi-Mechanical Series Rocket<\/p>\n<p>\u2705 A semi-mechanical series rocket combines aspects of both traditional chemical propulsion systems and mechanical components to achieve propulsion in space. &nbsp; Like traditional rockets, a semi-mechanical series rocket would likely use chemical propulsion for its primary thrust. This involves burning fuel and oxidizer in a combustion chamber to produce high-pressure exhaust gases that propel the rocket forward.&nbsp;<\/p>\n<p>\ud83d\udeab QUAN TR\u1eccNG!<\/p>\n<p>Product Name: Semi-Mechanical Series Rocket<\/p>\n<p>Th\u1ec3 lo\u1ea1i: Kh\u00f4ng gian<\/p>\n<p>This Kit Contains: CREATE WITH PASSION D2201&nbsp;<\/p>\n<p>2166 pcs Good Quality Bricks<\/p>\n<p>H\u01b0\u1edbng d\u1eabn th\u1ee7 c\u00f4ng<\/p>\n<p>\ud83d\udcccB\u1ea3n ch\u1ea5t c\u1ee7a nh\u00e2n v\u1eadt ch\u00ednh<\/p>\n<p>Introducing our proud collection named \u201cSemi-Mechanical Series Rocket\u201d you should not miss.<\/p>\n<p>&nbsp;Semi-mechanical series rockets could have a range of applications in space exploration, satellite deployment, and scientific missions. &nbsp; For example, they could be used for deploying and servicing satellites, assembling structures or habitats in space, or conducting experiments or observations that require precise positioning or manipulation. &nbsp; By combining the power of chemical propulsion with the versatility of mechanical systems, semi-mechanical series rockets could open up new possibilities for space exploration and utilization.&nbsp;<\/p><\/div>","protected":false},"excerpt":{"rendered":"<p>Brand: CREATE WITH PASSION<br \/>\nGi\u1edbi t\u00ednh: Unisex<br \/>\n\u0110\u1ed9 tu\u1ed5i: &gt; 14 tu\u1ed5i<br \/>\nModel Number: D2201<br \/>\nPh\u00e2n lo\u1ea1i: T\u1eadp h\u1ee3p<br \/>\nH\u00ecnh d\u1ea1ng kh\u1ed1i nh\u1ef1a: G\u1ea1ch t\u1ef1 kh\u00f3a<br \/>\nCh\u1ea5t li\u1ec7u: Nh\u1ef1a<br \/>\nLo\u1ea1i nh\u1ef1a: ABS<br \/>\nBricks Blocks: 2166 +<br \/>\nKh\u00f4ng c\u00f3 h\u1ed9p ban \u0111\u1ea7u<br \/>\nS\u1ea3n ph\u1ea9m kh\u00f4ng bao g\u1ed3m STICKER v\u00e0 IN IN. T\u1ea5t c\u1ea3 c\u00e1c b\u1ed9 ph\u1eadn \u0111\u00e3 in s\u1ebd \u0111\u01b0\u1ee3c thay th\u1ebf b\u1eb1ng c\u00e1c b\u1ed9 ph\u1eadn ti\u00eau chu\u1ea9n v\u00e0 kh\u00f4ng \u0103n nh\u1eadp v\u1edbi c\u00e1c ph\u1ee5 ki\u1ec7n c\u1ee7a b\u00ean th\u1ee9 3.<\/p>","protected":false},"featured_media":59611,"comment_status":"open","ping_status":"closed","template":"","meta":{"_acf_changed":false},"product_cat":[1357,364],"product_tag":[7345,8162,13024,389],"class_list":["product","first","instock","shipping-taxable","purchasable","product-type-simple"],"acf":[],"_links":{"self":[{"href":"https:\/\/mouldking.store\/vi\/wp-json\/wp\/v2\/product\/59612","targetHints":{"allow":["GET"]}}],"collection":[{"href":"https:\/\/mouldking.store\/vi\/wp-json\/wp\/v2\/product"}],"about":[{"href":"https:\/\/mouldking.store\/vi\/wp-json\/wp\/v2\/types\/product"}],"replies":[{"embeddable":true,"href":"https:\/\/mouldking.store\/vi\/wp-json\/wp\/v2\/comments?post=59612"}],"wp:featuredmedia":[{"embeddable":true,"href":"https:\/\/mouldking.store\/vi\/wp-json\/wp\/v2\/media\/59611"}],"wp:attachment":[{"href":"https:\/\/mouldking.store\/vi\/wp-json\/wp\/v2\/media?parent=59612"}],"wp:term":[{"taxonomy":"product_cat","embeddable":true,"href":"https:\/\/mouldking.store\/vi\/wp-json\/wp\/v2\/product_cat?post=59612"},{"taxonomy":"product_tag","embeddable":true,"href":"https:\/\/mouldking.store\/vi\/wp-json\/wp\/v2\/product_tag?post=59612"}],"curies":[{"name":"wp","href":"https:\/\/api.w.org\/{rel}","templated":true}]}}