{"id":59625,"date":"2024-06-10T18:44:29","date_gmt":"2024-06-10T11:44:29","guid":{"rendered":"https:\/\/mouldking.store\/shop\/mould-king-12030-the-general-with-motor-with-977-pieces\/"},"modified":"2024-06-10T18:44:44","modified_gmt":"2024-06-10T11:44:44","slug":"mould-king-12030-the-general-with-motor-with-977-pieces","status":"publish","type":"product","link":"https:\/\/mouldking.store\/vi\/shop\/mould-king-12030-the-general-with-motor-with-977-pieces\/","title":{"rendered":"MOULD KING 12030 The General With Motor with 977 Pieces"},"content":{"rendered":"<div>\u2705MouldKing 12030 The General With Motor<\/p>\n<p>\u2705 &#8220;The General&#8221; is a famous locomotive engine with a rich history, particularly known for its role in the American Civil War.&nbsp; &#8220;The General&#8221; was a steam locomotive used in the Western &amp; Atlantic Railroad (W&amp;A) during the Civil War era. It gained fame during the Great Locomotive Chase of 1862, an event that occurred during the Civil War.&nbsp;<\/p>\n<p>\ud83d\udeab QUAN TR\u1eccNG!<\/p>\n<p>Product Name: The General With Motor<\/p>\n<p>Danh m\u1ee5c: K\u1ef9 thu\u1eadt<\/p>\n<p>This Kit Contains: MouldKing 12030<\/p>\n<p>977 pcs Good Quality Bricks<\/p>\n<p>Size: 36.2 \u00d7 6.5 \u00d7 9.6 cm<\/p>\n<p>H\u01b0\u1edbng d\u1eabn th\u1ee7 c\u00f4ng<\/p>\n<p>\ud83d\udcccB\u1ea3n ch\u1ea5t c\u1ee7a nh\u00e2n v\u1eadt ch\u00ednh<\/p>\n<p>Introducing our proud collection named \u201cThe General With Motor\u201d you should not miss.<\/p>\n<p>&nbsp;On April 12, 1862, Union spies, led by James J. Andrews, commandeered &#8220;The General&#8221; in an attempt to disrupt Confederate supply lines by destroying tracks and telegraph lines. The locomotive was pursued by a group of Confederate soldiers, including conductor William Fuller, who pursued it by foot, handcar, and eventually by commandeering another locomotive, &#8220;The Texas.&#8221; &nbsp; After a dramatic chase spanning miles of track, &#8220;The General&#8221; ran out of fuel and water, and Andrews and his men were captured. Most of the Union spies were executed, while some managed to escape or were later exchanged as prisoners of war. &nbsp; &#8220;The General&#8221; was eventually returned to service and continued to operate on the Western &amp; Atlantic Railroad until it was retired in 1891. It was later restored and preserved as a historic artifact, eventually becoming part of the collection at the Southern Museum of Civil War and Locomotive History in Kennesaw, Georgia.&nbsp;<\/p><\/div>","protected":false},"excerpt":{"rendered":"<p>Th\u01b0\u01a1ng hi\u1ec7u: VUA KHU\u00d4N<br \/>\nGi\u1edbi t\u00ednh: Unisex<br \/>\n\u0110\u1ed9 tu\u1ed5i: &gt; 14 tu\u1ed5i<br \/>\nModel Number: 12030<br \/>\nPh\u00e2n lo\u1ea1i: T\u1eadp h\u1ee3p<br \/>\nH\u00ecnh d\u1ea1ng kh\u1ed1i nh\u1ef1a: G\u1ea1ch t\u1ef1 kh\u00f3a<br \/>\nCh\u1ea5t li\u1ec7u: Nh\u1ef1a<br \/>\nLo\u1ea1i nh\u1ef1a: ABS<br \/>\nBricks Blocks: 977 +<br \/>\nKh\u00f4ng c\u00f3 h\u1ed9p ban \u0111\u1ea7u<br \/>\nS\u1ea3n ph\u1ea9m kh\u00f4ng bao g\u1ed3m STICKER v\u00e0 IN IN. T\u1ea5t c\u1ea3 c\u00e1c b\u1ed9 ph\u1eadn \u0111\u00e3 in s\u1ebd \u0111\u01b0\u1ee3c thay th\u1ebf b\u1eb1ng c\u00e1c b\u1ed9 ph\u1eadn ti\u00eau chu\u1ea9n v\u00e0 kh\u00f4ng \u0103n nh\u1eadp v\u1edbi c\u00e1c ph\u1ee5 ki\u1ec7n c\u1ee7a b\u00ean th\u1ee9 3.<\/p>","protected":false},"featured_media":59624,"comment_status":"open","ping_status":"closed","template":"","meta":{"_acf_changed":false},"product_cat":[1357,364],"product_tag":[11333,482,389,300],"class_list":["product","first","instock","shipping-taxable","purchasable","product-type-simple"],"acf":[],"_links":{"self":[{"href":"https:\/\/mouldking.store\/vi\/wp-json\/wp\/v2\/product\/59625","targetHints":{"allow":["GET"]}}],"collection":[{"href":"https:\/\/mouldking.store\/vi\/wp-json\/wp\/v2\/product"}],"about":[{"href":"https:\/\/mouldking.store\/vi\/wp-json\/wp\/v2\/types\/product"}],"replies":[{"embeddable":true,"href":"https:\/\/mouldking.store\/vi\/wp-json\/wp\/v2\/comments?post=59625"}],"wp:featuredmedia":[{"embeddable":true,"href":"https:\/\/mouldking.store\/vi\/wp-json\/wp\/v2\/media\/59624"}],"wp:attachment":[{"href":"https:\/\/mouldking.store\/vi\/wp-json\/wp\/v2\/media?parent=59625"}],"wp:term":[{"taxonomy":"product_cat","embeddable":true,"href":"https:\/\/mouldking.store\/vi\/wp-json\/wp\/v2\/product_cat?post=59625"},{"taxonomy":"product_tag","embeddable":true,"href":"https:\/\/mouldking.store\/vi\/wp-json\/wp\/v2\/product_tag?post=59625"}],"curies":[{"name":"wp","href":"https:\/\/api.w.org\/{rel}","templated":true}]}}