{"id":59643,"date":"2024-06-10T18:46:41","date_gmt":"2024-06-10T11:46:41","guid":{"rendered":"https:\/\/mouldking.store\/shop\/kalos-blocks-81003-chinese-traditional-dai-folk-houses-with-392-pieces\/"},"modified":"2024-06-10T18:46:44","modified_gmt":"2024-06-10T11:46:44","slug":"kalos-blocks-81003-chinese-traditional-dai-folk-houses-with-392-pieces","status":"publish","type":"product","link":"https:\/\/mouldking.store\/vi\/shop\/kalos-blocks-81003-chinese-traditional-dai-folk-houses-with-392-pieces\/","title":{"rendered":"KALOS BLOCKS 81003 Chinese Traditional Dai Folk Houses with 392 Pieces"},"content":{"rendered":"<div>\u2705Kalos 81003 Chinese Traditional Dai Folk Houses<\/p>\n<p>\u2705 The traditional dwellings of the Dai people, an ethnic group mainly residing in the tropical regions of southwestern China, particularly in Yunnan province, reflect their unique cultural heritage and environmental adaptation.&nbsp;<\/p>\n<p>\ud83d\udeab QUAN TR\u1eccNG!<\/p>\n<p>Product Name: Chinese Traditional Dai Folk Houses<\/p>\n<p>Category: Modular Buildings<\/p><\/div>\n<div>This Kit Contains: Kalos 81003<\/p>\n<p>392 pcs Good Quality Bricks<\/p>\n<p>Size: 14.4 \u00d7 13.1 \u00d7 10.9 cm<\/p>\n<p>H\u01b0\u1edbng d\u1eabn th\u1ee7 c\u00f4ng<\/p>\n<p>\ud83d\udcccB\u1ea3n ch\u1ea5t c\u1ee7a nh\u00e2n v\u1eadt ch\u00ednh<\/p>\n<p>Introducing our proud collection named \u201cChinese Traditional Dai Folk Houses\u201d you should not miss.<\/p>\n<p>The traditional dwellings of the Dai people are not just structures; they are a tangible expression of the Dai&#8217;s cultural identity, values, and way of life. As symbols of resilience and cultural heritage, these unique dwellings continue to inspire admiration and reverence, serving as a reminder of the rich diversity of China&#8217;s ethnic minority groups.<\/p><\/div>","protected":false},"excerpt":{"rendered":"<p>Brand: KALOS BLOCKS<br \/>\nGi\u1edbi t\u00ednh: Unisex<br \/>\n\u0110\u1ed9 tu\u1ed5i: &gt; 6 tu\u1ed5i<br \/>\nModel Number: 81003<br \/>\nPh\u00e2n lo\u1ea1i: T\u1eadp h\u1ee3p<br \/>\nH\u00ecnh d\u1ea1ng kh\u1ed1i nh\u1ef1a: G\u1ea1ch t\u1ef1 kh\u00f3a<br \/>\nCh\u1ea5t li\u1ec7u: Nh\u1ef1a<br \/>\nLo\u1ea1i nh\u1ef1a: ABS<br \/>\nBricks Blocks: 392 +<br \/>\nKh\u00f4ng c\u00f3 h\u1ed9p ban \u0111\u1ea7u<br \/>\nS\u1ea3n ph\u1ea9m kh\u00f4ng bao g\u1ed3m STICKER v\u00e0 IN IN. T\u1ea5t c\u1ea3 c\u00e1c b\u1ed9 ph\u1eadn \u0111\u00e3 in s\u1ebd \u0111\u01b0\u1ee3c thay th\u1ebf b\u1eb1ng c\u00e1c b\u1ed9 ph\u1eadn ti\u00eau chu\u1ea9n v\u00e0 kh\u00f4ng \u0103n nh\u1eadp v\u1edbi c\u00e1c ph\u1ee5 ki\u1ec7n c\u1ee7a b\u00ean th\u1ee9 3.<\/p>","protected":false},"featured_media":59642,"comment_status":"open","ping_status":"closed","template":"","meta":{"_acf_changed":false},"product_cat":[1395,1502,390],"product_tag":[11244,6462,4883,2318,5679,392,13431,11074],"class_list":["product","first","instock","shipping-taxable","purchasable","product-type-simple"],"acf":[],"_links":{"self":[{"href":"https:\/\/mouldking.store\/vi\/wp-json\/wp\/v2\/product\/59643","targetHints":{"allow":["GET"]}}],"collection":[{"href":"https:\/\/mouldking.store\/vi\/wp-json\/wp\/v2\/product"}],"about":[{"href":"https:\/\/mouldking.store\/vi\/wp-json\/wp\/v2\/types\/product"}],"replies":[{"embeddable":true,"href":"https:\/\/mouldking.store\/vi\/wp-json\/wp\/v2\/comments?post=59643"}],"wp:featuredmedia":[{"embeddable":true,"href":"https:\/\/mouldking.store\/vi\/wp-json\/wp\/v2\/media\/59642"}],"wp:attachment":[{"href":"https:\/\/mouldking.store\/vi\/wp-json\/wp\/v2\/media?parent=59643"}],"wp:term":[{"taxonomy":"product_cat","embeddable":true,"href":"https:\/\/mouldking.store\/vi\/wp-json\/wp\/v2\/product_cat?post=59643"},{"taxonomy":"product_tag","embeddable":true,"href":"https:\/\/mouldking.store\/vi\/wp-json\/wp\/v2\/product_tag?post=59643"}],"curies":[{"name":"wp","href":"https:\/\/api.w.org\/{rel}","templated":true}]}}