{"id":59657,"date":"2024-06-11T18:20:02","date_gmt":"2024-06-11T11:20:02","guid":{"rendered":"https:\/\/mouldking.store\/shop\/dk-7031-dragon-and-treasure-guarding-the-witch-tower-with-927-pieces\/"},"modified":"2024-06-11T18:20:11","modified_gmt":"2024-06-11T11:20:11","slug":"dk-7031-dragon-and-treasure-guarding-the-witch-tower-with-927-pieces","status":"publish","type":"product","link":"https:\/\/mouldking.store\/vi\/shop\/dk-7031-dragon-and-treasure-guarding-the-witch-tower-with-927-pieces\/","title":{"rendered":"DK 7031 Dragon and Treasure Guarding the Witch Tower with 927 Pieces"},"content":{"rendered":"<div>\u2705DK 7031 Dragon and Treasure Guarding the Witch Tower<\/p>\n<p>\u2705 &#8220;Dragon and Treasure Guarding the Witch Tower&#8221; conjures an exciting image of a fantasy setting filled with adventure, danger, and mystery. In this scenario, players might find themselves in a rich narrative or a game environment where their goal is to overcome challenges to reach the witch&#8217;s tower, guarded fiercely by a dragon and brimming with hidden treasures.&nbsp;<\/p>\n<p>\ud83d\udeab QUAN TR\u1eccNG!<\/p>\n<p>Product Name: Dragon and Treasure Guarding the Witch Tower<\/p>\n<p>Th\u1ec3 lo\u1ea1i: Phim&nbsp;<\/p>\n<p>This Kit Contains: DK 7031&nbsp;<\/p>\n<p>927 pcs Good Quality Bricks<\/p>\n<p>Size: 20.5 \u00d7 14.5 \u00d7 28.5 cm<\/p>\n<p>H\u01b0\u1edbng d\u1eabn th\u1ee7 c\u00f4ng<\/p>\n<p>\ud83d\udcccB\u1ea3n ch\u1ea5t c\u1ee7a nh\u00e2n v\u1eadt ch\u00ednh<\/p>\n<p>Introducing our proud collection named \u201cDragon and Treasure Guarding the Witch Tower\u201d you should not miss.<\/p>\n<p>&nbsp;The Witch Tower stands tall and ominous at the heart of a mystical land. Surrounded by enchanted forests and treacherous terrain, it is said to be the lair of an ancient and powerful witch. Legends speak of unimaginable treasures hidden within, guarded by a fearsome dragon. The tower&#8217;s dark silhouette against the sky serves as both a beacon for adventurers seeking glory and a warning to those who fear the witch&#8217;s wrath.&nbsp;<\/p><\/div>","protected":false},"excerpt":{"rendered":"<p>Th\u01b0\u01a1ng hi\u1ec7u: \u0110K<br \/>\nGi\u1edbi t\u00ednh: Unisex<br \/>\n\u0110\u1ed9 tu\u1ed5i: &gt; 8 tu\u1ed5i<br \/>\nModel Number: 7031<br \/>\nPh\u00e2n lo\u1ea1i: T\u1eadp h\u1ee3p<br \/>\nH\u00ecnh d\u1ea1ng kh\u1ed1i nh\u1ef1a: G\u1ea1ch t\u1ef1 kh\u00f3a<br \/>\nCh\u1ea5t li\u1ec7u: Nh\u1ef1a<br \/>\nLo\u1ea1i nh\u1ef1a: ABS<br \/>\nBricks Blocks: 927 +<br \/>\nKh\u00f4ng c\u00f3 h\u1ed9p ban \u0111\u1ea7u<br \/>\nS\u1ea3n ph\u1ea9m kh\u00f4ng bao g\u1ed3m STICKER v\u00e0 IN IN. T\u1ea5t c\u1ea3 c\u00e1c b\u1ed9 ph\u1eadn \u0111\u00e3 in s\u1ebd \u0111\u01b0\u1ee3c thay th\u1ebf b\u1eb1ng c\u00e1c b\u1ed9 ph\u1eadn ti\u00eau chu\u1ea9n v\u00e0 kh\u00f4ng \u0103n nh\u1eadp v\u1edbi c\u00e1c ph\u1ee5 ki\u1ec7n c\u1ee7a b\u00ean th\u1ee9 3.<\/p>","protected":false},"featured_media":59656,"comment_status":"open","ping_status":"closed","template":"","meta":{"_acf_changed":false},"product_cat":[1365,371,581,1408],"product_tag":[11072,8452,1771,434,2302,12952,11163],"class_list":["product","first","instock","shipping-taxable","purchasable","product-type-simple"],"acf":[],"_links":{"self":[{"href":"https:\/\/mouldking.store\/vi\/wp-json\/wp\/v2\/product\/59657","targetHints":{"allow":["GET"]}}],"collection":[{"href":"https:\/\/mouldking.store\/vi\/wp-json\/wp\/v2\/product"}],"about":[{"href":"https:\/\/mouldking.store\/vi\/wp-json\/wp\/v2\/types\/product"}],"replies":[{"embeddable":true,"href":"https:\/\/mouldking.store\/vi\/wp-json\/wp\/v2\/comments?post=59657"}],"wp:featuredmedia":[{"embeddable":true,"href":"https:\/\/mouldking.store\/vi\/wp-json\/wp\/v2\/media\/59656"}],"wp:attachment":[{"href":"https:\/\/mouldking.store\/vi\/wp-json\/wp\/v2\/media?parent=59657"}],"wp:term":[{"taxonomy":"product_cat","embeddable":true,"href":"https:\/\/mouldking.store\/vi\/wp-json\/wp\/v2\/product_cat?post=59657"},{"taxonomy":"product_tag","embeddable":true,"href":"https:\/\/mouldking.store\/vi\/wp-json\/wp\/v2\/product_tag?post=59657"}],"curies":[{"name":"wp","href":"https:\/\/api.w.org\/{rel}","templated":true}]}}